{"id":742920,"date":"2025-03-07T16:04:45","date_gmt":"2025-03-07T15:04:45","guid":{"rendered":"https:\/\/schuhewiebarfuss.at\/shop\/produkt\/shockie\/"},"modified":"2026-04-17T18:40:30","modified_gmt":"2026-04-17T16:40:30","slug":"shockie","status":"publish","type":"product","link":"https:\/\/schuhewiebarfuss.at\/shop\/produkt\/shockie\/","title":{"rendered":"Shockie"},"content":{"rendered":"<p>Gehen, rennen, springen, trainieren, reisen &#8211; in absoluter Freiheit. Die UYN\u00ae SHOCKIE sind die ultimativen Schuhsocken, die dich \u00fcberall und jederzeit begleiten. Sie umh\u00fcllen deinen Fu\u00df wie eine Socke mit dem \u00fcberragenden Komfort reiner Merinowolle und bieten dank der speziellen Grippy Connect-Sohle Schutz und Halt wie in einem Schuh.<\/p>\n<p>Sie sind ultraleicht und minimalistisch und k\u00f6nnen auf jedem Untergrund verwendet werden: Heim- oder Fitnessstudioboden, Asphalt, Rasen, Weg, Sand. Und wenn du sie nicht tr\u00e4gst, kannst du sie problemlos in deiner Tasche oder deinem Rucksack verstauen. UYN SHOCKIE-Schuhe sind immer dabei. <\/p>\n<p>Merkmale der UYN Shockie Schuhe<\/p>\n<p>    Die Null-Naht-Struktur respektiert die nat\u00fcrliche Form des Fu\u00dfes. Das Ergebnis ist maximale Bewegungsfreiheit ohne Einengung.<\/p>\n<p>    Die Manschette und der Kn\u00f6chel sind so konzipiert, dass sie auch bei dynamischsten Aktivit\u00e4ten den richtigen Halt und Halt bieten.<\/p>\n<p>    Extrafeine Merinowolle h\u00e4lt den Fu\u00df k\u00fchl, wenn es hei\u00df ist, und w\u00e4rmt ihn, wenn es kalt ist. Es verhindert Schwei\u00df und Geruch auf ganz nat\u00fcrliche Weise.<\/p>\n<p>    Die 5-Millimeter-Grippy-Connect-Sohle sorgt dank der por\u00f6sen Struktur mit Profilen an den Kontaktpunkten f\u00fcr Fu\u00dfschutz, Sto\u00dfd\u00e4mpfung und optimale Traktion auf jedem Untergrund.<\/p>\n<p>    Keine Einlegesohle f\u00fcr ein einzigartiges Gef\u00fchl der Bodenhaftung<\/p>\n<p>    Aufrollbares Design: Du kannst deine Shockie Shoes aufrollen, wenn du sie nicht verwendest. Sie nehmen sehr wenig Platz ein und passen perfekt in deinen Rucksack.<\/p>\n<p>Materialdetails:<\/p>\n<p>Obermaterial: Merinowolle (100%Textil)<br \/>\nInnenfutter: Merinowolle (100%Textil)<br \/>\nSohle: Grippy-Connect-Sohle<br \/>\nInnensohle: keine, nicht herausnehmbar<br \/>\nAbsatz: Nullabsatz, keine H\u00f6hendifferenz zwischen Ferse und Vorderfu\u00df<br \/>\nVerschluss: Schl\u00fcpfer<br \/>\nMaterialhinweis: biobasierte Materialien<br \/>\nEinsatzbereiche: Freizeit, Sport, Reisen<br \/>\nPassform: Fallen normal aus<br \/>\nHergestellt in Italien und Bosnien<\/p>\n<p>Pflegehinweis:<\/p>\n<p>Der Beemotion ist waschbar bei 30\u00b0C (Hand oder auch Maschine), am besten w\u00e4re allerdings nur Handw\u00e4sche. Bitte nur Lufttrocknen (kein W\u00e4schetrockner, nicht b\u00fcgeln).<br \/>\nVerwenden sie keine s\u00e4urehaltigen oder \u00e4tzende chemische Reiniger oder Bleichmittel, dies k\u00f6nnte zu Sch\u00e4den am Material f\u00fchren.<\/p>\n<p>Innensohle &#8211; L\u00e4nge\/Breite (mm):<\/p>\n<p>Gr\u00f6\u00dfe: 36 &#8211; L\u00e4nge: 235 mm<br \/>\nGr\u00f6\u00dfe: 37 &#8211; L\u00e4nge: 242 mm<br \/>\nGr\u00f6\u00dfe: 38 &#8211; L\u00e4nge: 248 mm<br \/>\nGr\u00f6\u00dfe: 39 &#8211; L\u00e4nge: 255 mm<br \/>\nGr\u00f6\u00dfe: 40 &#8211; L\u00e4nge: 262 mm<br \/>\nGr\u00f6\u00dfe: 41 &#8211; L\u00e4nge: 268 mm<br \/>\nGr\u00f6\u00dfe: 42 &#8211; L\u00e4nge: 275 mm<br \/>\nGr\u00f6\u00dfe: 43 &#8211; L\u00e4nge: 282 mm<br \/>\nGr\u00f6\u00dfe: 44 &#8211; L\u00e4nge: 288 mm<br \/>\nGr\u00f6\u00dfe: 45 &#8211; L\u00e4nge: 295 mm<\/p>\n<p><b>Audio-Beschreibung<\/b><br \/><audio controls src=\"https:\/\/schuhewiebarfuss.at\/shop\/wp-content\/uploads\/lk\/9625_audio.wav\"><br \/>\n                                            Ihr Browser unterst\u00fctzt diese Audio-Ausgabe leider nicht.<br \/>\n                                            <\/ audio ><\/p>\n","protected":false},"excerpt":{"rendered":"<p>UYN SHOCKIE &#8211; Bequem wie Socken, griffig wie Schuhe! <\/p>\n<p>Die ultra-minimalistischen Schuhe f\u00fcr ultra-nat\u00fcrliche Bewegung.<\/p>\n<p>Obermaterial: 100%Textil<br \/>\nInnenfutter: 100%Textil<br \/>\nSohle: Grippy-Connect<br \/>\nInnensohle: keine<br \/>\nAbsatz: Nullabsatz<br \/>\nVerschluss: Schl\u00fcpfer<br \/>\nEinsatzbereiche: Freizeit, Sport, Reisen<br \/>\nPassform: Fallen normal aus<\/p>\n","protected":false},"featured_media":769298,"comment_status":"open","ping_status":"closed","template":"","meta":[],"product_brand":[],"product_cat":[853],"product_tag":[1371,1408,1362,1368,1373,1374,1375,1376,1377,1378,1379,1380,3035,1382],"class_list":{"0":"post-742920","1":"product","2":"type-product","3":"status-publish","4":"has-post-thumbnail","6":"product_cat-sport-2","7":"product_tag-farbe-grau","8":"product_tag-farbe-schwarz","9":"product_tag-groesse-36","10":"product_tag-groesse-37","11":"product_tag-groesse-38","12":"product_tag-groesse-39","13":"product_tag-groesse-40","14":"product_tag-groesse-41","15":"product_tag-groesse-42","16":"product_tag-groesse-43","17":"product_tag-groesse-44","18":"product_tag-groesse-45","19":"product_tag-marke-uyn","20":"product_tag-neu","22":"first","23":"instock","24":"taxable","25":"shipping-taxable","26":"purchasable","27":"product-type-variable"},"_links":{"self":[{"href":"https:\/\/schuhewiebarfuss.at\/shop\/wp-json\/wp\/v2\/product\/742920","targetHints":{"allow":["GET"]}}],"collection":[{"href":"https:\/\/schuhewiebarfuss.at\/shop\/wp-json\/wp\/v2\/product"}],"about":[{"href":"https:\/\/schuhewiebarfuss.at\/shop\/wp-json\/wp\/v2\/types\/product"}],"replies":[{"embeddable":true,"href":"https:\/\/schuhewiebarfuss.at\/shop\/wp-json\/wp\/v2\/comments?post=742920"}],"wp:featuredmedia":[{"embeddable":true,"href":"https:\/\/schuhewiebarfuss.at\/shop\/wp-json\/wp\/v2\/media\/769298"}],"wp:attachment":[{"href":"https:\/\/schuhewiebarfuss.at\/shop\/wp-json\/wp\/v2\/media?parent=742920"}],"wp:term":[{"taxonomy":"product_brand","embeddable":true,"href":"https:\/\/schuhewiebarfuss.at\/shop\/wp-json\/wp\/v2\/product_brand?post=742920"},{"taxonomy":"product_cat","embeddable":true,"href":"https:\/\/schuhewiebarfuss.at\/shop\/wp-json\/wp\/v2\/product_cat?post=742920"},{"taxonomy":"product_tag","embeddable":true,"href":"https:\/\/schuhewiebarfuss.at\/shop\/wp-json\/wp\/v2\/product_tag?post=742920"}],"curies":[{"name":"wp","href":"https:\/\/api.w.org\/{rel}","templated":true}]}}