{"id":742918,"date":"2025-03-07T15:40:48","date_gmt":"2025-03-07T14:40:48","guid":{"rendered":"https:\/\/schuhewiebarfuss.at\/shop\/produkt\/beemotion\/"},"modified":"2026-04-11T17:31:42","modified_gmt":"2026-04-11T15:31:42","slug":"beemotion","status":"publish","type":"product","link":"https:\/\/schuhewiebarfuss.at\/shop\/produkt\/beemotion\/","title":{"rendered":"Beemotion"},"content":{"rendered":"<p>Beemotion ist der neue Schuh, der in AREAS entworfen und hergestellt wird und nat\u00fcrliche Materialien f\u00fcr den vollen Kontakt mit der Natur verwendet. Ecolypt und Wabenstruktur sorgen f\u00fcr Atmungsaktivit\u00e4t, W\u00e4rmeregulierung und Passform. Die Vibram-Sohle in Kombination mit Biomaterialien sorgt f\u00fcr ein Gehen, das eine Entspannung der Knochen und Sehnen bietet, die ein klassischer Schuh normalerweise nicht bietet. Ideal f\u00fcr alle, die in verschiedenen Situationen Komfort suchen, wie nach einer langen Wanderung in den Bergen, w\u00e4hrend einer Reise, nach einer sportlichen Aktivit\u00e4t, bei Yoga-, Fitness- oder Fitnessstudioaktivit\u00e4ten oder bei Spazierg\u00e4ngen am Strand oder f\u00fcr alle, die auf einem Boot Schuhe brauchen.<\/p>\n<p>Materialdetails:<\/p>\n<p>Obermaterial: Naturfaser aus Eukalyptusholz (100%Textil)<br \/>\nInnenfutter: Naturfaser aus Eukalyptusholz (100%Textil)<br \/>\nSohle: biobasierter Kautschuk (Vibram)<br \/>\nInnensohle: keine, nicht herausnehmbar<br \/>\nAbsatz: Nullabsatz, keine H\u00f6hendifferenz zwischen Ferse und Vorderfu\u00df<br \/>\nVerschluss: Schl\u00fcpfer<br \/>\nBesonderheiten: Honeycell Structure<br \/>\nMaterialhinweis: biobasierte Materialien<br \/>\nEinsatzbereiche: Freizeit, Sport, Reisen<br \/>\nPassform: Fallen sehr gro\u00df aus, bitte eine Nummer kleiner bestellen.<br \/>\nHergestellt in Italien und Bosnien<\/p>\n<p>&#8211; Honeycell Structure: Insipiration aus der Bienenarbeit &#8211; Mesh, das f\u00fcr Atmungsaktivit\u00e4t, W\u00e4rmeregulierung und Passform sorgt. Erm\u00f6glicht Erholungsfunktion.<\/p>\n<p>&#8211; Vibram Barefoot Sole: Die aus biobasiertem Kautschuk hergestellte UYN Beemotion-Sohle, entwickelt mit Vibrams Expertise, f\u00f6rdert nat\u00fcrliches Gehen, bietet sicheren Halt auf allen Oberfl\u00e4chen und sorgt f\u00fcr Entspannung von Knochen und   Sehnen, um eine optimale Erholung zu gew\u00e4hrleisten.<\/p>\n<p>&#8211; Ecolypt: Nachhaltige Naturfaser aus Eukalyptusholz mit hoher Elastizit\u00e4t und Feuchtigkeitsaufnahme. Temperaturregulierend und geruchshemmend.<\/p>\n<p>Pflegehinweis:<\/p>\n<p>Der Beemotion ist waschbar bei 30\u00b0C (Hand oder auch Maschine), am besten w\u00e4re allerdings nur Handw\u00e4sche. Bitte nur Lufttrocknen (kein W\u00e4schetrockner, nicht b\u00fcgeln).<br \/>\nVerwenden sie keine s\u00e4urehaltigen oder \u00e4tzende chemische Reiniger oder Bleichmittel, dies k\u00f6nnte zu Sch\u00e4den am Material f\u00fchren.<\/p>\n<p>Innensohle &#8211; L\u00e4nge (mm):<\/p>\n<p>Gr\u00f6\u00dfe: 36 &#8211; L\u00e4nge: 240 mm<br \/>\nGr\u00f6\u00dfe: 37 &#8211; L\u00e4nge: 247 mm<br \/>\nGr\u00f6\u00dfe: 38 &#8211; L\u00e4nge: 254 mm<br \/>\nGr\u00f6\u00dfe: 39 &#8211; L\u00e4nge: 261 mm<br \/>\nGr\u00f6\u00dfe: 40 &#8211; L\u00e4nge: 268 mm<br \/>\nGr\u00f6\u00dfe: 41 &#8211; L\u00e4nge: 275 mm<br \/>\nGr\u00f6\u00dfe: 42 &#8211; L\u00e4nge: 282 mm<br \/>\nGr\u00f6\u00dfe: 43 &#8211; L\u00e4nge: 296 mm<br \/>\nGr\u00f6\u00dfe: 44 &#8211; L\u00e4nge: 303 mm<br \/>\nGr\u00f6\u00dfe: 45 &#8211; L\u00e4nge: 295 mm<\/p>\n<p><b>Audio-Beschreibung<\/b><br \/><audio controls src=\"https:\/\/schuhewiebarfuss.at\/shop\/wp-content\/uploads\/lk\/9624_audio.wav\"><br \/>\n                                            Ihr Browser unterst\u00fctzt diese Audio-Ausgabe leider nicht.<br \/>\n                                            <\/ audio ><\/p>\n","protected":false},"excerpt":{"rendered":"<p>UYN BEEMOTION &#8211; Gehen, laufen, springen, reisen \u2013 erlebe v\u00f6llige Freiheit!<\/p>\n<p>Obermaterial: 100%Textil<br \/>\nInnenfutter: 100%Textil<br \/>\nSohle: Kautschuk (Vibram)<br \/>\nInnensohle: keine<br \/>\nAbsatz: Nullabsatz<br \/>\nVerschluss: Schl\u00fcpfer<br \/>\nEinsatzbereiche: Freizeit, Sport, Reisen<br \/>\nPassform: Fallen sehr gro\u00df aus, bitte eine Nummer kleiner bestellen.<\/p>\n","protected":false},"featured_media":760523,"comment_status":"open","ping_status":"closed","template":"","meta":[],"product_brand":[],"product_cat":[853],"product_tag":[1479,1371,1408,1362,1368,1373,1374,1375,1376,1377,1378,1379,1380,3035,1382],"class_list":{"0":"post-742918","1":"product","2":"type-product","3":"status-publish","4":"has-post-thumbnail","6":"product_cat-sport-2","7":"product_tag-farbe-blau","8":"product_tag-farbe-grau","9":"product_tag-farbe-schwarz","10":"product_tag-groesse-36","11":"product_tag-groesse-37","12":"product_tag-groesse-38","13":"product_tag-groesse-39","14":"product_tag-groesse-40","15":"product_tag-groesse-41","16":"product_tag-groesse-42","17":"product_tag-groesse-43","18":"product_tag-groesse-44","19":"product_tag-groesse-45","20":"product_tag-marke-uyn","21":"product_tag-neu","23":"first","24":"instock","25":"taxable","26":"shipping-taxable","27":"purchasable","28":"product-type-variable"},"_links":{"self":[{"href":"https:\/\/schuhewiebarfuss.at\/shop\/wp-json\/wp\/v2\/product\/742918","targetHints":{"allow":["GET"]}}],"collection":[{"href":"https:\/\/schuhewiebarfuss.at\/shop\/wp-json\/wp\/v2\/product"}],"about":[{"href":"https:\/\/schuhewiebarfuss.at\/shop\/wp-json\/wp\/v2\/types\/product"}],"replies":[{"embeddable":true,"href":"https:\/\/schuhewiebarfuss.at\/shop\/wp-json\/wp\/v2\/comments?post=742918"}],"wp:featuredmedia":[{"embeddable":true,"href":"https:\/\/schuhewiebarfuss.at\/shop\/wp-json\/wp\/v2\/media\/760523"}],"wp:attachment":[{"href":"https:\/\/schuhewiebarfuss.at\/shop\/wp-json\/wp\/v2\/media?parent=742918"}],"wp:term":[{"taxonomy":"product_brand","embeddable":true,"href":"https:\/\/schuhewiebarfuss.at\/shop\/wp-json\/wp\/v2\/product_brand?post=742918"},{"taxonomy":"product_cat","embeddable":true,"href":"https:\/\/schuhewiebarfuss.at\/shop\/wp-json\/wp\/v2\/product_cat?post=742918"},{"taxonomy":"product_tag","embeddable":true,"href":"https:\/\/schuhewiebarfuss.at\/shop\/wp-json\/wp\/v2\/product_tag?post=742918"}],"curies":[{"name":"wp","href":"https:\/\/api.w.org\/{rel}","templated":true}]}}