{"id":732031,"date":"2025-02-14T20:23:42","date_gmt":"2025-02-14T19:23:42","guid":{"rendered":"https:\/\/schuhewiebarfuss.at\/shop\/produkt\/anurafroschstyle\/"},"modified":"2026-04-18T19:06:25","modified_gmt":"2026-04-18T17:06:25","slug":"anurafroschstyle","status":"publish","type":"product","link":"https:\/\/schuhewiebarfuss.at\/shop\/produkt\/anurafroschstyle\/","title":{"rendered":"anurafroschStyle"},"content":{"rendered":"<p>Dein Kind braucht neue Lieblingsschuhe? Dann k\u00f6nnte es mit dem Blifestyle Anura welche gefunden haben! <\/p>\n<p>Der anurafroschSTYLE von bLifestyle ist ein hochwertiger, atmungsaktiver Kindersneaker, der Komfort und Nachhaltigkeit vereint. Mit seinem Mix aus Nappa- und Veloursleder ist dieser Schuh nicht nur praktisch, sondern auch optisch ein Hingucker. Das hochwertige Bio-Nappaleder au\u00dfen und das weiche, pflanzlich gegerbte Bio-Leder innen sorgen f\u00fcr Atmungsaktivit\u00e4t und ein frisches Tragegef\u00fchl. Mit dem sportlichen Sneakerdesign und den farblichen Akzenten macht der Schuh schon beim Anschauen Spa\u00df. Die Feuchtigkeitsregulierende Innensohle aus OnSteam h\u00e4lt die F\u00fc\u00dfe trocken, w\u00e4hrend die flexible Gummilaufsohle aus 60 % synthetischem und 40 % organischem Material guten Halt und Unterst\u00fctzung der nat\u00fcrlichen Bewegungen bietet. Dank des Klettverschlusses l\u00e4sst sich der Sneaker kinderleicht an- und ausziehen. Dieser Sneaker ist wasserabweisend und pflegeleicht und ist gerade auch im Sommer angenehm zu tragen, da es von Natur aus feuchtigkeitsregulierend und atmungsaktiv ist.<\/p>\n<p>Der perfekte Begleiter f\u00fcr Spiel, Spa\u00df und spannende Entdeckungen!<\/p>\n<p>Materialdetails:<\/p>\n<p>Obermaterial: Leder (Mix Nappa- \/ Veloursleder)<br \/>\nInnenfutter: Weiches Bioleder (pflanzlich gegerbt)<br \/>\nSohle: Gummi (60% synth.\/40% organic)<br \/>\nInnensohle: OnSteam (feuchtigkeitsregulierend)<br \/>\nAbsatz: Nullabsatz, keine H\u00f6hendifferenz zwischen Ferse und Vorderfu\u00df<br \/>\nVerschluss: Klettverschluss<br \/>\nSohlendicke: weniger als 6 mm<br \/>\nFu\u00dfform: mittlere Breite, mittlere Spannh\u00f6he, schmal<br \/>\nBesonderheiten: atmungsaktiv, feuchtigkeitsregulierend, wasserabweisend, pflegeleicht<br \/>\nMaterialhinweis: Frei von sch\u00e4dlichen Materialien (gepr\u00fcft!)<br \/>\nHergestellt in Portugal<\/p>\n<p>Barfu\u00dfschuhe aus nachhaltigen Materialien:<\/p>\n<p>Nachhaltigkeit ist f\u00fcr uns kein Marketingtrend. Wir legen gro\u00dfen Wert auf eine \u00f6kologische, faire und nachhaltige Zukunft. Wir wollen nur das Beste f\u00fcr Deine Gesundheit und Deine F\u00fc\u00dfe. Das bedeutet f\u00fcr uns automatisch, dass wir nur nat\u00fcrliche, nachhaltige und qualitativ hochwertige Materialien f\u00fcr unsere Minimalschuhe einsetzen. Dies f\u00e4ngt bei GOTS zertifizierter Bio-Baumwolle an und endet f\u00fcr uns erst mit dem Einsatz von wasserbasiertem Kleber.<\/p>\n<p>Wir verzichten auf chemische Weiterverarbeitung oder Ausbesserungen, somit ist jeder Barfu\u00dfschuh ein handgefertigtes Unikat, welcher die Handschrift des Mitarbeiters \/ der Mitarbeiterin aus Portugal tr\u00e4gt. Fast alle Materialien haben ihren Ursprung in Europa und sind schadstofffrei und entsprechen extrem hohen Standards. <\/p>\n<p>Material &amp; Pflegehinweis:<\/p>\n<p>Bioleder kann gewissen Merkmale wie Insektenstiche, Kratzer oder leichte Farbunterschiede aufweisen, welche aber zum einmaligen und nat\u00fcrlichen Charakter geh\u00f6ren. Jeder einzelne Schuh ist ein handgefertigtes Unikat, welcher die Handschrift des\/der Mitarbeiter*in tr\u00e4gt. Socken k\u00f6nnen sich bei starkem Schwitzen verf\u00e4rben. Um eine lange Haltbarkeit des Bioleders zu gew\u00e4hrleisten, ist ein guter Schutz vor N\u00e4sse und Feuchtigkeit essentiell.<\/p>\n<p>Bitte wasche deinen Schuh nicht in der Waschmaschine und s\u00e4ubere ihn nur mit einem geeigneten Reinigungsmittel. Wir empfehlen die Innensohle regelm\u00e4\u00dfig zum L\u00fcften aus dem Schuh zu nehmen und Staun\u00e4sse somit zu vermeiden. F\u00fcr optimale Produkteigenschaften sollten die Schuhe vor dem ersten Tragen impr\u00e4gniert werden, dies ist vor allem bei Schuhen mit Textilanteil wichtig.<\/p>\n<p>Innensohle &#8211; L\u00e4nge\/Breite (mm):<\/p>\n<p>Gr\u00f6\u00dfe: 22 &#8211; L\u00e4nge: 144 mm &#8211; Breite: 59 mm<br \/>\nGr\u00f6\u00dfe: 23 &#8211; L\u00e4nge: 148 mm &#8211; Breite: 61 mm<br \/>\nGr\u00f6\u00dfe: 24 &#8211; L\u00e4nge: 156 mm &#8211; Breite: 65 mm<br \/>\nGr\u00f6\u00dfe: 25 &#8211; L\u00e4nge: 164 mm &#8211; Breite: 67 mm<br \/>\nGr\u00f6\u00dfe: 26 &#8211; L\u00e4nge: 172 mm &#8211; Breite: 69 mm<\/p>\n<p><b>Audio-Beschreibung<\/b><br \/><audio controls src=\"https:\/\/schuhewiebarfuss.at\/shop\/wp-content\/uploads\/lk\/9614_audio.wav\"><br \/>\n                                            Ihr Browser unterst\u00fctzt diese Audio-Ausgabe leider nicht.<br \/>\n                                            <\/ audio ><\/p>\n","protected":false},"excerpt":{"rendered":"<p>bLifestyle ANURAFROSCHSTYLE Barfu\u00df-Sneaker<\/p>\n<p>Anurafrosch Sneaker \u2013 Der ideale Schuh f\u00fcr kleine Abenteurer!<br \/>\nBarfu\u00df-Kindersneaker aus Bioleder f\u00fcr den Alltag. Egal ob in der Schule, auf dem Spielplatz.<\/p>\n","protected":false},"featured_media":743865,"comment_status":"open","ping_status":"closed","template":"","meta":[],"product_brand":[],"product_cat":[845],"product_tag":[1479,1371,2308,1408,1413,1651,1391,1392,1393,1394,1395,1396,1397,1398,2447],"class_list":{"0":"post-732031","1":"product","2":"type-product","3":"status-publish","4":"has-post-thumbnail","6":"product_cat-lifestyle-1","7":"product_tag-farbe-blau","8":"product_tag-farbe-grau","9":"product_tag-farbe-rosa","10":"product_tag-farbe-schwarz","11":"product_tag-farbe-tuerkis","12":"product_tag-farbe-weiss","13":"product_tag-groesse-22","14":"product_tag-groesse-23","15":"product_tag-groesse-24","16":"product_tag-groesse-25","17":"product_tag-groesse-26","18":"product_tag-groesse-27","19":"product_tag-groesse-28","20":"product_tag-groesse-29","21":"product_tag-marke-blifestyle","23":"first","24":"instock","25":"taxable","26":"shipping-taxable","27":"purchasable","28":"product-type-variable"},"_links":{"self":[{"href":"https:\/\/schuhewiebarfuss.at\/shop\/wp-json\/wp\/v2\/product\/732031","targetHints":{"allow":["GET"]}}],"collection":[{"href":"https:\/\/schuhewiebarfuss.at\/shop\/wp-json\/wp\/v2\/product"}],"about":[{"href":"https:\/\/schuhewiebarfuss.at\/shop\/wp-json\/wp\/v2\/types\/product"}],"replies":[{"embeddable":true,"href":"https:\/\/schuhewiebarfuss.at\/shop\/wp-json\/wp\/v2\/comments?post=732031"}],"wp:featuredmedia":[{"embeddable":true,"href":"https:\/\/schuhewiebarfuss.at\/shop\/wp-json\/wp\/v2\/media\/743865"}],"wp:attachment":[{"href":"https:\/\/schuhewiebarfuss.at\/shop\/wp-json\/wp\/v2\/media?parent=732031"}],"wp:term":[{"taxonomy":"product_brand","embeddable":true,"href":"https:\/\/schuhewiebarfuss.at\/shop\/wp-json\/wp\/v2\/product_brand?post=732031"},{"taxonomy":"product_cat","embeddable":true,"href":"https:\/\/schuhewiebarfuss.at\/shop\/wp-json\/wp\/v2\/product_cat?post=732031"},{"taxonomy":"product_tag","embeddable":true,"href":"https:\/\/schuhewiebarfuss.at\/shop\/wp-json\/wp\/v2\/product_tag?post=732031"}],"curies":[{"name":"wp","href":"https:\/\/api.w.org\/{rel}","templated":true}]}}