{"id":730910,"date":"2025-02-12T18:13:16","date_gmt":"2025-02-12T17:13:16","guid":{"rendered":"https:\/\/schuhewiebarfuss.at\/shop\/produkt\/balducci-cita6902c-braun\/"},"modified":"2026-04-01T23:48:06","modified_gmt":"2026-04-01T21:48:06","slug":"balducci-cita6902c-braun","status":"publish","type":"product","link":"https:\/\/schuhewiebarfuss.at\/shop\/produkt\/balducci-cita6902c-braun\/","title":{"rendered":"Balducci CITA6902C Braun"},"content":{"rendered":"<p>Kletteschuh der italienischen Marke BLADUCCI sind ein perfekter Begleiter. Die coole Marke BALDUCCI aus Italien produziert einzigartige, hochqualitative Kinderschuhe. <\/p>\n<p>Die neue Balducci Soft &#8211; Linie wurde entwickelt, um dem Kind freie Bewegungsm\u00f6glichkeiten zu erm\u00f6glichen und maximale Flexibilit\u00e4t und Drehung der F\u00fc\u00dfe zu erreichen, als ob es barfu\u00df w\u00e4re.<br \/>\nEs entstand aus einer Kombination aus Professionalit\u00e4t und exklusiven Technologien. Maximale Flexibilit\u00e4t und Weichheit sind die beiden Konzepte, auf die sich die Marke Balducci konzentriert, wobei die Prinzipien von Eleganz und Mode unver\u00e4ndert bleiben und ein immer bequemerer und wirkungsvollerer Schuh entsteht, der dabei hilft, kleine Beine gesund wachsen zu lassen.<\/p>\n<p>Der halbhohe Sneaker ist innen und au\u00dfen komplett aus Leder gefertigt und hat einen Doppelklettverschluss, womit das An- und Ausziehen kinderleicht erscheint. Das coole Sneakers-Design ist recht schlicht gehalten, aber werden optisch hier und da durch kleine Details aufgewertet und sind dank s\u00fc\u00dfer Zebra-Applikation im Fersenbereich dennoch verspielt. Auch im Inneren erwartet die F\u00fc\u00dfchen ein atmungsaktives Umfeld, bestehend aus einem Leder-Innenfutter und einer herausnehmbaren Leder-Einlegesohle. Zusammen mit der  flexiblen und super weichen und leichten Gummi-Au\u00dfensohle wird dieses Modell zum komfortablen Begleiter f\u00fcr den \u00dcbergang und milden Sommer.<\/p>\n<p>Materialdetails:<\/p>\n<p>Obermaterial: Leder<br \/>\nInnenfutter: Leder<br \/>\nSohle: Gummi<br \/>\nInnensohle: Leder-Einlegesohle, herausnehmbar<br \/>\nAbsatz: Nullabsatz, keine H\u00f6hendifferenz zwischen Ferse und Vorderfu\u00df<br \/>\nVerschluss: doppelter Klettverschluss<br \/>\nBesonderheiten: flexible Sohle, mit Zebra-Applikation, ergonomische Zehenbox, sehr leicht<br \/>\nHergestellt in Italien<\/p>\n<p>Die Minimalsohle dieses Schuhs ist naturgem\u00e4\u00df sehr d\u00fcnn und generell nicht geeignet f\u00fcr Tretroller, zum Skaten, oder alle anderen Aktivit\u00e4ten, wo der Schuh \u00fcber den Asphalt geschliffen oder anderweitig \u00e4hnlicher starker Reibung ausgesetzt wird.<\/p>\n<p>Nullabsatz bedeutet: die Sohle des Schuhs ist \u00fcberall gleich dick, es gibt kein &#8222;Gef\u00e4lle&#8220;. Das ist gut f\u00fcr die K\u00f6rperhaltung.<\/p>\n<p>Die Sohle ist f\u00fcr das Tragen auf der Stra\u00dfe geeignet.<\/p>\n<p>Der Hersteller konnte uns glaubhaft versichern, da\u00df er faire Arbeitsbedingungen gew\u00e4hrleistet. Das bedeutet: Arbeitsschutzgesetze sowie orts\u00fcbliche faire Bezahlung sind sichergestellt.<\/p>\n<p>Dieser Schuh ist wasserabweisend. Pf\u00fctzenhopsen oder nasse Wiesen sind damit aber nicht ratsam. <\/p>\n<p>Dieses Produkt wird in der EU gefertigt, und das finden wir super! Dieses Produkt wurde in Italien f\u00fcr dich hergestellt.<\/p>\n<p>Pflegehinweise:<\/p>\n<p>Klatschnasse Schuhe grunds\u00e4tzlich nicht direkt auf oder vor der Heizung trocknen! Zu hei\u00dfes Trocknen sch\u00e4digt den Schuh: der Oberschuh kann schrumpfen, die Sohle kann sich l\u00f6sen.<\/p>\n<p>Innensohle &#8211; L\u00e4nge\/Breite (mm):<\/p>\n<p>Gr\u00f6\u00dfe: 21 &#8211; Fu\u00dfl\u00e4nge: 135 mm &#8211; Zehenbreite: 56 mm &#8211; Fersenbreite: 43 mm<br \/>\nGr\u00f6\u00dfe: 22 &#8211; Fu\u00dfl\u00e4nge: 142 mm &#8211; Zehenbreite: 58 mm &#8211; Fersenbreite: 44 mm<br \/>\nGr\u00f6\u00dfe: 23 &#8211; Fu\u00dfl\u00e4nge: 149 mm &#8211; Zehenbreite: 60 mm &#8211; Fersenbreite: 45 mm<br \/>\nGr\u00f6\u00dfe: 24 &#8211; Fu\u00dfl\u00e4nge: 156 mm &#8211; Zehenbreite: 61 mm &#8211; Fersenbreite: 46 mm<br \/>\nGr\u00f6\u00dfe: 25 &#8211; Fu\u00dfl\u00e4nge: 160 mm &#8211; Zehenbreite: 62 mm &#8211; Fersenbreite: 46 mm<br \/>\nGr\u00f6\u00dfe: 26 &#8211; Fu\u00dfl\u00e4nge: 168 mm &#8211; Zehenbreite: 64 mm &#8211; Fersenbreite: 47 mm<\/p>\n<p><b>Audio-Beschreibung<\/b><br \/><audio controls src=\"https:\/\/schuhewiebarfuss.at\/shop\/wp-content\/uploads\/lk\/9610_audio.wav\"><br \/>\n                                            Ihr Browser unterst\u00fctzt diese Audio-Ausgabe leider nicht.<br \/>\n                                            <\/ audio ><\/p>\n","protected":false},"excerpt":{"rendered":"<p>Balducci CITA6902C Sneaker<\/p>\n<p>Sch\u00f6ne Leder-Kindersneaker aus dem sch\u00f6nen Itlaien.<\/p>\n","protected":false},"featured_media":731141,"comment_status":"open","ping_status":"closed","template":"","meta":[],"product_brand":[],"product_cat":[844],"product_tag":[1385,1390,1391,1392,1393,1394,3034],"class_list":{"0":"post-730910","1":"product","2":"type-product","3":"status-publish","4":"has-post-thumbnail","6":"product_cat-lauflernschuhe","7":"product_tag-groesse-20","8":"product_tag-groesse-21","9":"product_tag-groesse-22","10":"product_tag-groesse-23","11":"product_tag-groesse-24","12":"product_tag-groesse-25","13":"product_tag-marke-balducci","15":"first","16":"instock","17":"taxable","18":"shipping-taxable","19":"purchasable","20":"product-type-variable"},"_links":{"self":[{"href":"https:\/\/schuhewiebarfuss.at\/shop\/wp-json\/wp\/v2\/product\/730910","targetHints":{"allow":["GET"]}}],"collection":[{"href":"https:\/\/schuhewiebarfuss.at\/shop\/wp-json\/wp\/v2\/product"}],"about":[{"href":"https:\/\/schuhewiebarfuss.at\/shop\/wp-json\/wp\/v2\/types\/product"}],"replies":[{"embeddable":true,"href":"https:\/\/schuhewiebarfuss.at\/shop\/wp-json\/wp\/v2\/comments?post=730910"}],"wp:featuredmedia":[{"embeddable":true,"href":"https:\/\/schuhewiebarfuss.at\/shop\/wp-json\/wp\/v2\/media\/731141"}],"wp:attachment":[{"href":"https:\/\/schuhewiebarfuss.at\/shop\/wp-json\/wp\/v2\/media?parent=730910"}],"wp:term":[{"taxonomy":"product_brand","embeddable":true,"href":"https:\/\/schuhewiebarfuss.at\/shop\/wp-json\/wp\/v2\/product_brand?post=730910"},{"taxonomy":"product_cat","embeddable":true,"href":"https:\/\/schuhewiebarfuss.at\/shop\/wp-json\/wp\/v2\/product_cat?post=730910"},{"taxonomy":"product_tag","embeddable":true,"href":"https:\/\/schuhewiebarfuss.at\/shop\/wp-json\/wp\/v2\/product_tag?post=730910"}],"curies":[{"name":"wp","href":"https:\/\/api.w.org\/{rel}","templated":true}]}}