{"id":721912,"date":"2025-01-11T13:54:07","date_gmt":"2025-01-11T12:54:07","guid":{"rendered":"https:\/\/schuhewiebarfuss.at\/shop\/produkt\/einlegesohle-vivobarefoot-2\/"},"modified":"2026-03-10T19:39:23","modified_gmt":"2026-03-10T18:39:23","slug":"einlegesohle-vivobarefoot-2","status":"publish","type":"product","link":"https:\/\/schuhewiebarfuss.at\/shop\/produkt\/einlegesohle-vivobarefoot-2\/","title":{"rendered":"Einlegesohle Vivobarefoot"},"content":{"rendered":"<p>Kork Einlegesohle:<br \/>\nDiese Sohle macht das Barfu\u00dfgef\u00fchl in deinen Lieblingsschschuhen noch nat\u00fcrlicher. Die Korkeinlegesohlen wurden f\u00fcr ein verbessertes Fu\u00dfklima entwickelt, denn das Obermaterial l\u00e4sst deine F\u00fc\u00dfe atmen und sorgt daf\u00fcr, dass deine F\u00fc\u00dfe trocken bleiben. Die Kork-Einlegesohle ist auch f\u00fcr Einsteiger geeignet, um sich langsam an das Barfu\u00dfgef\u00fchl zu gew\u00f6hnen. Du bekommst mit der Einlegesohle vor allem bei den Casualmodellen, die \u00fcber die 3mm-d\u00fcnne Au\u00dfensohle verf\u00fcgen, ein weicheres Tragegef\u00fchl.<\/p>\n<p>Lieferumfang: 1 Paar Sohlen<br \/>\nMaterial: Kork\/ antibakterielles Poliyou<br \/>\n3mm d\u00fcnn<br \/>\n100% Vegan<\/p>\n<p>Performance Einlegesohle:<br \/>\nDie neuen Einlegesohlen f\u00fcr die Sportmodelle sorgen f\u00fcr ein optimiertes Fu\u00dfklima beim Sport, so dass du nicht so schnell ins Schwitzen kommst. Die neue Version verf\u00fcgt \u00fcber eine noch gr\u00f6\u00dfere Perforierung f\u00fcr noch mehr Atmungsaktivit\u00e4t f\u00fcr deine F\u00fc\u00dfe. Die Performance-Einlegesohle ist f\u00fcr Einsteiger geeignet, um sich langsam an das Barfu\u00dfgef\u00fchl zu gew\u00f6hnen. Du bekommst mit der Einlegesohle ein weicheres Tragegef\u00fchl bei deinem Sport- oder Outdoormodell.<\/p>\n<p>Lieferumfang: 1 Paar Sohlen<br \/>\nMaterial: Airmesh\/ antibakterielles Poliyou<br \/>\n3mm d\u00fcnn<br \/>\n100% Vegan<\/p>\n<p><b>Audio-Beschreibung<\/b><br \/><audio controls src=\"https:\/\/schuhewiebarfuss.at\/shop\/wp-content\/uploads\/lk\/6119_audio.wav\"><br \/>\n                                            Ihr Browser unterst\u00fctzt diese Audio-Ausgabe leider nicht.<br \/>\n                                            <\/ audio ><\/p>\n","protected":false},"excerpt":{"rendered":"<p>Einlegesohlen von Vivobarefoot<\/p>\n","protected":false},"featured_media":723507,"comment_status":"open","ping_status":"closed","template":"","meta":[],"product_brand":[],"product_cat":[823],"product_tag":[1404,1362,1368,1373,1374,1375,1376,1377,1378,1379,1380,1381,1449,2451,1360],"class_list":{"0":"post-721912","1":"product","2":"type-product","3":"status-publish","4":"has-post-thumbnail","6":"product_cat-einlegesohlen","7":"product_tag-groesse-35","8":"product_tag-groesse-36","9":"product_tag-groesse-37","10":"product_tag-groesse-38","11":"product_tag-groesse-39","12":"product_tag-groesse-40","13":"product_tag-groesse-41","14":"product_tag-groesse-42","15":"product_tag-groesse-43","16":"product_tag-groesse-44","17":"product_tag-groesse-45","18":"product_tag-groesse-46","19":"product_tag-groesse-47","20":"product_tag-marke-vivobarefoot","21":"product_tag-standard","23":"first","24":"instock","25":"taxable","26":"shipping-taxable","27":"purchasable","28":"product-type-variable"},"_links":{"self":[{"href":"https:\/\/schuhewiebarfuss.at\/shop\/wp-json\/wp\/v2\/product\/721912","targetHints":{"allow":["GET"]}}],"collection":[{"href":"https:\/\/schuhewiebarfuss.at\/shop\/wp-json\/wp\/v2\/product"}],"about":[{"href":"https:\/\/schuhewiebarfuss.at\/shop\/wp-json\/wp\/v2\/types\/product"}],"replies":[{"embeddable":true,"href":"https:\/\/schuhewiebarfuss.at\/shop\/wp-json\/wp\/v2\/comments?post=721912"}],"wp:featuredmedia":[{"embeddable":true,"href":"https:\/\/schuhewiebarfuss.at\/shop\/wp-json\/wp\/v2\/media\/723507"}],"wp:attachment":[{"href":"https:\/\/schuhewiebarfuss.at\/shop\/wp-json\/wp\/v2\/media?parent=721912"}],"wp:term":[{"taxonomy":"product_brand","embeddable":true,"href":"https:\/\/schuhewiebarfuss.at\/shop\/wp-json\/wp\/v2\/product_brand?post=721912"},{"taxonomy":"product_cat","embeddable":true,"href":"https:\/\/schuhewiebarfuss.at\/shop\/wp-json\/wp\/v2\/product_cat?post=721912"},{"taxonomy":"product_tag","embeddable":true,"href":"https:\/\/schuhewiebarfuss.at\/shop\/wp-json\/wp\/v2\/product_tag?post=721912"}],"curies":[{"name":"wp","href":"https:\/\/api.w.org\/{rel}","templated":true}]}}