{"id":714465,"date":"2025-01-08T18:29:51","date_gmt":"2025-01-08T17:29:51","guid":{"rendered":"https:\/\/schuhewiebarfuss.at\/shop\/produkt\/raulederbuerste-16cm-gummi\/"},"modified":"2026-03-11T22:19:35","modified_gmt":"2026-03-11T21:19:35","slug":"raulederbuerste-16cm-gummi","status":"publish","type":"product","link":"https:\/\/schuhewiebarfuss.at\/shop\/produkt\/raulederbuerste-16cm-gummi\/","title":{"rendered":"Raulederb\u00fcrste 16cm Gummi"},"content":{"rendered":"<p>Multifunktionale Schuhb\u00fcrste, ideal zum Reinigen von Raulederschuhen. Sie ist optimal zum Auffrischen der Lederoberfl\u00e4che. F\u00fcr Verschmutzungen an den schwer zug\u00e4nglichen Stellen (R\u00e4nder und N\u00e4hte) eignen sich die seitlichen Reinigungskanten. Die B\u00fcrste kann f\u00fcr Velours-, Wild- sowie Nubukleder verwendet werden.<\/p>\n<p>Raulederb\u00fcrste zur Reinigung und Pflege von Wildlederstiefeln, Nubuk und Veloursleder. Achtung: keine Farbauswahl m\u00f6glich. Die B\u00fcrsten werden in beliebiger Farbe verschickt.<br \/>\nN\u00fctzliches Werkzeug zum Reinigen von Schuhen: Die Wildleder-Schuhb\u00fcrste wirkt Wunder sowohl auf Wildleder als auch auf Nubuk. Hilft bei der Erneuerung Ihrer Wildlederturnschuhe, Pelzstiefel, Wildledertaschen usw.<\/p>\n<p>Langer Griff: Die Reinigungsb\u00fcrste hat einen langen, breiten, dicken und geschwungenen Griff, der ergonomisch geformt ist und das Halten und Bewegen erleichtert und Erm\u00fcdung vorbeugt. Der Griff hat eine glatte, gratfreie Oberfl\u00e4che<\/p>\n<p>Aufh\u00e4ngeloch: Die Schuhb\u00fcrste hat ein Aufh\u00e4ngeloch am Griffende zum einfachen Aufh\u00e4ngen und Trocknen. Wenn sie nicht gebraucht wird, kann die Schuhb\u00fcrste aufgeh\u00e4ngt und aufbewahrt werden, so dass die Arbeitsplatte sauber und ordentlich bleibt und Platz gespart wird<\/p>\n<p>Robustes Material: Die Schuhb\u00fcrste besteht aus einem Kunststoffmaterial, das sehr widerstandsf\u00e4hig und verschlei\u00dffest ist und sich nicht leicht verformt oder verk\u00fcrzt. Er ist robust und langlebig und die Borsten fallen nicht ab<\/p>\n<p>Drei Seiten: Diese Schuhb\u00fcrste hat drei Seiten, zwei B\u00fcrsten und einen Schaber. Die B\u00fcrste entfernt Schlamm, Flecken und Schmutz von der Oberfl\u00e4che des Schuhs. Der Seitenschaber ist ideal, um Schmutzklumpen von der Unterseite des Schuhs oder Schlamm aus den Ritzen zu kratzen<\/p>\n<p>Umfang der Anwendung: Zur Verwendung bei Wildleder, Rindsleder, Schneestiefeln, Lederschuhen, St\u00f6ckelschuhen und anderen Schuhen, um Flecken und Verschmutzungen zu entfernen und der Oberfl\u00e4che des Leders ein sch\u00f6nes und gl\u00e4nzendes Aussehen zu verleihen<\/p>\n<p>Multifunktion: Geboren f\u00fcr die Wildlederreinigung. Das 4-seitige Design kann alle Ihre Bed\u00fcrfnisse zum Reinigen der Schuhe erf\u00fcllen. Seite mit Nylon- und Messingborsten (A), Seite mit Silikonborsten (B), Reibseite (C) und konkave Seite &#8211; Spachtel (D).<\/p>\n<p>Stellen Sie die Form Ihrer Wildlederschuhe wieder her: Die Nylon- und Messingborsten und die Gummib\u00fcrste k\u00f6nnen f\u00fcr hartn\u00e4ckigen Schmutz verwendet werden, die Gummiborsten an der Seite k\u00f6nnen f\u00fcr empfindlichere Bereiche helfen oder den Schmutz an den N\u00e4hten reinigen. Die beiden Schaber sind ideal, um Schmutzklumpen von der Unterseite des Schuhs oder Schlamm aus den Ritzen zu kratzen.<\/p>\n<p>Zur Verwendung bei Wildleder, Rindsleder, Schneestiefeln, Lederschuhen, St\u00f6ckelschuhen und anderen Schuhen, um Flecken und Verschmutzungen zu entfernen und der Oberfl\u00e4che des Leders ein sch\u00f6nes und gl\u00e4nzendes Aussehen zu verleihen<\/p>\n<p>siehe letztes Bild:<\/p>\n<p>(A) B\u00fcrste entfernt Schlamm, Flecken und Schmutz von der Oberfl\u00e4che des Schuhs und zum Auffrischen der Lederoberfl\u00e4che<br \/>\n(B) Gummib\u00fcrste entfernt Schlamm, Flecken und Schmutz von der Oberfl\u00e4che des Schuhs und zum Auffrischen der Lederoberfl\u00e4che<br \/>\n(C) Reibseite (Seitenschaber) kratzt Schmutzklumpen von der Unterseite des Schuhs oder Schlamm aus den Ritzen<br \/>\n(D) Spachtel kratzt Schmutzklumpen von der Unterseite des Schuhs oder Schlamm aus den Ritzen<\/p>\n<p><b>Audio-Beschreibung<\/b><br \/><audio controls src=\"https:\/\/schuhewiebarfuss.at\/shop\/wp-content\/uploads\/lk\/9588_audio.wav\"><br \/>\n                                            Ihr Browser unterst\u00fctzt diese Audio-Ausgabe leider nicht.<br \/>\n                                            <\/ audio ><\/p>\n","protected":false},"excerpt":{"rendered":"<p>Wildlederb\u00fcrste mit 4-Seiten f\u00fcr Schuhe<\/p>\n<p>Multifunktionale Raulederb\u00fcrste zur Reinigung und Pflege<\/p>\n","protected":false},"featured_media":723492,"comment_status":"open","ping_status":"closed","template":"","meta":[],"product_brand":[],"product_cat":[824],"product_tag":[3012],"class_list":{"0":"post-714465","1":"product","2":"type-product","3":"status-publish","4":"has-post-thumbnail","6":"product_cat-pflegemittel","7":"product_tag-marke-ludwig-seibel-e-u","9":"first","10":"instock","11":"taxable","12":"shipping-taxable","13":"purchasable","14":"product-type-simple"},"_links":{"self":[{"href":"https:\/\/schuhewiebarfuss.at\/shop\/wp-json\/wp\/v2\/product\/714465","targetHints":{"allow":["GET"]}}],"collection":[{"href":"https:\/\/schuhewiebarfuss.at\/shop\/wp-json\/wp\/v2\/product"}],"about":[{"href":"https:\/\/schuhewiebarfuss.at\/shop\/wp-json\/wp\/v2\/types\/product"}],"replies":[{"embeddable":true,"href":"https:\/\/schuhewiebarfuss.at\/shop\/wp-json\/wp\/v2\/comments?post=714465"}],"wp:featuredmedia":[{"embeddable":true,"href":"https:\/\/schuhewiebarfuss.at\/shop\/wp-json\/wp\/v2\/media\/723492"}],"wp:attachment":[{"href":"https:\/\/schuhewiebarfuss.at\/shop\/wp-json\/wp\/v2\/media?parent=714465"}],"wp:term":[{"taxonomy":"product_brand","embeddable":true,"href":"https:\/\/schuhewiebarfuss.at\/shop\/wp-json\/wp\/v2\/product_brand?post=714465"},{"taxonomy":"product_cat","embeddable":true,"href":"https:\/\/schuhewiebarfuss.at\/shop\/wp-json\/wp\/v2\/product_cat?post=714465"},{"taxonomy":"product_tag","embeddable":true,"href":"https:\/\/schuhewiebarfuss.at\/shop\/wp-json\/wp\/v2\/product_tag?post=714465"}],"curies":[{"name":"wp","href":"https:\/\/api.w.org\/{rel}","templated":true}]}}