{"id":714410,"date":"2025-01-08T17:18:52","date_gmt":"2025-01-08T16:18:52","guid":{"rendered":"https:\/\/schuhewiebarfuss.at\/shop\/produkt\/affenzahn-slipper-cotton-movy\/"},"modified":"2026-03-11T22:01:32","modified_gmt":"2026-03-11T21:01:32","slug":"affenzahn-slipper-cotton-movy","status":"publish","type":"product","link":"https:\/\/schuhewiebarfuss.at\/shop\/produkt\/affenzahn-slipper-cotton-movy\/","title":{"rendered":"Affenzahn Slipper Cotton Movy"},"content":{"rendered":"<p>Kinderleichter Verschluss: Schnelles An- und Ausziehen leicht gemacht! Mit diesem Klettverschluss sitzen die Schuhe fest am Fu\u00df und lassen sich kinderleicht schlie\u00dfen und \u00f6ffnen!<br \/>\nSuper leicht: So leicht und so bequem! Man k\u00f6nnte meinen, man hat gar keine Schuhe an.<br \/>\nD\u00fcnne, flexible Sohle: Die Sohle der Affenzahn Sandale ist nur so dick wie n\u00f6tig. Sie ist nicht ged\u00e4mpft, damit Kinder ihre Umgebung und den Untergrund sp\u00fcren, auch wenn sie Schuhe tragen.<br \/>\nRechts-Links Unterscheiden: Clever gemacht! So kommt es garantiert nicht mehr zu Entenf\u00fc\u00dfen. Einfach hinten auf das Tierpuzzle achten und in die Schuhe schl\u00fcpfen.<br \/>\nGenug Platz zum Wachsen: Die Naturform der Schuhe bietet genung Platz f\u00fcr jeden Zeh, so dass die F\u00fc\u00dfe nicht eingeengt werden und sich gesund entwickeln k\u00f6nnen.<\/p>\n<p>F\u00fcr das Ober- und Futtermaterial verwendet Affenzahn 100% Bio-Baumwolle. Bio-Baumwolle verbraucht zu 91% weniger Wasser als herk\u00f6mmliche Baumwolle und schont somit die Umwelt.<br \/>\nDieser Schuh ist zu 100% aus veganen Materialien hergestellt. Das ist nicht nur gut f\u00fcr die Natur, es f\u00fchlt sich auch spitze an!<\/p>\n<p>Obermaterial: 100 % zertifizierte Bio-Baumwolle<br \/>\nFuttermaterial: 35 % zertifizierte Bio-Baumwolle und 65 % Polyester<br \/>\nSohle: 70% synthetisches Gummi, 30% nat\u00fcrliches Gummi<br \/>\nInnensohle: Bloom Foam\u00ae (EVA Schaum mit 30% Algenanteil)<br \/>\nVegan<br \/>\nGewicht: ca. 92.5 g<\/p>\n<p>Nat\u00fcrliche Materialien sind langlebig und einzigartig, daher kann es zu Unterschieden in der Verarbeitung kommen.<\/p>\n<p>Innensohle &#8211; L\u00e4nge\/Breite (mm):<\/p>\n<p>Gr\u00f6\u00dfe: 21 &#8211; ideale Fu\u00dfl\u00e4nge: 126 mm &#8211; Fersen-Zehenbereich: 123-129 mm &#8211; Fu\u00dfbreite: 59 mm<br \/>\nGr\u00f6\u00dfe: 22 &#8211; ideale Fu\u00dfl\u00e4nge: 133 mm &#8211; Fersen-Zehenbereich: 130-136 mm &#8211; Fu\u00dfbreite: 60 mm<br \/>\nGr\u00f6\u00dfe: 23 &#8211; ideale Fu\u00dfl\u00e4nge: 139 mm &#8211; Fersen-Zehenbereich: 137-142 mm &#8211; Fu\u00dfbreite: 61 mm<br \/>\nGr\u00f6\u00dfe: 24 &#8211; ideale Fu\u00dfl\u00e4nge: 145 mm &#8211; Fersen-Zehenbereich: 143-148 mm &#8211; Fu\u00dfbreite: 63 mm<br \/>\nGr\u00f6\u00dfe: 25 &#8211; ideale Fu\u00dfl\u00e4nge: 153 mm &#8211; Fersen-Zehenbereich: 149-156 mm &#8211; Fu\u00dfbreite: 64 mm<br \/>\nGr\u00f6\u00dfe: 26 &#8211; ideale Fu\u00dfl\u00e4nge: 159 mm &#8211; Fersen-Zehenbereich: 157-162 mm &#8211; Fu\u00dfbreite: 66 mm<br \/>\nGr\u00f6\u00dfe: 27 &#8211; ideale Fu\u00dfl\u00e4nge: 166 mm &#8211; Fersen-Zehenbereich: 163-169 mm &#8211; Fu\u00dfbreite: 67 mm<br \/>\nGr\u00f6\u00dfe: 28 &#8211; ideale Fu\u00dfl\u00e4nge: 173 mm &#8211; Fersen-Zehenbereich: 170-176 mm &#8211; Fu\u00dfbreite: 69 mm<br \/>\nGr\u00f6\u00dfe: 29 &#8211; ideale Fu\u00dfl\u00e4nge: 179 mm &#8211; Fersen-Zehenbereich: 177-182 mm &#8211; Fu\u00dfbreite: 70 mm<br \/>\nGr\u00f6\u00dfe: 30 &#8211; ideale Fu\u00dfl\u00e4nge: 185 mm &#8211; Fersen-Zehenbereich: 183-188 mm &#8211; Fu\u00dfbreite: 71 mm<br \/>\nGr\u00f6\u00dfe: 31 &#8211; ideale Fu\u00dfl\u00e4nge: 192 mm &#8211; Fersen-Zehenbereich: 189-195 mm &#8211; Fu\u00dfbreite: 73 mm<br \/>\nGr\u00f6\u00dfe: 32 &#8211; ideale Fu\u00dfl\u00e4nge: 199 mm &#8211; Fersen-Zehenbereich: 196-202 mm &#8211; Fu\u00dfbreite: 75 mm<\/p>\n<p><b>Audio-Beschreibung<\/b><br \/><audio controls src=\"https:\/\/schuhewiebarfuss.at\/shop\/wp-content\/uploads\/lk\/9609_audio.wav\"><br \/>\n                                            Ihr Browser unterst\u00fctzt diese Audio-Ausgabe leider nicht.<br \/>\n                                            <\/ audio ><\/p>\n","protected":false},"excerpt":{"rendered":"<p>Affenzahn SLIPPER COTTON MOVY Hauschuh<\/p>\n<p>Super leicht und super f\u00fcr Drinnen: Der neue, gem\u00fctliche Hausschuh Movy mit seiner d\u00fcnnen Sohle f\u00fcr maximales Barfu\u00dfgef\u00fchl ist perfekt f\u00fcr den Kindergarten oder Zuhause. Der Movy besteht aus atmungsaktiver Bio-Baumwolle.<\/p>\n","protected":false},"featured_media":714757,"comment_status":"open","ping_status":"closed","template":"","meta":[],"product_brand":[],"product_cat":[843],"product_tag":[1479,1427,1570,1481,2308,1390,1391,1392,1393,1394,1395,1396,1397,1398,1399,1400,1401,2975],"class_list":{"0":"post-714410","1":"product","2":"type-product","3":"status-publish","4":"has-post-thumbnail","6":"product_cat-hausschuhe-3","7":"product_tag-farbe-blau","8":"product_tag-farbe-gelb","9":"product_tag-farbe-gruen","10":"product_tag-farbe-pink","11":"product_tag-farbe-rosa","12":"product_tag-groesse-21","13":"product_tag-groesse-22","14":"product_tag-groesse-23","15":"product_tag-groesse-24","16":"product_tag-groesse-25","17":"product_tag-groesse-26","18":"product_tag-groesse-27","19":"product_tag-groesse-28","20":"product_tag-groesse-29","21":"product_tag-groesse-30","22":"product_tag-groesse-31","23":"product_tag-groesse-32","24":"product_tag-marke-affenzahn","26":"first","27":"instock","28":"taxable","29":"shipping-taxable","30":"purchasable","31":"product-type-variable"},"_links":{"self":[{"href":"https:\/\/schuhewiebarfuss.at\/shop\/wp-json\/wp\/v2\/product\/714410","targetHints":{"allow":["GET"]}}],"collection":[{"href":"https:\/\/schuhewiebarfuss.at\/shop\/wp-json\/wp\/v2\/product"}],"about":[{"href":"https:\/\/schuhewiebarfuss.at\/shop\/wp-json\/wp\/v2\/types\/product"}],"replies":[{"embeddable":true,"href":"https:\/\/schuhewiebarfuss.at\/shop\/wp-json\/wp\/v2\/comments?post=714410"}],"wp:featuredmedia":[{"embeddable":true,"href":"https:\/\/schuhewiebarfuss.at\/shop\/wp-json\/wp\/v2\/media\/714757"}],"wp:attachment":[{"href":"https:\/\/schuhewiebarfuss.at\/shop\/wp-json\/wp\/v2\/media?parent=714410"}],"wp:term":[{"taxonomy":"product_brand","embeddable":true,"href":"https:\/\/schuhewiebarfuss.at\/shop\/wp-json\/wp\/v2\/product_brand?post=714410"},{"taxonomy":"product_cat","embeddable":true,"href":"https:\/\/schuhewiebarfuss.at\/shop\/wp-json\/wp\/v2\/product_cat?post=714410"},{"taxonomy":"product_tag","embeddable":true,"href":"https:\/\/schuhewiebarfuss.at\/shop\/wp-json\/wp\/v2\/product_tag?post=714410"}],"curies":[{"name":"wp","href":"https:\/\/api.w.org\/{rel}","templated":true}]}}