{"id":714381,"date":"2025-01-08T16:03:03","date_gmt":"2025-01-08T15:03:03","guid":{"rendered":"https:\/\/schuhewiebarfuss.at\/shop\/produkt\/baumwollschuhband-flach-75-cm-weiss\/"},"modified":"2026-03-01T13:03:11","modified_gmt":"2026-03-01T12:03:11","slug":"baumwollschuhband-flach-75-cm-weiss","status":"publish","type":"product","link":"https:\/\/schuhewiebarfuss.at\/shop\/produkt\/baumwollschuhband-flach-75-cm-weiss\/","title":{"rendered":"Baumwollschuhband flach 75 cm Wei\u00df"},"content":{"rendered":"<p>Barth Flachsenkel von der Traditionsfirma aus Bayern &#8211; Barth Schn\u00fcrsenkel stehen f\u00fcr Qualit\u00e4t und Umweltbewusstsein.<\/p>\n<p>Die Barth Flachsenkel sind aus 67 % Polyester und 33 % Baumwolle gefertigt und somit sehr strapazierf\u00e4hig.<br \/>\nDie Lieferung erfolgt paarweise. <\/p>\n<p>Sehr rei\u00df- und scheuerfeste Schn\u00fcrsenkel mit Kunststoff-Endh\u00fclsen.<\/p>\n<p>Der Hersteller verspricht, und wir haben es ausprobiert, dass die Schn\u00fcrsenkel beim Tragen nicht von allein aufgehen.<br \/>\nSie werden in Deutschland produziert und der Lieferant legt Wert auf Nachhaltigkeit. Die Umverpackungen sind aus 90% Recyclingpapier.<\/p>\n<p>Einsatzbereich Sport, Bequem, Sneaker,.. 6-8 \u00d6sen<\/p>\n<p>Farbe: Wei\u00df<br \/>\nEigenschaft: flach, 8 mm Breite<br \/>\nMaterial: 67% Polyester und 33% Baumwolle<br \/>\nL\u00e4nge: 75cm<br \/>\nSehr strapazierf\u00e4hig<br \/>\nPaarweise Lieferung im Karton<br \/>\nArtikelgewicht: 0,01 kg<\/p>\n<p><b>Audio-Beschreibung<\/b><br \/><audio controls src=\"https:\/\/schuhewiebarfuss.at\/shop\/wp-content\/uploads\/lk\/9590_audio.wav\"><br \/>\n                                            Ihr Browser unterst\u00fctzt diese Audio-Ausgabe leider nicht.<br \/>\n                                            <\/ audio ><\/p>\n","protected":false},"excerpt":{"rendered":"<p>Baumwollschuhband &#8211; flach<\/p>\n<p>Flachsenkel &#8211; 8 mm Breite<br \/>\nFlacher Schn\u00fcrsenkel aus Polyester und Baumwolle<br \/>\nSehr strapazierf\u00e4hig<br \/>\nPaarweise Lieferung im Karton<\/p>\n","protected":false},"featured_media":723502,"comment_status":"open","ping_status":"closed","template":"","meta":[],"product_brand":[],"product_cat":[825],"product_tag":[3012],"class_list":{"0":"post-714381","1":"product","2":"type-product","3":"status-publish","4":"has-post-thumbnail","6":"product_cat-schuhbnder","7":"product_tag-marke-ludwig-seibel-e-u","9":"first","10":"instock","11":"taxable","12":"shipping-taxable","13":"purchasable","14":"product-type-simple"},"_links":{"self":[{"href":"https:\/\/schuhewiebarfuss.at\/shop\/wp-json\/wp\/v2\/product\/714381","targetHints":{"allow":["GET"]}}],"collection":[{"href":"https:\/\/schuhewiebarfuss.at\/shop\/wp-json\/wp\/v2\/product"}],"about":[{"href":"https:\/\/schuhewiebarfuss.at\/shop\/wp-json\/wp\/v2\/types\/product"}],"replies":[{"embeddable":true,"href":"https:\/\/schuhewiebarfuss.at\/shop\/wp-json\/wp\/v2\/comments?post=714381"}],"wp:featuredmedia":[{"embeddable":true,"href":"https:\/\/schuhewiebarfuss.at\/shop\/wp-json\/wp\/v2\/media\/723502"}],"wp:attachment":[{"href":"https:\/\/schuhewiebarfuss.at\/shop\/wp-json\/wp\/v2\/media?parent=714381"}],"wp:term":[{"taxonomy":"product_brand","embeddable":true,"href":"https:\/\/schuhewiebarfuss.at\/shop\/wp-json\/wp\/v2\/product_brand?post=714381"},{"taxonomy":"product_cat","embeddable":true,"href":"https:\/\/schuhewiebarfuss.at\/shop\/wp-json\/wp\/v2\/product_cat?post=714381"},{"taxonomy":"product_tag","embeddable":true,"href":"https:\/\/schuhewiebarfuss.at\/shop\/wp-json\/wp\/v2\/product_tag?post=714381"}],"curies":[{"name":"wp","href":"https:\/\/api.w.org\/{rel}","templated":true}]}}