{"id":703993,"date":"2025-01-04T19:29:29","date_gmt":"2025-01-04T18:29:29","guid":{"rendered":"https:\/\/schuhewiebarfuss.at\/shop\/produkt\/saphir-leder-radierer\/"},"modified":"2026-03-31T19:38:18","modified_gmt":"2026-03-31T17:38:18","slug":"saphir-leder-radierer","status":"publish","type":"product","link":"https:\/\/schuhewiebarfuss.at\/shop\/produkt\/saphir-leder-radierer\/","title":{"rendered":"Saphir Leder Radierer"},"content":{"rendered":"<p>Der Gommadin Wildleder-Radierer ist ein grobk\u00f6rniger Gummiblock, der beim Reinigen den Flor des Leders anhebt, die Maserung wiederherstellt und gl\u00e4nzende Bereiche revitalisiert, ohne die Farbe zu beeintr\u00e4chtigen.<br \/>\nDie Textur des Gummiblocks sorgt f\u00fcr die optimale Balance zwischen Festigkeit und Sanftheit, um die Oberfl\u00e4che nicht zu besch\u00e4digen.<\/p>\n<p>Der Gommadin-Wildleder-Radierer eignet sich f\u00fcr alle Artikel aus echtem oder synthetischem Glattleder &amp; Nubuck wie Schuhe, Taschen, Kleidung und Lederwaren.<\/p>\n<p>1. Reiben Sie den Gommadin Wildlederradierer mit m\u00e4\u00dfigem bis festem Druck direkt auf die Flecken und Markierungen<br \/>\n2. Den wi\u00dfen Staub mit einer Wildlederb\u00fcrste abb\u00fcrsten<br \/>\n3. Erg\u00e4nzen Sie die Pflege Ihrer Lederschuhe mit einem Leder-Reinigungsprodukt zum Shampoonieren und Reinigen<\/p>\n<p>Gewicht: 60 g<br \/>\nAbmessungen: 6 \u00d7 4,5 \u00d7 2,2 cm<br \/>\nGr\u00f6\u00dfe: 75 ml<br \/>\nMarke: Saphir<\/p>\n<p><b>Audio-Beschreibung<\/b><br \/><audio controls src=\"https:\/\/schuhewiebarfuss.at\/shop\/wp-content\/uploads\/lk\/9587_audio.wav\"><br \/>\n                                            Ihr Browser unterst\u00fctzt diese Audio-Ausgabe leider nicht.<br \/>\n                                            <\/ audio ><\/p>\n","protected":false},"excerpt":{"rendered":"<p>SAPHIR LEDER RADIERER<\/p>\n<p>Gommadin Radierer<\/p>\n<p>Der Gommadin Eraser wurde speziell f\u00fcr die Entfernung von Oberfl\u00e4chenschmutz und klebrigen Ablagerungen auf der Oberfl\u00e4che von Wildleder- und Nubuklederwaren entwickelt.<\/p>\n","protected":false},"featured_media":704121,"comment_status":"open","ping_status":"closed","template":"","meta":[],"product_brand":[],"product_cat":[824],"product_tag":[3012],"class_list":{"0":"post-703993","1":"product","2":"type-product","3":"status-publish","4":"has-post-thumbnail","6":"product_cat-pflegemittel","7":"product_tag-marke-ludwig-seibel-e-u","9":"first","10":"instock","11":"taxable","12":"shipping-taxable","13":"purchasable","14":"product-type-simple"},"_links":{"self":[{"href":"https:\/\/schuhewiebarfuss.at\/shop\/wp-json\/wp\/v2\/product\/703993","targetHints":{"allow":["GET"]}}],"collection":[{"href":"https:\/\/schuhewiebarfuss.at\/shop\/wp-json\/wp\/v2\/product"}],"about":[{"href":"https:\/\/schuhewiebarfuss.at\/shop\/wp-json\/wp\/v2\/types\/product"}],"replies":[{"embeddable":true,"href":"https:\/\/schuhewiebarfuss.at\/shop\/wp-json\/wp\/v2\/comments?post=703993"}],"wp:featuredmedia":[{"embeddable":true,"href":"https:\/\/schuhewiebarfuss.at\/shop\/wp-json\/wp\/v2\/media\/704121"}],"wp:attachment":[{"href":"https:\/\/schuhewiebarfuss.at\/shop\/wp-json\/wp\/v2\/media?parent=703993"}],"wp:term":[{"taxonomy":"product_brand","embeddable":true,"href":"https:\/\/schuhewiebarfuss.at\/shop\/wp-json\/wp\/v2\/product_brand?post=703993"},{"taxonomy":"product_cat","embeddable":true,"href":"https:\/\/schuhewiebarfuss.at\/shop\/wp-json\/wp\/v2\/product_cat?post=703993"},{"taxonomy":"product_tag","embeddable":true,"href":"https:\/\/schuhewiebarfuss.at\/shop\/wp-json\/wp\/v2\/product_tag?post=703993"}],"curies":[{"name":"wp","href":"https:\/\/api.w.org\/{rel}","templated":true}]}}