{"id":702414,"date":"2025-01-04T17:18:09","date_gmt":"2025-01-04T16:18:09","guid":{"rendered":"https:\/\/schuhewiebarfuss.at\/shop\/produkt\/jace-tex\/"},"modified":"2026-03-01T15:39:27","modified_gmt":"2026-03-01T14:39:27","slug":"jace-tex","status":"publish","type":"product","link":"https:\/\/schuhewiebarfuss.at\/shop\/produkt\/jace-tex\/","title":{"rendered":"Jace TEX"},"content":{"rendered":"<p>Die Lurchi Winterstiefel sind die perfekte Wahl f\u00fcr Kinder, die auch in der kalten Jahreszeit gerne drau\u00dfen spielen. Diese robusten Stiefel in lebhaften Farben bieten mit ihrer wasserdichten Tex-Membran und einem warmen Innenfutter optimalen Schutz, sodass die F\u00fc\u00dfe Ihres Kindes bei Regen, Schnee und K\u00e4lte trocken und warm bleiben. Das praktische Design mit Schn\u00fcrungen und einem Klettverschluss sorgt nicht nur f\u00fcr einen sicheren Halt, sondern l\u00e4sst sich auch bequem anpassen. Die rutschfeste Sohle bietet hervorragenden Grip auf Schnee und Eis, sodass Ihr Kind bei seinen Winterabenteuern immer sicher unterwegs ist. Dank der hochwertigen Materialien sind die Lurchi Winterstiefel besonders strapazierf\u00e4hig und halten den t\u00e4glichen Anforderungen stand. Der Klettverschluss und der elastische Kordelzug erleichtern das An- und Ausziehen, sodass Ihr Kind die Stiefel schnell selbst anziehen kann. Mit den Lurchi Winterstiefeln entscheiden Sie sich f\u00fcr eine ideale Kombination aus Komfort, Funktionalit\u00e4t und modernem Design perfekt f\u00fcr unvergessliche Winterabenteuer!<\/p>\n<p>Winterstiefel von Lurchi \u2013 warm, bequem und farbenfroh.Dieser Winterstiefel bietet mit seiner Tex-Membrane zuverl\u00e4ssigen Schutz vor N\u00e4sse, w\u00e4hrend das kuschelige warme Innenfutter die F\u00fc\u00dfe angenehm warm h\u00e4lt. Die s\u00fc\u00dfen Farben machen ihn zu einem echten Hingucker, und dank des WMS Leistens in Weite &#8222;Weit&#8220; bietet der Stiefel eine optimale Passform und maximalen Tragekomfort. Perfekt f\u00fcr kalte Wintertage!<\/p>\n<p>Sch\u00fctzen Sie die F\u00fc\u00dfe Ihres Kindes vor Regen, Matsch und Schnee mit unseren hochwertigen Stiefeln. Sie sind aus strapazierf\u00e4higem Material gefertigt und bieten optimalen Komfort. <\/p>\n<p>Materialdetails:<\/p>\n<p>Obermaterial: Textil und Mikrofaser<br \/>\nInnenfutter: Warmes Synthetikfutter<br \/>\nSohle: Thermoplastische Elastomere<br \/>\nInnensohle: Synthetik, herausnehmbar<br \/>\nAbsatz: Nullabsatz, keine H\u00f6hendifferenz zwischen Ferse und Vorderfu\u00df<br \/>\nVerschluss: Schn\u00fcrsenkel mit Schnellverschluss und seitlicher Rei\u00dfverschluss<br \/>\nBesonderheiten: wasserabweisendes TEX-Membran<\/p>\n<p>DESIGN &amp; EXTRAS:<\/p>\n<p>Schuhkappe : Rund<br \/>\nSchuhweite : Normal<br \/>\nSchaftweite in cm : Normal<br \/>\nAbsatzh\u00f6he in cm : 1,8<br \/>\nSchafth\u00f6he in cm : 20,5<\/p>\n<p>Innensohle &#8211; L\u00e4nge\/Breite (mm):<\/p>\n<p>Gr\u00f6\u00dfe: 24 &#8211; L\u00e4nge: 159 mm &#8211; Breite: 64 mm<br \/>\nGr\u00f6\u00dfe: 25 &#8211; L\u00e4nge: 166 mm &#8211; Breite: 66 mm<br \/>\nGr\u00f6\u00dfe: 26 &#8211; L\u00e4nge: 173 mm &#8211; Breite: 67 mm<br \/>\nGr\u00f6\u00dfe: 27 &#8211; L\u00e4nge: 180 mm &#8211; Breite: 69 mm<br \/>\nGr\u00f6\u00dfe: 28 &#8211; L\u00e4nge: 187 mm &#8211; Breite: 70 mm<br \/>\nGr\u00f6\u00dfe: 29 &#8211; L\u00e4nge: 193 mm &#8211; Breite: 72 mm<br \/>\nGr\u00f6\u00dfe: 30 &#8211; L\u00e4nge: 200 mm &#8211; Breite: 73 mm<br \/>\nGr\u00f6\u00dfe: 31 &#8211; L\u00e4nge: 206 mm &#8211; Breite: 74 mm<br \/>\nGr\u00f6\u00dfe: 32 &#8211; L\u00e4nge: 213 mm &#8211; Breite: 75 mm<br \/>\nGr\u00f6\u00dfe: 33 &#8211; L\u00e4nge: 220 mm &#8211; Breite: 76 mm<br \/>\nGr\u00f6\u00dfe: 34 &#8211; L\u00e4nge: 226 mm &#8211; Breite: 78 mm<br \/>\nGr\u00f6\u00dfe: 35 &#8211; L\u00e4nge: 232 mm &#8211; Breite: 79 mm<\/p>\n<p><b>Audio-Beschreibung<\/b><br \/><audio controls src=\"https:\/\/schuhewiebarfuss.at\/shop\/wp-content\/uploads\/lk\/9581_audio.wav\"><br \/>\n                                            Ihr Browser unterst\u00fctzt diese Audio-Ausgabe leider nicht.<br \/>\n                                            <\/ audio ><\/p>\n","protected":false},"excerpt":{"rendered":"<p>Lurchi JACE TEX<\/p>\n","protected":false},"featured_media":702864,"comment_status":"open","ping_status":"closed","template":"","meta":[],"product_brand":[],"product_cat":[848],"product_tag":[1479,1570,1481,1393,1394,1395,1396,1397,1398,1399,1400,1401,1402,1403,1404,2964],"class_list":{"0":"post-702414","1":"product","2":"type-product","3":"status-publish","4":"has-post-thumbnail","6":"product_cat-winterschuhe-1","7":"product_tag-farbe-blau","8":"product_tag-farbe-gruen","9":"product_tag-farbe-pink","10":"product_tag-groesse-24","11":"product_tag-groesse-25","12":"product_tag-groesse-26","13":"product_tag-groesse-27","14":"product_tag-groesse-28","15":"product_tag-groesse-29","16":"product_tag-groesse-30","17":"product_tag-groesse-31","18":"product_tag-groesse-32","19":"product_tag-groesse-33","20":"product_tag-groesse-34","21":"product_tag-groesse-35","22":"product_tag-marke-lurchi","24":"first","25":"instock","26":"taxable","27":"shipping-taxable","28":"purchasable","29":"product-type-variable"},"_links":{"self":[{"href":"https:\/\/schuhewiebarfuss.at\/shop\/wp-json\/wp\/v2\/product\/702414","targetHints":{"allow":["GET"]}}],"collection":[{"href":"https:\/\/schuhewiebarfuss.at\/shop\/wp-json\/wp\/v2\/product"}],"about":[{"href":"https:\/\/schuhewiebarfuss.at\/shop\/wp-json\/wp\/v2\/types\/product"}],"replies":[{"embeddable":true,"href":"https:\/\/schuhewiebarfuss.at\/shop\/wp-json\/wp\/v2\/comments?post=702414"}],"wp:featuredmedia":[{"embeddable":true,"href":"https:\/\/schuhewiebarfuss.at\/shop\/wp-json\/wp\/v2\/media\/702864"}],"wp:attachment":[{"href":"https:\/\/schuhewiebarfuss.at\/shop\/wp-json\/wp\/v2\/media?parent=702414"}],"wp:term":[{"taxonomy":"product_brand","embeddable":true,"href":"https:\/\/schuhewiebarfuss.at\/shop\/wp-json\/wp\/v2\/product_brand?post=702414"},{"taxonomy":"product_cat","embeddable":true,"href":"https:\/\/schuhewiebarfuss.at\/shop\/wp-json\/wp\/v2\/product_cat?post=702414"},{"taxonomy":"product_tag","embeddable":true,"href":"https:\/\/schuhewiebarfuss.at\/shop\/wp-json\/wp\/v2\/product_tag?post=702414"}],"curies":[{"name":"wp","href":"https:\/\/api.w.org\/{rel}","templated":true}]}}