{"id":701814,"date":"2025-01-04T16:29:17","date_gmt":"2025-01-04T15:29:17","guid":{"rendered":"https:\/\/schuhewiebarfuss.at\/shop\/produkt\/jaden-tex\/"},"modified":"2026-03-01T15:42:08","modified_gmt":"2026-03-01T14:42:08","slug":"jaden-tex","status":"publish","type":"product","link":"https:\/\/schuhewiebarfuss.at\/shop\/produkt\/jaden-tex\/","title":{"rendered":"Jaden TEX"},"content":{"rendered":"<p>Die Lurchi Kinderstiefel Jaden TEX sind die idealen Outdoor-Begleiter f\u00fcr Kinder, die gerne die Welt erkunden. Diese strapazierf\u00e4higen Stiefel kombinieren lebendige Farben mit besonderen Details und machen den Look der Kleinen zum Hingucker. Dank der wasserabweisenden Tex-Membran bleiben die F\u00fc\u00dfe auch bei Regenwetter angenehm trocken, w\u00e4hrend das kuschelige Innenfutter f\u00fcr wohltuende W\u00e4rme sorgt. Der praktische Klettverschluss erleichtert das Anziehen und l\u00e4sst sich bequem auf die richtige Passform einstellen f\u00fcr optimalen Halt und Komfort. Die rutschfeste Sohle bietet sicheren Grip auf allen Untergr\u00fcnden, sodass die Kleinen beim Spielen und Entdecken immer stabil stehen. Gefertigt aus langlebigen Materialien, halten die Lurchi Stiefel selbst den aktivsten Abenteuern stand und eignen sich hervorragend f\u00fcr den t\u00e4glichen Einsatz. Das moderne Design trifft sowohl den Geschmack der Kinder als auch der Eltern und macht diese Stiefel zur perfekten Wahl f\u00fcr k\u00e4ltere Tage. Mit den Lurchi Kinderstiefeln entscheiden Sie sich f\u00fcr Funktionalit\u00e4t, Komfort und ein stilvolles Design ideal f\u00fcr kleine Abenteurer, die bei jedem Wetter drau\u00dfen unterwegs sein m\u00f6chten!<\/p>\n<p>S\u00fc\u00dfer Klettschuh f\u00fcr Kids \u2013 Komfort und Stil f\u00fcr kleine Trendsetter.Dieser Klettschuh ist perfekt f\u00fcr Kinder, die wissen, was sie wollen. Mit seinem kuscheligen Innenfutter und der Tex-Membrane h\u00e4lt er die F\u00fc\u00dfe warm und trocken, sogar an kalten Tagen. Der Schuh ist so bequem, dass er sogar barfu\u00df getragen werden kann \u2013 ein idealer Begleiter f\u00fcr kleine Abenteurer!<\/p>\n<p>Ein tolles Design hat dieser Schuh. Er \u00fcberzeugt in einem Materialmix der besonders atmungsaktiv ist. Verschiedene Verschl\u00fcsse garantieren festen Halt am Fu\u00df. Zudem hat er eine tolle Farbauswahl.<\/p>\n<p>Materialdetails:<\/p>\n<p>Obermaterial: Textil<br \/>\nInnenfutter: Synthetik<br \/>\nSohle: Thermoplastische Elastomere<br \/>\nInnensohle: Synthetik, herausnehmbar<br \/>\nAbsatz: Nullabsatz, keine H\u00f6hendifferenz zwischen Ferse und Vorderfu\u00df<br \/>\nVerschluss: Klettverschluss<br \/>\nBesonderheiten: wasserabweisendes TEX-Membran<\/p>\n<p>DESIGN &amp; EXTRAS:<br \/>\nSchuhkappe : Rund<br \/>\nSchuhweite : Normal<br \/>\nSchaftweite in cm : Normal<br \/>\nAbsatzh\u00f6he in cm : 1,8<br \/>\nSchafth\u00f6he in cm : 20,5<\/p>\n<p>Innensohle &#8211; L\u00e4nge\/Breite (mm):<\/p>\n<p>Gr\u00f6\u00dfe: 25 &#8211; L\u00e4nge: 165 mm &#8211; Breite: 62 mm<br \/>\nGr\u00f6\u00dfe: 26 &#8211; L\u00e4nge: 173 mm &#8211; Breite: 64 mm<br \/>\nGr\u00f6\u00dfe: 27 &#8211; L\u00e4nge: 177 mm &#8211; Breite: 66 mm<br \/>\nGr\u00f6\u00dfe: 28 &#8211; L\u00e4nge: 184 mm &#8211; Breite: 68 mm<br \/>\nGr\u00f6\u00dfe: 29 &#8211; L\u00e4nge: 190 mm &#8211; Breite: 70 mm<br \/>\nGr\u00f6\u00dfe: 30 &#8211; L\u00e4nge: 199 mm &#8211; Breite: 72 mm<br \/>\nGr\u00f6\u00dfe: 31 &#8211; L\u00e4nge: 205 mm &#8211; Breite: 74 mm<br \/>\nGr\u00f6\u00dfe: 32 &#8211; L\u00e4nge: 213 mm &#8211; Breite: 75 mm<br \/>\nGr\u00f6\u00dfe: 33 &#8211; L\u00e4nge: 220 mm &#8211; Breite: 76 mm<br \/>\nGr\u00f6\u00dfe: 34 &#8211; L\u00e4nge: 227 mm &#8211; Breite: 77 mm<br \/>\nGr\u00f6\u00dfe: 35 &#8211; L\u00e4nge: 235 mm &#8211; Breite: 79 mm<\/p>\n<p><b>Audio-Beschreibung<\/b><br \/><audio controls src=\"https:\/\/schuhewiebarfuss.at\/shop\/wp-content\/uploads\/lk\/9579_audio.wav\"><br \/>\n                                            Ihr Browser unterst\u00fctzt diese Audio-Ausgabe leider nicht.<br \/>\n                                            <\/ audio ><\/p>\n","protected":false},"excerpt":{"rendered":"<p>Lurchi JADEN TEX<\/p>\n","protected":false},"featured_media":714717,"comment_status":"open","ping_status":"closed","template":"","meta":[],"product_brand":[],"product_cat":[845],"product_tag":[1479,1481,1394,1395,1396,1397,1398,1399,1400,1401,1402,1403,1404,2964],"class_list":{"0":"post-701814","1":"product","2":"type-product","3":"status-publish","4":"has-post-thumbnail","6":"product_cat-lifestyle-1","7":"product_tag-farbe-blau","8":"product_tag-farbe-pink","9":"product_tag-groesse-25","10":"product_tag-groesse-26","11":"product_tag-groesse-27","12":"product_tag-groesse-28","13":"product_tag-groesse-29","14":"product_tag-groesse-30","15":"product_tag-groesse-31","16":"product_tag-groesse-32","17":"product_tag-groesse-33","18":"product_tag-groesse-34","19":"product_tag-groesse-35","20":"product_tag-marke-lurchi","22":"first","23":"instock","24":"taxable","25":"shipping-taxable","26":"purchasable","27":"product-type-variable"},"_links":{"self":[{"href":"https:\/\/schuhewiebarfuss.at\/shop\/wp-json\/wp\/v2\/product\/701814","targetHints":{"allow":["GET"]}}],"collection":[{"href":"https:\/\/schuhewiebarfuss.at\/shop\/wp-json\/wp\/v2\/product"}],"about":[{"href":"https:\/\/schuhewiebarfuss.at\/shop\/wp-json\/wp\/v2\/types\/product"}],"replies":[{"embeddable":true,"href":"https:\/\/schuhewiebarfuss.at\/shop\/wp-json\/wp\/v2\/comments?post=701814"}],"wp:featuredmedia":[{"embeddable":true,"href":"https:\/\/schuhewiebarfuss.at\/shop\/wp-json\/wp\/v2\/media\/714717"}],"wp:attachment":[{"href":"https:\/\/schuhewiebarfuss.at\/shop\/wp-json\/wp\/v2\/media?parent=701814"}],"wp:term":[{"taxonomy":"product_brand","embeddable":true,"href":"https:\/\/schuhewiebarfuss.at\/shop\/wp-json\/wp\/v2\/product_brand?post=701814"},{"taxonomy":"product_cat","embeddable":true,"href":"https:\/\/schuhewiebarfuss.at\/shop\/wp-json\/wp\/v2\/product_cat?post=701814"},{"taxonomy":"product_tag","embeddable":true,"href":"https:\/\/schuhewiebarfuss.at\/shop\/wp-json\/wp\/v2\/product_tag?post=701814"}],"curies":[{"name":"wp","href":"https:\/\/api.w.org\/{rel}","templated":true}]}}