{"id":701366,"date":"2025-01-03T17:34:17","date_gmt":"2025-01-03T16:34:17","guid":{"rendered":"https:\/\/schuhewiebarfuss.at\/shop\/produkt\/fonsi\/"},"modified":"2026-03-11T22:14:50","modified_gmt":"2026-03-11T21:14:50","slug":"fonsi","status":"publish","type":"product","link":"https:\/\/schuhewiebarfuss.at\/shop\/produkt\/fonsi\/","title":{"rendered":"Fonsi"},"content":{"rendered":"<p>Um ein gesundes Wachstum zu unterst\u00fctzen, sollten Babys m\u00f6glichst oft Barfuss laufen. Je nach Jahreszeit ist dies nicht immer m\u00f6glich, dann sollte auf sehr leichte, weiche und flexible Schuhe geachtet werden. Babyf\u00fcsse sind sehr empfindlich und haben nur ein weiches Fettp\u00f6lsterchen, welches mit Hilfe des richtigen Schuhs gesch\u00fctzt werden sollte.<br \/>\nDie Lauflernschuhe Fonsi von Lurchi Barefoot unterst\u00fctzen daher kleine Kinderf\u00fcsse bei den ersten Schritten. F\u00fcr die kalten Tage ist dieser gef\u00fctterte Schuh aus weichem, wasserabweisendem Wildleder perfekt geeignet. Dank dem Klettverschluss kann der Schuh schnell und einfach an- und ausgezogen werden. <\/p>\n<p>Die Modelle aus der Barfu\u00dfserie von Lurchi erf\u00fcllen alle Kriterien von Barfu\u00dfschuhen und die Sohle ist sehr flexibel.<\/p>\n<p>Ein toller Schuh f\u00fcr die ersten Gehversuche und dar\u00fcber hinaus macht das moderne Design und die tolle Verarbeitung den Schuh aus. Ein Must Have!<\/p>\n<p>Materialdetails:<\/p>\n<p>Obermaterial: Velourleder<br \/>\nInnenfutter: Synthetik (Teddyfutter)<br \/>\nSohle: Gummi<br \/>\nInnensohle: Polyester, nicht herausnehmbar<br \/>\nAbsatz: Nullabsatz, keine H\u00f6hendifferenz zwischen Ferse und Vorderfu\u00df<br \/>\nVerschluss: Klettverschluss<br \/>\nBesonderheiten: wasserabweisend, sehr flexible Sohle, ergonomische Zehenbox<\/p>\n<p>DESIGN &amp; EXTRAS:<br \/>\nSchuhkappe: Rund<br \/>\nSchuhweite: Normal<br \/>\nSchaftweite in cm: Normal<br \/>\nAbsatzh\u00f6he in cm: 1,8<br \/>\nSchafth\u00f6he in cm: 20,5<\/p>\n<p>Innensohle &#8211; L\u00e4nge\/Breite (mm):<\/p>\n<p>Gr\u00f6\u00dfe: 18 &#8211; L\u00e4nge: 116 mm &#8211; Breite: 54 mm<br \/>\nGr\u00f6\u00dfe: 19 &#8211; L\u00e4nge: 119 mm &#8211; Breite: 55 mm<br \/>\nGr\u00f6\u00dfe: 20 &#8211; L\u00e4nge: 126 mm &#8211; Breite: 56 mm<br \/>\nGr\u00f6\u00dfe: 21 &#8211; L\u00e4nge: 131 mm &#8211; Breite: 58 mm<br \/>\nGr\u00f6\u00dfe: 22 &#8211; L\u00e4nge: 137 mm &#8211; Breite: 59 mm<br \/>\nGr\u00f6\u00dfe: 23 &#8211; L\u00e4nge: 145 mm &#8211; Breite: 60 mm<\/p>\n<p><b>Audio-Beschreibung<\/b><br \/><audio controls src=\"https:\/\/schuhewiebarfuss.at\/shop\/wp-content\/uploads\/lk\/9578_audio.wav\"><br \/>\n                                            Ihr Browser unterst\u00fctzt diese Audio-Ausgabe leider nicht.<br \/>\n                                            <\/ audio ><\/p>\n","protected":false},"excerpt":{"rendered":"<p>Lurchi FONSI Lauflernschuh<\/p>\n","protected":false},"featured_media":723730,"comment_status":"open","ping_status":"closed","template":"","meta":[],"product_brand":[],"product_cat":[3121],"product_tag":[1479,1544,1600,1550,1483,1385,1390,1391,1392,2964,1450],"class_list":{"0":"post-701366","1":"product","2":"type-product","3":"status-publish","4":"has-post-thumbnail","6":"product_cat-sale","7":"product_tag-farbe-blau","8":"product_tag-farbe-braun","9":"product_tag-farbe-rot","10":"product_tag-groesse-18","11":"product_tag-groesse-19","12":"product_tag-groesse-20","13":"product_tag-groesse-21","14":"product_tag-groesse-22","15":"product_tag-groesse-23","16":"product_tag-marke-lurchi","17":"product_tag-sale","19":"first","20":"instock","21":"taxable","22":"shipping-taxable","23":"purchasable","24":"product-type-variable"},"_links":{"self":[{"href":"https:\/\/schuhewiebarfuss.at\/shop\/wp-json\/wp\/v2\/product\/701366","targetHints":{"allow":["GET"]}}],"collection":[{"href":"https:\/\/schuhewiebarfuss.at\/shop\/wp-json\/wp\/v2\/product"}],"about":[{"href":"https:\/\/schuhewiebarfuss.at\/shop\/wp-json\/wp\/v2\/types\/product"}],"replies":[{"embeddable":true,"href":"https:\/\/schuhewiebarfuss.at\/shop\/wp-json\/wp\/v2\/comments?post=701366"}],"wp:featuredmedia":[{"embeddable":true,"href":"https:\/\/schuhewiebarfuss.at\/shop\/wp-json\/wp\/v2\/media\/723730"}],"wp:attachment":[{"href":"https:\/\/schuhewiebarfuss.at\/shop\/wp-json\/wp\/v2\/media?parent=701366"}],"wp:term":[{"taxonomy":"product_brand","embeddable":true,"href":"https:\/\/schuhewiebarfuss.at\/shop\/wp-json\/wp\/v2\/product_brand?post=701366"},{"taxonomy":"product_cat","embeddable":true,"href":"https:\/\/schuhewiebarfuss.at\/shop\/wp-json\/wp\/v2\/product_cat?post=701366"},{"taxonomy":"product_tag","embeddable":true,"href":"https:\/\/schuhewiebarfuss.at\/shop\/wp-json\/wp\/v2\/product_tag?post=701366"}],"curies":[{"name":"wp","href":"https:\/\/api.w.org\/{rel}","templated":true}]}}