{"id":701357,"date":"2025-01-03T17:26:30","date_gmt":"2025-01-03T16:26:30","guid":{"rendered":"https:\/\/schuhewiebarfuss.at\/shop\/produkt\/mencia-tex-rot\/"},"modified":"2026-03-06T19:30:23","modified_gmt":"2026-03-06T18:30:23","slug":"mencia-tex","status":"publish","type":"product","link":"https:\/\/schuhewiebarfuss.at\/shop\/produkt\/mencia-tex\/","title":{"rendered":"Mencia TEX"},"content":{"rendered":"<p>Diese Barefoot-Stiefel kombinieren zeitlose Eleganz mit hoher Funktionalit\u00e4t. Das schlichte Design wird durch eine stilvolle Schnalle erg\u00e4nzt, die den Stiefeln einen modernen und dennoch klassischen Look verleiht. Dank der wasserabweisenden Tex-Membran bleiben Kinderf\u00fc\u00dfe auch bei Regen oder Schnee trocken, w\u00e4hrend die atmungsaktive Materialstruktur f\u00fcr ein angenehmes Tragegef\u00fchl sorgt.Das durchdachte Barfu\u00df-Design unterst\u00fctzt die nat\u00fcrliche Fu\u00dfbewegung und f\u00f6rdert eine gesunde Fu\u00dfentwicklung. Die flexible, rutschfeste Gummisohle garantiert sicheren Halt auf verschiedenen Untergr\u00fcnden, ob bei Outdoor-Abenteuern oder auf dem t\u00e4glichen Schulweg.Ein weiches Innenfutter sch\u00fctzt vor K\u00e4lte und sorgt auch an kalten Tagen f\u00fcr warme F\u00fc\u00dfe. Der praktische seitliche Rei\u00dfverschluss macht das An- und Ausziehen besonders schnell und einfach, was die Stiefel perfekt f\u00fcr den Alltag macht. Mit ihrem eleganten Design und der hohen Funktionalit\u00e4t sind diese Barefoot-Stiefel die ideale Wahl f\u00fcr Kinder, die Komfort und Stil gleicherma\u00dfen sch\u00e4tzen.<\/p>\n<p>Barfu\u00dfschuhe f\u00fcr Kinder sind eine gro\u00dfartige M\u00f6glichkeit, die nat\u00fcrliche Entwicklung der F\u00fc\u00dfe zu f\u00f6rdern und ein gesundes Laufverhalten zu unterst\u00fctzen. Sie erm\u00f6glichen es den Kindern, ihre Zehen frei zu bewegen und ihre Fu\u00dfmuskulatur zu st\u00e4rken. Gleichzeitig sch\u00fctzen sie vor Verletzungen und bieten den n\u00f6tigen Schutz im Alltag.<\/p>\n<p>Materialdetails:<\/p>\n<p>Obermaterial: Leder<br \/>\nInnenfutter: Warmes Wollfutter<br \/>\nSohle: Gummi<br \/>\nInnensohle: herausnehmbare Woll-Einlegesohle<br \/>\nAbsatz: Nullabsatz, keine H\u00f6hendifferenz zwischen Ferse und Vorderfu\u00df<br \/>\nVerschluss: Rei\u00dfverschluss<br \/>\nBesonderheiten: wasserabweisenden Tex-Membran<\/p>\n<p>DESIGN &amp; EXTRAS:<\/p>\n<p>Schuhkappe : Rund<br \/>\nSchuhweite : Normal<br \/>\nSchaftweite in cm : Normal<br \/>\nAbsatzh\u00f6he in cm : 1,8<br \/>\nSchafth\u00f6he in cm : 30,5<\/p>\n<p>Innensohle &#8211; L\u00e4nge\/Breite (mm):<\/p>\n<p>Gr\u00f6\u00dfe: 25 &#8211; Fu\u00dfl\u00e4nge: 164 mm &#8211; Zehenbreite: 61 mm &#8211; Fersenbreite: 49 mm<br \/>\nGr\u00f6\u00dfe: 26 &#8211; Fu\u00dfl\u00e4nge: 170 mm &#8211; Zehenbreite: 62 mm &#8211; Fersenbreite: 49 mm<br \/>\nGr\u00f6\u00dfe: 27 &#8211; Fu\u00dfl\u00e4nge: 176 mm &#8211; Zehenbreite: 64 mm &#8211; Fersenbreite: 50 mm<br \/>\nGr\u00f6\u00dfe: 28 &#8211; Fu\u00dfl\u00e4nge: 182 mm &#8211; Zehenbreite: 66 mm &#8211; Fersenbreite: 51 mm<br \/>\nGr\u00f6\u00dfe: 29 &#8211; Fu\u00dfl\u00e4nge: 189 mm &#8211; Zehenbreite: 68 mm &#8211; Fersenbreite: 52 mm<br \/>\nGr\u00f6\u00dfe: 30 &#8211; Fu\u00dfl\u00e4nge: 195 mm &#8211; Zehenbreite: 70 mm &#8211; Fersenbreite: 53 mm<br \/>\nGr\u00f6\u00dfe: 31 &#8211; Fu\u00dfl\u00e4nge: 204 mm &#8211; Zehenbreite: 72 mm &#8211; Fersenbreite: 54 mm<br \/>\nGr\u00f6\u00dfe: 32 &#8211; Fu\u00dfl\u00e4nge: 210 mm &#8211; Zehenbreite: 74 mm &#8211; Fersenbreite: 56 mm<\/p>\n<p><b>Audio-Beschreibung<\/b><br \/><audio controls src=\"https:\/\/schuhewiebarfuss.at\/shop\/wp-content\/uploads\/lk\/9565_audio.wav\"><br \/>\n                                            Ihr Browser unterst\u00fctzt diese Audio-Ausgabe leider nicht.<br \/>\n                                            <\/ audio ><\/p>\n","protected":false},"excerpt":{"rendered":"<p>Lurchi MENCIA TEX<\/p>\n","protected":false},"featured_media":706182,"comment_status":"open","ping_status":"closed","template":"","meta":[],"product_brand":[],"product_cat":[848],"product_tag":[1371,1600,1393,1394,1395,1396,1397,1398,1399,1400,1401,2964,1382],"class_list":{"0":"post-701357","1":"product","2":"type-product","3":"status-publish","4":"has-post-thumbnail","6":"product_cat-winterschuhe-1","7":"product_tag-farbe-grau","8":"product_tag-farbe-rot","9":"product_tag-groesse-24","10":"product_tag-groesse-25","11":"product_tag-groesse-26","12":"product_tag-groesse-27","13":"product_tag-groesse-28","14":"product_tag-groesse-29","15":"product_tag-groesse-30","16":"product_tag-groesse-31","17":"product_tag-groesse-32","18":"product_tag-marke-lurchi","19":"product_tag-neu","21":"first","22":"instock","23":"taxable","24":"shipping-taxable","25":"purchasable","26":"product-type-variable"},"_links":{"self":[{"href":"https:\/\/schuhewiebarfuss.at\/shop\/wp-json\/wp\/v2\/product\/701357","targetHints":{"allow":["GET"]}}],"collection":[{"href":"https:\/\/schuhewiebarfuss.at\/shop\/wp-json\/wp\/v2\/product"}],"about":[{"href":"https:\/\/schuhewiebarfuss.at\/shop\/wp-json\/wp\/v2\/types\/product"}],"replies":[{"embeddable":true,"href":"https:\/\/schuhewiebarfuss.at\/shop\/wp-json\/wp\/v2\/comments?post=701357"}],"wp:featuredmedia":[{"embeddable":true,"href":"https:\/\/schuhewiebarfuss.at\/shop\/wp-json\/wp\/v2\/media\/706182"}],"wp:attachment":[{"href":"https:\/\/schuhewiebarfuss.at\/shop\/wp-json\/wp\/v2\/media?parent=701357"}],"wp:term":[{"taxonomy":"product_brand","embeddable":true,"href":"https:\/\/schuhewiebarfuss.at\/shop\/wp-json\/wp\/v2\/product_brand?post=701357"},{"taxonomy":"product_cat","embeddable":true,"href":"https:\/\/schuhewiebarfuss.at\/shop\/wp-json\/wp\/v2\/product_cat?post=701357"},{"taxonomy":"product_tag","embeddable":true,"href":"https:\/\/schuhewiebarfuss.at\/shop\/wp-json\/wp\/v2\/product_tag?post=701357"}],"curies":[{"name":"wp","href":"https:\/\/api.w.org\/{rel}","templated":true}]}}