{"id":693389,"date":"2024-12-23T18:26:09","date_gmt":"2024-12-23T17:26:09","guid":{"rendered":"https:\/\/schuhewiebarfuss.at\/shop\/produkt\/noriko\/"},"modified":"2026-03-01T15:35:18","modified_gmt":"2026-03-01T14:35:18","slug":"noriko","status":"publish","type":"product","link":"https:\/\/schuhewiebarfuss.at\/shop\/produkt\/noriko\/","title":{"rendered":"Noriko"},"content":{"rendered":"<p>Der Lurchi Barefoot Noriko ist perfekt f\u00fcr die ersten Herbsttage. Das weiche Nappa Glattleder als Au\u00dfenmaterial ist ein sehr dankbares Material und macht den Schuh wasserabweisend. Das Innenfutter aus Fleece h\u00e4lt die Kinderf\u00fcsse wunderbar warm. Durch die zwei Klettverschl\u00fcsse kann der Schuh schnell und einfach von den Kindern an- und ausgezogen werden.  <\/p>\n<p>Barfu\u00dfschuhe f\u00fcr Kinder sind eine gro\u00dfartige M\u00f6glichkeit, die nat\u00fcrliche Entwicklung der F\u00fc\u00dfe zu f\u00f6rdern und ein gesundes Laufverhalten zu unterst\u00fctzen. Sie erm\u00f6glichen es den Kindern, ihre Zehen frei zu bewegen und ihre Fu\u00dfmuskulatur zu st\u00e4rken. Gleichzeitig sch\u00fctzen sie vor Verletzungen und bieten den n\u00f6tigen Schutz im Alltag.<\/p>\n<p>Materialdetails:<\/p>\n<p>Obermaterial: Nappa Leder<br \/>\nInnenfutter: Fleecefutter (Synthetik)<br \/>\nSohle: Gummi<br \/>\nInnensohle: Synthetik, herausnehmbar<br \/>\nAbsatz: Nullabsatz, keine H\u00f6hendifferenz zwischen Ferse und Vorderfu\u00df<br \/>\nVerschluss: Klettverschluss<br \/>\nBesonderheiten: wasserabweisend<\/p>\n<p>DESIGN &amp; EXTRAS:<\/p>\n<p>Schuhkappe: Rund<br \/>\nSchuhweite: Normal<br \/>\nSchaftweite in cm: Normal<br \/>\nAbsatzh\u00f6he in cm: 1,8<br \/>\nSchafth\u00f6he in cm: 20,5<\/p>\n<p>Innensohle &#8211; L\u00e4nge\/Breite (mm):<\/p>\n<p>Gr\u00f6\u00dfe: 20 &#8211; Fu\u00dfl\u00e4nge: 135 mm &#8211; Zehenbreite: 56 mm &#8211; Fersenbreite: 44 mm<br \/>\nGr\u00f6\u00dfe: 21 &#8211; Fu\u00dfl\u00e4nge: 141 mm &#8211; Zehenbreite: 57 mm &#8211; Fersenbreite: 44 mm<br \/>\nGr\u00f6\u00dfe: 22 &#8211; Fu\u00dfl\u00e4nge: 147 mm &#8211; Zehenbreite: 58 mm &#8211; Fersenbreite: 46 mm<br \/>\nGr\u00f6\u00dfe: 23 &#8211; Fu\u00dfl\u00e4nge: 154 mm &#8211; Zehenbreite: 60 mm &#8211; Fersenbreite: 47 mm<br \/>\nGr\u00f6\u00dfe: 24 &#8211; Fu\u00dfl\u00e4nge: 160 mm &#8211; Zehenbreite: 62 mm &#8211; Fersenbreite: 48 mm<br \/>\nGr\u00f6\u00dfe: 25 &#8211; Fu\u00dfl\u00e4nge: 168 mm &#8211; Zehenbreite: 64 mm &#8211; Fersenbreite: 49 mm<br \/>\nGr\u00f6\u00dfe: 26 &#8211; Fu\u00dfl\u00e4nge: 175 mm &#8211; Zehenbreite: 66 mm &#8211; Fersenbreite: 50 mm<\/p>\n<p><b>Audio-Beschreibung<\/b><br \/><audio controls src=\"https:\/\/schuhewiebarfuss.at\/shop\/wp-content\/uploads\/lk\/9535_audio.wav\"><br \/>\n                                            Ihr Browser unterst\u00fctzt diese Audio-Ausgabe leider nicht.<br \/>\n                                            <\/ audio ><\/p>\n","protected":false},"excerpt":{"rendered":"<p>Lurchi NORIKO<\/p>\n","protected":false},"featured_media":694328,"comment_status":"open","ping_status":"closed","template":"","meta":[],"product_brand":[],"product_cat":[3121],"product_tag":[1479,1544,1570,2457,1385,1390,1391,1392,1393,1394,1395,2964,1450],"class_list":{"0":"post-693389","1":"product","2":"type-product","3":"status-publish","4":"has-post-thumbnail","6":"product_cat-sale","7":"product_tag-farbe-blau","8":"product_tag-farbe-braun","9":"product_tag-farbe-gruen","10":"product_tag-farbe-violett","11":"product_tag-groesse-20","12":"product_tag-groesse-21","13":"product_tag-groesse-22","14":"product_tag-groesse-23","15":"product_tag-groesse-24","16":"product_tag-groesse-25","17":"product_tag-groesse-26","18":"product_tag-marke-lurchi","19":"product_tag-sale","21":"first","22":"instock","23":"taxable","24":"shipping-taxable","25":"purchasable","26":"product-type-variable"},"_links":{"self":[{"href":"https:\/\/schuhewiebarfuss.at\/shop\/wp-json\/wp\/v2\/product\/693389","targetHints":{"allow":["GET"]}}],"collection":[{"href":"https:\/\/schuhewiebarfuss.at\/shop\/wp-json\/wp\/v2\/product"}],"about":[{"href":"https:\/\/schuhewiebarfuss.at\/shop\/wp-json\/wp\/v2\/types\/product"}],"replies":[{"embeddable":true,"href":"https:\/\/schuhewiebarfuss.at\/shop\/wp-json\/wp\/v2\/comments?post=693389"}],"wp:featuredmedia":[{"embeddable":true,"href":"https:\/\/schuhewiebarfuss.at\/shop\/wp-json\/wp\/v2\/media\/694328"}],"wp:attachment":[{"href":"https:\/\/schuhewiebarfuss.at\/shop\/wp-json\/wp\/v2\/media?parent=693389"}],"wp:term":[{"taxonomy":"product_brand","embeddable":true,"href":"https:\/\/schuhewiebarfuss.at\/shop\/wp-json\/wp\/v2\/product_brand?post=693389"},{"taxonomy":"product_cat","embeddable":true,"href":"https:\/\/schuhewiebarfuss.at\/shop\/wp-json\/wp\/v2\/product_cat?post=693389"},{"taxonomy":"product_tag","embeddable":true,"href":"https:\/\/schuhewiebarfuss.at\/shop\/wp-json\/wp\/v2\/product_tag?post=693389"}],"curies":[{"name":"wp","href":"https:\/\/api.w.org\/{rel}","templated":true}]}}