{"id":681107,"date":"2024-11-29T17:10:49","date_gmt":"2024-11-29T16:10:49","guid":{"rendered":"https:\/\/schuhewiebarfuss.at\/shop\/produkt\/peu-terreno-damen\/"},"modified":"2026-03-06T20:05:08","modified_gmt":"2026-03-06T19:05:08","slug":"peu-terreno-damen","status":"publish","type":"product","link":"https:\/\/schuhewiebarfuss.at\/shop\/produkt\/peu-terreno-damen\/","title":{"rendered":"Peu Terreno Damen"},"content":{"rendered":"<p>CAMPER Peu Terreno Winterstiefel wurde mit viel Liebe zum Detail und hochwerigen Materialien gefertigt. Das Obermaterial besteht aus hochwertigen Nubukleder, das von einem von der Leather Working Group zertifizierten Lieferanten stammt, um Nachhaltigkeit und umweltfreundliche Praktiken und ein tolles Tragegef\u00fchl und Aussehen zu gew\u00e4hrleisten. Durch das aus 80% Wolle, 19% TENCEL\u2122 Lyocell bestehende Innenfutter, zusammen mit dem robusten Nubukleder, em\u00f6glicht es dem Schuh eine nat\u00fcrliche wasserabweisende Wirkung und mit der herausnehmbarem OrthoLite\u00ae-Einlegesohle eine optimale Klimaregulierung samt Komfort. Die Strobel-Machart mit Rundumnaht sorgt f\u00fcr unerreichte Biegsamkeit und Langlebigkeit in jeder Situation und die 2,3 cm hohe Kreppgummisohle mit 360\u00b0-Naht, die mit der Contact Earth-Technologie hergestellt wurde, sorgt f\u00fcr ausgezeichneten Halt und Stabilit\u00e4t. Dieser Schlupfstiefel, ohne jegliche Verschlussm\u00f6glichkeiten, sitzt leicht und bequem an den Beinen und ist daher vielseitig einsetzbar. Der Peu Terreno ist eine Option, die Komfort und Stil vereint und f\u00fcr alle gedacht ist, die funktionelles und vielseitiges Schuhwerk suchen. <\/p>\n<p>Materialdetails:<\/p>\n<p>Obermaterial: Nubukleder<br \/>\nInnenfutter: warmes Futter, 99% Textil (80% Wolle, 19% TENCEL\u2122 Lyocell), 1% recycelter Polyester<br \/>\nSohle: Kreppsohle (100% Gummi)<br \/>\nInnensohle: warmes Futter (80 % Wolle), OrthoLite\u00ae Recycled\u2122-Einlegesohle f\u00fcr mehr D\u00e4mpfung, herausnehmbar<br \/>\nAbsatz: Nullabsatz, keine H\u00f6hendifferenz zwischen Ferse und Vorderfu\u00df<br \/>\nVerschluss: Schl\u00fcpfschuh<br \/>\nBesonderheiten: warm gef\u00fctterte, atmungsaktive, bequeme Slip-On-Stiefel<\/p>\n<p>Pflegehinsweis:<\/p>\n<p>Es empfiehlt sich, die Schuhe nach dem Tragen trocknen zu lassen.<br \/>\nReinigen Sie die Schuhe und revitalisieren Sie gleichzeitig die Haaroberfl\u00e4che mit einer Wildlederb\u00fcrste.<br \/>\nTragen Sie anschlie\u00dfend eine Impr\u00e4gnierung auf das Wildleder auf, die die Widerstandsf\u00e4higkeit gegen Wasser und Schmutz erh\u00f6ht.<br \/>\nTrocknen Sie die Schuhe nicht in direkter N\u00e4he von W\u00e4rmequellen ein, waschen oder trocknen Sie sie nicht in der Waschmaschine.<br \/>\nNicht mit Fett eincremen.<\/p>\n<p><b>Audio-Beschreibung<\/b><br \/><audio controls src=\"https:\/\/schuhewiebarfuss.at\/shop\/wp-content\/uploads\/lk\/9569_audio.wav\"><br \/>\n                                            Ihr Browser unterst\u00fctzt diese Audio-Ausgabe leider nicht.<br \/>\n                                            <\/ audio ><\/p>\n","protected":false},"excerpt":{"rendered":"<p>Camper PEU TERRENO Winterstiefel<\/p>\n<p>Elegantes Design, f\u00fcr das der Camper ber\u00fchmt ist!<\/p>\n<p>Der ikonische Look des Slip-On-Stiefels ist zur\u00fcck! Genie\u00dfen Sie den Winter mit dem PEU TERRENO von Camper.<br \/>\nDas Nubukleder wird durch ein warmes Futter aus 80 % Wolle und 20 % TENCEL\u00a9 perfekt erg\u00e4nzt, damit Sie den ganzen Winter \u00fcber modisch und gesch\u00fctzt bleiben!<\/p>\n","protected":false},"featured_media":685842,"comment_status":"open","ping_status":"closed","template":"","meta":[],"product_brand":[],"product_cat":[834],"product_tag":[1544,2232,1362,1368,1373,1374,1375,1376,2721],"class_list":{"0":"post-681107","1":"product","2":"type-product","3":"status-publish","4":"has-post-thumbnail","6":"product_cat-winterschuhe-4","7":"product_tag-farbe-braun","8":"product_tag-farbe-dunkelbraun","9":"product_tag-groesse-36","10":"product_tag-groesse-37","11":"product_tag-groesse-38","12":"product_tag-groesse-39","13":"product_tag-groesse-40","14":"product_tag-groesse-41","15":"product_tag-marke-camper","17":"first","18":"instock","19":"taxable","20":"shipping-taxable","21":"purchasable","22":"product-type-variable"},"_links":{"self":[{"href":"https:\/\/schuhewiebarfuss.at\/shop\/wp-json\/wp\/v2\/product\/681107","targetHints":{"allow":["GET"]}}],"collection":[{"href":"https:\/\/schuhewiebarfuss.at\/shop\/wp-json\/wp\/v2\/product"}],"about":[{"href":"https:\/\/schuhewiebarfuss.at\/shop\/wp-json\/wp\/v2\/types\/product"}],"replies":[{"embeddable":true,"href":"https:\/\/schuhewiebarfuss.at\/shop\/wp-json\/wp\/v2\/comments?post=681107"}],"wp:featuredmedia":[{"embeddable":true,"href":"https:\/\/schuhewiebarfuss.at\/shop\/wp-json\/wp\/v2\/media\/685842"}],"wp:attachment":[{"href":"https:\/\/schuhewiebarfuss.at\/shop\/wp-json\/wp\/v2\/media?parent=681107"}],"wp:term":[{"taxonomy":"product_brand","embeddable":true,"href":"https:\/\/schuhewiebarfuss.at\/shop\/wp-json\/wp\/v2\/product_brand?post=681107"},{"taxonomy":"product_cat","embeddable":true,"href":"https:\/\/schuhewiebarfuss.at\/shop\/wp-json\/wp\/v2\/product_cat?post=681107"},{"taxonomy":"product_tag","embeddable":true,"href":"https:\/\/schuhewiebarfuss.at\/shop\/wp-json\/wp\/v2\/product_tag?post=681107"}],"curies":[{"name":"wp","href":"https:\/\/api.w.org\/{rel}","templated":true}]}}