{"id":681084,"date":"2024-11-29T16:13:59","date_gmt":"2024-11-29T15:13:59","guid":{"rendered":"https:\/\/schuhewiebarfuss.at\/shop\/produkt\/peu-terreno-herren\/"},"modified":"2026-03-24T20:25:34","modified_gmt":"2026-03-24T19:25:34","slug":"peu-terreno-herren","status":"publish","type":"product","link":"https:\/\/schuhewiebarfuss.at\/shop\/produkt\/peu-terreno-herren\/","title":{"rendered":"Peu Terreno Herren"},"content":{"rendered":"<p>CAMPER Peu Terreno Ledersneaker wurde mit viel Liebe zum Detail und hochwerigen Materialien gefertigt. Das Obermaterial besteht aus Nubukleder (mit wasserabweisender Wirkung), das von einem von der Leather Working Group zertifizierten Lieferanten stammt, um Nachhaltigkeit und umweltfreundliche Praktiken zu gew\u00e4hrleisten. Zusammen mit dem aus 100% recycelter Polyester und der gepolstertem OrthoLite\u00ae-Einlegesohle erm\u00f6glicht dieser Schuh ein tolles Tragegef\u00fchl und Aussehen. Die Strobel-Machart mit Rundumnaht sorgt f\u00fcr unerreichte Biegsamkeit und Langlebigkeit in jeder Situation und die 2,3 cm hohe Kreppgummisohle mit 360\u00b0-Naht, die mit der Contact Earth-Technologie hergestellt wurde, sorgt f\u00fcr ausgezeichneten Halt und Stabilit\u00e4t. <\/p>\n<p>Der Peu Terren Ledersneaker der legend\u00e4ren Peu-Familie,  vereint alle Vorz\u00fcge des Barfu\u00dflaufens in einem einzigartige Design. Diese fantastischen Schuhe leicht und bequem an den Beinen und sind daher vielseitig einsetzbar.<\/p>\n<p>Materialdetails:<\/p>\n<p>Obermaterial: Nubukleder<br \/>\nInnenfutter: 100% recycelter Polyester<br \/>\nSohle: Gummi<br \/>\nInnensohle: OrthoLite\u00ae Recycled\u2122 Fu\u00dfbett f\u00fcr mehr D\u00e4mpfung<br \/>\nAbsatz: Nullabsatz, keine H\u00f6hendifferenz zwischen Ferse und Vorderfu\u00df<br \/>\nVerschluss: Schn\u00fcrsenkel<\/p>\n<p>Pflegehinweis:<\/p>\n<p>Diese Schuhe sind aus sorgf\u00e4ltig ausgew\u00e4hlten, hochwertigen Materialien gefertigt. Die Verwendung der richtigen Schuhpflegeprodukte sorgt f\u00fcr hohen Schutz und Langlebigkeit dieser Produkte.<\/p>\n<p>1. Schmutz und Staub zun\u00e4chst mit einem weichen Tuch entfernen.<br \/>\n2. Leder mit einer Lotion reinigen und pflegen.<br \/>\n3. Leder mit einer Schuhcreme pflegen. D\u00fcnn auftragen und einige Minuten trocknen lassen.<br \/>\n4. Leder mit einem Tuch polieren.<br \/>\n5. Impr\u00e4gnieren Sie das Leder mit Impr\u00e4gnierspray gegen Schmutz und Feuchtigkeit.<\/p>\n<p><b>Audio-Beschreibung<\/b><br \/><audio controls src=\"https:\/\/schuhewiebarfuss.at\/shop\/wp-content\/uploads\/lk\/9555_audio.wav\"><br \/>\n                                            Ihr Browser unterst\u00fctzt diese Audio-Ausgabe leider nicht.<br \/>\n                                            <\/ audio ><\/p>\n","protected":false},"excerpt":{"rendered":"<p>Camper PEU TERRENO Ledersneaker<\/p>\n<p>Der Peu Terreno ist ein l\u00e4ssiger Schuh mit Rundumnaht und Kreppsohle, die besonders strapazierf\u00e4hig und angenehm zu laufen ist.<br \/>\nDesert-Boot aus Nubukleder f\u00fcr Herren mit Schn\u00fcrung, gepolstertem OrthoLite\u00ae-Fu\u00dfbett aus Recyclingmaterial und Laufsohle aus 100% Gummi.<\/p>\n","protected":false},"featured_media":684884,"comment_status":"open","ping_status":"closed","template":"","meta":[],"product_brand":[],"product_cat":[836],"product_tag":[1544,1570,1408,1375,1376,1377,1378,1379,1380,1381,2721],"class_list":{"0":"post-681084","1":"product","2":"type-product","3":"status-publish","4":"has-post-thumbnail","6":"product_cat-lifestyle-2","7":"product_tag-farbe-braun","8":"product_tag-farbe-gruen","9":"product_tag-farbe-schwarz","10":"product_tag-groesse-40","11":"product_tag-groesse-41","12":"product_tag-groesse-42","13":"product_tag-groesse-43","14":"product_tag-groesse-44","15":"product_tag-groesse-45","16":"product_tag-groesse-46","17":"product_tag-marke-camper","19":"first","20":"instock","21":"taxable","22":"shipping-taxable","23":"purchasable","24":"product-type-variable"},"_links":{"self":[{"href":"https:\/\/schuhewiebarfuss.at\/shop\/wp-json\/wp\/v2\/product\/681084","targetHints":{"allow":["GET"]}}],"collection":[{"href":"https:\/\/schuhewiebarfuss.at\/shop\/wp-json\/wp\/v2\/product"}],"about":[{"href":"https:\/\/schuhewiebarfuss.at\/shop\/wp-json\/wp\/v2\/types\/product"}],"replies":[{"embeddable":true,"href":"https:\/\/schuhewiebarfuss.at\/shop\/wp-json\/wp\/v2\/comments?post=681084"}],"wp:featuredmedia":[{"embeddable":true,"href":"https:\/\/schuhewiebarfuss.at\/shop\/wp-json\/wp\/v2\/media\/684884"}],"wp:attachment":[{"href":"https:\/\/schuhewiebarfuss.at\/shop\/wp-json\/wp\/v2\/media?parent=681084"}],"wp:term":[{"taxonomy":"product_brand","embeddable":true,"href":"https:\/\/schuhewiebarfuss.at\/shop\/wp-json\/wp\/v2\/product_brand?post=681084"},{"taxonomy":"product_cat","embeddable":true,"href":"https:\/\/schuhewiebarfuss.at\/shop\/wp-json\/wp\/v2\/product_cat?post=681084"},{"taxonomy":"product_tag","embeddable":true,"href":"https:\/\/schuhewiebarfuss.at\/shop\/wp-json\/wp\/v2\/product_tag?post=681084"}],"curies":[{"name":"wp","href":"https:\/\/api.w.org\/{rel}","templated":true}]}}