{"id":680946,"date":"2024-11-28T17:51:50","date_gmt":"2024-11-28T16:51:50","guid":{"rendered":"https:\/\/schuhewiebarfuss.at\/shop\/produkt\/peu-cami-damen\/"},"modified":"2026-03-11T21:35:41","modified_gmt":"2026-03-11T20:35:41","slug":"peu-cami-damen","status":"publish","type":"product","link":"https:\/\/schuhewiebarfuss.at\/shop\/produkt\/peu-cami-damen\/","title":{"rendered":"Peu Cami Damen"},"content":{"rendered":"<p>Diese fantastischen Damen-Lederschuhe sind die klassischen Slip-on-Peu Cami-Schuhe von Camper. Das Obermaterial besteht aus hochwertigem Leder, das von einem von der Leather Working Group zertifizierten Lieferanten stammt, um Nachhaltigkeit und umweltfreundliche Praktiken und ein tolles Tragegef\u00fchl und Aussehen zu gew\u00e4hrleisten. 360\u00b0-N\u00e4hte sorgen f\u00fcr eine lange Haltbarkeit, w\u00e4hrend die zu 75 % recycelten elastischen Schn\u00fcrsenkel ein einfaches An- und Ausziehen erm\u00f6glichen. Im Inneren dieses l\u00e4ssigen Sneaker-Schuhs befindet sich ein Leder- und Textilfutter mit einem st\u00fctzenden Fu\u00dfbett, das zus\u00e4tzlichen Komfort f\u00fcr ganzt\u00e4giges Tragen bietet. Ausgestattet mit einer leichten TPU-Au\u00dfensohle, die mit der Contact Earth-Technologie hergestellt wurde, sind diese Herrenschuhe von Camper UK ein Muss.<\/p>\n<p>BRAUNER DAMENSCHUH &#8211; Modellnummer: 20848-246<\/p>\n<p>Materialdetails:<\/p>\n<p>Obermaterial: Nubukleder von der LWG-Gerberei<br \/>\nInnenfutter: 45% recycelter Polyester, 44% Leder, 11% Nubukleder<br \/>\nSohle: 80% TPU \/ 20% recyceltes TPU mit Contact Earth-Technologie<br \/>\nInnensohle: EVA, herausnehmbar<br \/>\nAbsatz: Nullabsatz, keine H\u00f6hendifferenz zwischen Ferse und Vorderfu\u00df<br \/>\nVerschluss: 75 % recycelte elastische Schn\u00fcrsenkel<br \/>\nBesonderheiten: super leicht und flexibel<br \/>\nFarbe: Brown<\/p>\n<p>GRAUER DAMENSCHUH &#8211; Modellnummer: 20848-247<\/p>\n<p>Materialdetails:<\/p>\n<p>Obermaterial: Nubukleder von der LWG-Gerberei<br \/>\nInnenfutter: 45% recycelter Polyester, 44% Leder, 11% Nubukleder<br \/>\nSohle: TPU-Laufsohle (20% Recyclinganteil) mit Contact Earth-Technologie<br \/>\nInnensohle: EVA, herausnehmbar<br \/>\nAbsatz: Nullabsatz, keine H\u00f6hendifferenz zwischen Ferse und Vorderfu\u00df<br \/>\nVerschluss: 75 % recycelte elastische Schn\u00fcrsenkel<br \/>\nBesonderheiten: super leicht und flexibel<br \/>\nFarbe: Grey<\/p>\n<p>SCHWARZER DAMENSCHUH &#8211; Modellnummer: K200514-040<\/p>\n<p>Materialdetails:<\/p>\n<p>Obermaterial: Glattleder von der LWG-Gerberei<br \/>\nInnenfutter: 100% recycelter Polyester<br \/>\nSohle: TPU-Laufsohle (20% Recyclinganteil) mit Contact Earth-Technologie<br \/>\nInnensohle: EVA, herausnehmbar<br \/>\nAbsatz: Nullabsatz, keine H\u00f6hendifferenz zwischen Ferse und Vorderfu\u00df<br \/>\nVerschluss: 75 % recycelte elastische Schn\u00fcrsenkel<br \/>\nBesonderheiten: super leicht und flexibel<br \/>\nFarbe: Black<\/p>\n<p>Pflegehinweis:<\/p>\n<p>Diese Schuhe sind aus sorgf\u00e4ltig ausgew\u00e4hlten, hochwertigen Materialien gefertigt. Die Verwendung der richtigen Schuhpflegeprodukte sorgt f\u00fcr hohen Schutz und Langlebigkeit dieser Produkte.<\/p>\n<p>1. Schmutz und Staub zun\u00e4chst mit einem weichen Tuch entfernen.<br \/>\n2. Leder mit einer Lotion reinigen und pflegen.<br \/>\n3. Leder mit einer Schuhcreme pflegen. D\u00fcnn auftragen und einige Minuten trocknen lassen.<br \/>\n4. Leder mit einem Tuch polieren.<br \/>\n5. Impr\u00e4gnieren Sie das Leder mit Impr\u00e4gnierspray gegen Schmutz und Feuchtigkeit.<\/p>\n<p><b>Audio-Beschreibung<\/b><br \/><audio controls src=\"https:\/\/schuhewiebarfuss.at\/shop\/wp-content\/uploads\/lk\/9532_audio.wav\"><br \/>\n                                            Ihr Browser unterst\u00fctzt diese Audio-Ausgabe leider nicht.<br \/>\n                                            <\/ audio ><\/p>\n","protected":false},"excerpt":{"rendered":"<p>Camper PEU CAMI Damenschuh<\/p>\n<p>Unser Peu Damenschuh folgt der nat\u00fcrlichen Fu\u00dfform.<br \/>\nDie einzigartige Silhouette vereint alle Vorz\u00fcge des Barfu\u00dflaufens in einem Design.<br \/>\nPeu ist ein Camper-Kultobjekt, das sich in jeder Saison in einem neuen Gewand pr\u00e4sentiert.<br \/>\nDie Strobel-Machart mit Rundumnaht garantiert unerreichte Biegsamkeit und Langlebigkeit in jeder Situation.<\/p>\n","protected":false},"featured_media":682056,"comment_status":"open","ping_status":"closed","template":"","meta":[],"product_brand":[],"product_cat":[830],"product_tag":[1544,1371,1408,1362,1368,1373,1374,1375,1376,1377,2721],"class_list":{"0":"post-680946","1":"product","2":"type-product","3":"status-publish","4":"has-post-thumbnail","6":"product_cat-lifestyle-4","7":"product_tag-farbe-braun","8":"product_tag-farbe-grau","9":"product_tag-farbe-schwarz","10":"product_tag-groesse-36","11":"product_tag-groesse-37","12":"product_tag-groesse-38","13":"product_tag-groesse-39","14":"product_tag-groesse-40","15":"product_tag-groesse-41","16":"product_tag-groesse-42","17":"product_tag-marke-camper","19":"first","20":"instock","21":"taxable","22":"shipping-taxable","23":"purchasable","24":"product-type-variable"},"_links":{"self":[{"href":"https:\/\/schuhewiebarfuss.at\/shop\/wp-json\/wp\/v2\/product\/680946","targetHints":{"allow":["GET"]}}],"collection":[{"href":"https:\/\/schuhewiebarfuss.at\/shop\/wp-json\/wp\/v2\/product"}],"about":[{"href":"https:\/\/schuhewiebarfuss.at\/shop\/wp-json\/wp\/v2\/types\/product"}],"replies":[{"embeddable":true,"href":"https:\/\/schuhewiebarfuss.at\/shop\/wp-json\/wp\/v2\/comments?post=680946"}],"wp:featuredmedia":[{"embeddable":true,"href":"https:\/\/schuhewiebarfuss.at\/shop\/wp-json\/wp\/v2\/media\/682056"}],"wp:attachment":[{"href":"https:\/\/schuhewiebarfuss.at\/shop\/wp-json\/wp\/v2\/media?parent=680946"}],"wp:term":[{"taxonomy":"product_brand","embeddable":true,"href":"https:\/\/schuhewiebarfuss.at\/shop\/wp-json\/wp\/v2\/product_brand?post=680946"},{"taxonomy":"product_cat","embeddable":true,"href":"https:\/\/schuhewiebarfuss.at\/shop\/wp-json\/wp\/v2\/product_cat?post=680946"},{"taxonomy":"product_tag","embeddable":true,"href":"https:\/\/schuhewiebarfuss.at\/shop\/wp-json\/wp\/v2\/product_tag?post=680946"}],"curies":[{"name":"wp","href":"https:\/\/api.w.org\/{rel}","templated":true}]}}