{"id":680466,"date":"2024-11-27T16:35:26","date_gmt":"2024-11-27T15:35:26","guid":{"rendered":"https:\/\/schuhewiebarfuss.at\/shop\/produkt\/mila-damen\/"},"modified":"2026-03-01T15:00:35","modified_gmt":"2026-03-01T14:00:35","slug":"mila-damen","status":"publish","type":"product","link":"https:\/\/schuhewiebarfuss.at\/shop\/produkt\/mila-damen\/","title":{"rendered":"Mila Damen"},"content":{"rendered":"<p>Groundies Barfu\u00df-Hochschaftstiefel MILA<\/p>\n<p>Hoch, h\u00f6her, MILA &#8211; d\u00fcrfen wir vorstellen: Das ist unser Groundies Barfu\u00df-Hochschaftstiefel, der ganz offensichtlich hoch hinaus m\u00f6chte. Durch das Kaltfutter, das abgerundete Design und den Elastikanteil im Wadenbereich tr\u00e4gt dieser Stiefel nicht auf, was ihn zu einem schlanken und wadenschmeichelnden Begleiter macht. Der Materialmix aus w\u00e4rmendem Fleece und atmungsaktiver OnSteam\u00ae Mikrofaser machen diesen Damen Barfu\u00dfstiefel zu einem Must-have f\u00fcr deine Herbstgarderobe. Jetzt noch hochwertiger dank neuem Leder.<\/p>\n<p>HIGHLIGHTS<\/p>\n<p>Trendiger Barfu\u00df-Hochschaftstiefel aus anschmiegsamem Leder<br \/>\nBessere Passform dank abgerundetem Design und Elastikanteil<br \/>\nAtmungsaktives, w\u00e4rmendes Innenfutter aus Fleece und OnSteam\u00ae Besonderheiten<\/p>\n<p>Materialdetails:<\/p>\n<p>Obermaterial: hochwertiges Leder<br \/>\nInnenfutter: Materialmix aus w\u00e4rmendem Fleece und atmungsaktiver OnSteam\u00ae Mikrofaser<br \/>\nSohle: TrueSense\u00ae GO1 Sohle mit 3 mm Basis und 3,3 mm Profil<br \/>\nInnensohle: nicht herausnehmbar<br \/>\nAbsatz: Nullabsatz, keine H\u00f6hendifferenz zwischen Ferse und Vorderfu\u00df<br \/>\nVerschluss: Rei\u00dfverschluss<br \/>\nBesonderheiten: Flexibel, rutsch- und abriebfest<br \/>\nPassform: weite Passform im Zehenbereich, Kniehoch<br \/>\nDesigned in Germany. Made in Portugal<br \/>\nGr\u00f6\u00dfenhinweis: Dieses Modell f\u00e4llt gr\u00f6\u00dfengerecht aus<\/p>\n<p>Pflegehinweis:<\/p>\n<p>Bitte verwende zum Reinigen deiner Groundies ein mit kaltem, klarem Wasser angefeuchtetes Tuch oder einen Schwamm. Besonders bei Leder- und Kunstleder-Modellen ist eine Impr\u00e4gnierung unbedingt empfehlenswert, um die Schuhe vor Feuchtigkeit, Verschmutzung und Umwelteinfl\u00fcssen zu sch\u00fctzen.<\/p>\n<p><b>Audio-Beschreibung<\/b><br \/><audio controls src=\"https:\/\/schuhewiebarfuss.at\/shop\/wp-content\/uploads\/lk\/9559_audio.wav\"><br \/>\n                                            Ihr Browser unterst\u00fctzt diese Audio-Ausgabe leider nicht.<br \/>\n                                            <\/ audio ><\/p>\n","protected":false},"excerpt":{"rendered":"<p>Groundies MILA Hochschaftstiefel <\/p>\n<p>Obermaterial: hochwertiges Leder<br \/>\nInnenfutter: Fleece und OnSteam\u00ae Mikrofaser<br \/>\nSohle: TrueSense\u00ae GO1<br \/>\nInnensohle: nicht herausnehmbar<br \/>\nAbsatz: Nullabsatz<br \/>\nVerschluss: Rei\u00dfverschluss<br \/>\nBesonderheiten: Flexibel, rutsch- und abriebfest<br \/>\nPassform: weite Passform im Zehenbereich, Kniehoch<br \/>\nGr\u00f6\u00dfenhinweis: Dieses Modell f\u00e4llt gr\u00f6\u00dfengerecht aus<\/p>\n","protected":false},"featured_media":680522,"comment_status":"open","ping_status":"closed","template":"","meta":[],"product_brand":[],"product_cat":[830],"product_tag":[1544,1408,1362,1368,1373,1374,1375,1376,1377,2953],"class_list":{"0":"post-680466","1":"product","2":"type-product","3":"status-publish","4":"has-post-thumbnail","6":"product_cat-lifestyle-4","7":"product_tag-farbe-braun","8":"product_tag-farbe-schwarz","9":"product_tag-groesse-36","10":"product_tag-groesse-37","11":"product_tag-groesse-38","12":"product_tag-groesse-39","13":"product_tag-groesse-40","14":"product_tag-groesse-41","15":"product_tag-groesse-42","16":"product_tag-marke-groundies","18":"first","19":"instock","20":"taxable","21":"shipping-taxable","22":"purchasable","23":"product-type-variable"},"_links":{"self":[{"href":"https:\/\/schuhewiebarfuss.at\/shop\/wp-json\/wp\/v2\/product\/680466","targetHints":{"allow":["GET"]}}],"collection":[{"href":"https:\/\/schuhewiebarfuss.at\/shop\/wp-json\/wp\/v2\/product"}],"about":[{"href":"https:\/\/schuhewiebarfuss.at\/shop\/wp-json\/wp\/v2\/types\/product"}],"replies":[{"embeddable":true,"href":"https:\/\/schuhewiebarfuss.at\/shop\/wp-json\/wp\/v2\/comments?post=680466"}],"wp:featuredmedia":[{"embeddable":true,"href":"https:\/\/schuhewiebarfuss.at\/shop\/wp-json\/wp\/v2\/media\/680522"}],"wp:attachment":[{"href":"https:\/\/schuhewiebarfuss.at\/shop\/wp-json\/wp\/v2\/media?parent=680466"}],"wp:term":[{"taxonomy":"product_brand","embeddable":true,"href":"https:\/\/schuhewiebarfuss.at\/shop\/wp-json\/wp\/v2\/product_brand?post=680466"},{"taxonomy":"product_cat","embeddable":true,"href":"https:\/\/schuhewiebarfuss.at\/shop\/wp-json\/wp\/v2\/product_cat?post=680466"},{"taxonomy":"product_tag","embeddable":true,"href":"https:\/\/schuhewiebarfuss.at\/shop\/wp-json\/wp\/v2\/product_tag?post=680466"}],"curies":[{"name":"wp","href":"https:\/\/api.w.org\/{rel}","templated":true}]}}