{"id":679606,"date":"2024-11-26T19:35:42","date_gmt":"2024-11-26T18:35:42","guid":{"rendered":"https:\/\/schuhewiebarfuss.at\/shop\/produkt\/dean-2-0-wp-wool\/"},"modified":"2026-03-19T08:00:18","modified_gmt":"2026-03-19T07:00:18","slug":"dean-2-0-wp-wool","status":"publish","type":"product","link":"https:\/\/schuhewiebarfuss.at\/shop\/produkt\/dean-2-0-wp-wool\/","title":{"rendered":"Dean 2.0 WP Wool"},"content":{"rendered":"<p>Die KOEL Barefoot Kinderstiefel &#8211; DEAN 2.0 WP WOOL sind die idealen Begleiter f\u00fcr aktive Kinderf\u00fcsse. Mit einem Obermaterial aus strapazierf\u00e4higem Nubukleder bieten sie nicht nur Wasserbest\u00e4ndigkeit, sondern sind auch atmungsaktiv und nachhaltig. Die Tex-Membran und das Woll-Futter halten die F\u00fcsse warm und trocken, w\u00e4hrend der weiche Strick-Kragen f\u00fcr zus\u00e4tzlichen Komfort sorgt. Dank der rutschfesten und ultra flexiblen Gummisohle k\u00f6nnen Kinder problemlos spielen und herumtoben. Die herausnehmbare Innensohle erm\u00f6glicht eine schnelle \u00dcberpr\u00fcfung der Passform des Schuhs &#8211; ideal f\u00fcr wachsende Kinderf\u00fcsse. Die Barfuss-Technologie sorgt daf\u00fcr, dass keine H\u00f6hendifferenz zwischen Ferse und Vorderfuss besteht. Die KOEL Barefoot Kinderstiefel werden in Portugal von Hand gefertigt und sind frei von sch\u00e4dlichen Materialien. Mit dem Modell Dean Tex Wool setzt die Marke KOEL auf Qualit\u00e4t und Komfort f\u00fcr kleine Abenteurer.<\/p>\n<p>&#8211; Barfu\u00dfschuh gef\u00fcttert \/ Winterstiefel in h\u00f6herer Form bis gut \u00fcber den Gelenkknochen gehend<\/p>\n<p>&#8211; abgepolsterter Einstieg, Schaftkragen au\u00dfen aus dekorativem Samtcord, innen komplett mit weichem Merino Wollfutter ausgelegt, seitlich mit dem wertig gestickten KOEL Logo Patch<\/p>\n<p>&#8211; mit Klett zu \u00f6ffnen ,an der Fessel so optimal zu regulieren, da die \u00d6ffnung sehr weit in den Vorfu\u00df geht<\/p>\n<p>&#8211; seitlich an der Zunge vern\u00e4ht (Wasserlasche) mit weicher Mikrofaser Schicht, bis dahin dann stark wasserabweisend<\/p>\n<p>&#8211; herausnehmbare, weiche, mit Wollfilz bezogene Sohle, wird diese herausgenommen wird es noch weicher und flexibler<\/p>\n<p>&#8211; flexible Gummisohle mit Minimalprofil, Nullabsatz und keinerlei Erh\u00f6hungen im Mittelfu\u00df oder der Ferse<\/p>\n<p>&#8211; an der Spitze im Zehenbereich ist die Sohle hochgezogen als Schutzkante<\/p>\n<p>&#8211; super weich und flexibel, das Material weicht sich noch mehr beim tragen der Schuhe<\/p>\n<p>Der optimale Schuh f\u00fcr den Winter &#8211; ein hochwertig verarbeiteter Schuh in schlicht, zeitloser Optik von KOEL Barefoot.<\/p>\n<p>Materialdetails:<\/p>\n<p>Obermaterial: Nubukleder, Hydrophobiert, samtig weiches Finish<br \/>\nInnenfutter: Lammwolle + Tex Membran<br \/>\nSohle: 100 % Naturkautschuk mit minimal Profil, 0,5 mm<br \/>\nInnensohle: Wollfilz, herausnehmbar und recycelt<br \/>\nAbsatz: Nullabsatz, keine H\u00f6hendifferenz zwischen Ferse und Vorderfu\u00df<br \/>\nVerschluss: Klettverschl\u00fcsse<br \/>\nBesonderheiten: flache Sohle, Komfort, Rutschfest, Medium-Fit, wasserabweisend, atmungsaktiv<br \/>\nPassform: Weite M  &#8211;  normal bis hohen Spann, normal bis minimal breit, Ferse &#8211; normal, Zehenbox &#8211; gerundet, anatomische Form<br \/>\nMaterialhinweis: Frei von sch\u00e4dlichen Materialien (gepr\u00fcft!)<br \/>\nHergestellt in Portugal<\/p>\n<p>!! TIP bei kalten F\u00fc\u00dfen &#8211; tragen sie am besten Socken die nicht zu eng am Fu\u00df sitzen aus Wolle, da diese sich am Fu\u00df des Kindes nicht so schnell feucht und  sich damit kalt anf\u00fchlen wie eine Socke aus Baumwolle &#8211; auch Funktionssocken leiten die Feuchtigkeit des Fu\u00dfes hervorragend ab, so das das Kind nicht so schnell kalte F\u00fc\u00dfe durch feuchte Socken bekommt<\/p>\n<p>Pflegehinweis:<\/p>\n<p>Um Schmutz zu entfernen, wischen Sie die Schuhe vorsichtig mit einem feuchten Tuch ab. Vermeiden Sie die Verwendung scharfer Chemikalien oder Scheuermittel, da diese die Materialien besch\u00e4digen k\u00f6nnen. Vermeiden Sie es, sie direkten W\u00e4rmequellen wie Heizk\u00f6rpern oder Sonnenlicht auszusetzen, da dies zu Sch\u00e4den am Material f\u00fchren kann.<\/p>\n<p>Sohle &#8211; L\u00e4nge\/Breite (mm): (Die L\u00e4nge des Fu\u00dfes ihres kindes sollte die gemessene L\u00e4nge nicht \u00fcberschreiten)<\/p>\n<p>Gr\u00f6\u00dfe: 20 &#8211; L\u00e4nge: 12.1 &#8211; 12.7 cm &#8211; Breite: 5.6 cm<br \/>\nGr\u00f6\u00dfe: 21 &#8211; L\u00e4nge: 12.3 &#8211; 12.9 cm &#8211; Breite: 5.8 cm<br \/>\nGr\u00f6\u00dfe: 22 &#8211; L\u00e4nge: 13.1 &#8211; 13.7 cm &#8211; Breite: 5.8 cm<br \/>\nGr\u00f6\u00dfe: 23 &#8211; L\u00e4nge: 13.5 &#8211; 14.1 cm &#8211; Breite: 6.3 cm<br \/>\nGr\u00f6\u00dfe: 24 &#8211; L\u00e4nge: 14.2 &#8211; 14.8 cm &#8211; Breite: 6.4 cm<br \/>\nGr\u00f6\u00dfe: 25 &#8211; L\u00e4nge: 15.0 &#8211; 15.6 cm &#8211; Breite: 6.5 cm<br \/>\nGr\u00f6\u00dfe: 26 &#8211; L\u00e4nge: 15.5 &#8211; 16.1 cm &#8211; Breite: 6.6 cm<br \/>\nGr\u00f6\u00dfe: 27 &#8211; L\u00e4nge: 16.2 &#8211; 16.8 cm &#8211; Breite: 6.7 cm<br \/>\nGr\u00f6\u00dfe: 28 &#8211; L\u00e4nge: 16.9 &#8211; 17.5 cm &#8211; Breite: 6.8 cm<br \/>\nGr\u00f6\u00dfe: 29 &#8211; L\u00e4nge: 17.3 &#8211; 17.9 cm &#8211; Breite: 7.2 cm<br \/>\nGr\u00f6\u00dfe: 30 &#8211; L\u00e4nge: 18.1 &#8211; 18.7 cm &#8211; Breite: 7.4 cm<br \/>\nGr\u00f6\u00dfe: 31 &#8211; L\u00e4nge: 18.8 &#8211; 19.4 cm &#8211; Breite: 7.5 cm<br \/>\nGr\u00f6\u00dfe: 32 &#8211; L\u00e4nge: 19.4 &#8211; 20.0 cm &#8211; Breite: 7.7 cm<\/p>\n<p><b>Audio-Beschreibung<\/b><br \/><audio controls src=\"https:\/\/schuhewiebarfuss.at\/shop\/wp-content\/uploads\/lk\/9575_audio.wav\"><br \/>\n                                            Ihr Browser unterst\u00fctzt diese Audio-Ausgabe leider nicht.<br \/>\n                                            <\/ audio ><\/p>\n","protected":false},"excerpt":{"rendered":"<p>Koel DEAN 2.0 WP<\/p>\n<p>Obermaterial: Nubukleder<br \/>\nInnenfutter: Lammwolle + Tex Membran<br \/>\nSohle: 100 % Naturkautschuk<br \/>\nInnensohle: Wollfilz, herausnehmbar und recycelt<br \/>\nAbsatz: Nullabsatz<br \/>\nVerschluss: Klettverschl\u00fcsse<br \/>\nBesonderheiten: flache Sohle, Komfort, Rutschfest, Medium-Fit, wasserabweisend, atmungsaktiv<br \/>\nPassform: Weite M<br \/>\nMaterialhinweis: Frei von Schadstoffen<\/p>\n","protected":false},"featured_media":682808,"comment_status":"open","ping_status":"closed","template":"","meta":[],"product_brand":[],"product_cat":[848],"product_tag":[1544,1570,1600,1385,1390,1391,1392,1393,1394,1395,1396,1397,1398,1399,1400,1401,2778],"class_list":{"0":"post-679606","1":"product","2":"type-product","3":"status-publish","4":"has-post-thumbnail","6":"product_cat-winterschuhe-1","7":"product_tag-farbe-braun","8":"product_tag-farbe-gruen","9":"product_tag-farbe-rot","10":"product_tag-groesse-20","11":"product_tag-groesse-21","12":"product_tag-groesse-22","13":"product_tag-groesse-23","14":"product_tag-groesse-24","15":"product_tag-groesse-25","16":"product_tag-groesse-26","17":"product_tag-groesse-27","18":"product_tag-groesse-28","19":"product_tag-groesse-29","20":"product_tag-groesse-30","21":"product_tag-groesse-31","22":"product_tag-groesse-32","23":"product_tag-marke-koel-shoes-international","25":"first","26":"instock","27":"taxable","28":"shipping-taxable","29":"purchasable","30":"product-type-variable"},"_links":{"self":[{"href":"https:\/\/schuhewiebarfuss.at\/shop\/wp-json\/wp\/v2\/product\/679606","targetHints":{"allow":["GET"]}}],"collection":[{"href":"https:\/\/schuhewiebarfuss.at\/shop\/wp-json\/wp\/v2\/product"}],"about":[{"href":"https:\/\/schuhewiebarfuss.at\/shop\/wp-json\/wp\/v2\/types\/product"}],"replies":[{"embeddable":true,"href":"https:\/\/schuhewiebarfuss.at\/shop\/wp-json\/wp\/v2\/comments?post=679606"}],"wp:featuredmedia":[{"embeddable":true,"href":"https:\/\/schuhewiebarfuss.at\/shop\/wp-json\/wp\/v2\/media\/682808"}],"wp:attachment":[{"href":"https:\/\/schuhewiebarfuss.at\/shop\/wp-json\/wp\/v2\/media?parent=679606"}],"wp:term":[{"taxonomy":"product_brand","embeddable":true,"href":"https:\/\/schuhewiebarfuss.at\/shop\/wp-json\/wp\/v2\/product_brand?post=679606"},{"taxonomy":"product_cat","embeddable":true,"href":"https:\/\/schuhewiebarfuss.at\/shop\/wp-json\/wp\/v2\/product_cat?post=679606"},{"taxonomy":"product_tag","embeddable":true,"href":"https:\/\/schuhewiebarfuss.at\/shop\/wp-json\/wp\/v2\/product_tag?post=679606"}],"curies":[{"name":"wp","href":"https:\/\/api.w.org\/{rel}","templated":true}]}}