{"id":679575,"date":"2024-11-26T18:48:08","date_gmt":"2024-11-26T17:48:08","guid":{"rendered":"https:\/\/schuhewiebarfuss.at\/shop\/produkt\/rana-wp-tex\/"},"modified":"2026-03-01T19:51:02","modified_gmt":"2026-03-01T18:51:02","slug":"rana-wp-tex","status":"publish","type":"product","link":"https:\/\/schuhewiebarfuss.at\/shop\/produkt\/rana-wp-tex\/","title":{"rendered":"Rana WP Tex"},"content":{"rendered":"<p>RANA &#8211; mehr als ein Regenschuh von Koel. Der Barfu\u00dfschuh ist aus sehr robustem und abriebfestem Codura Funktionsmaterial mit einer verbesserten Membran in Sockentechnik, welche den Regenstiefel wasserdicht macht. Im Inneren sorgt die anschmiegsame und butterweiche Lammwolle f\u00fcr angenehmen Fu\u00dfkomfort. Der Einstieg des Rana ist volumin\u00f6ser, was das Ein- und Ausziehen des Schuhs erleichtert. Die fabrikneue, profilierte Santisohle wird durch das mehrmalige Tragen wesentlich weicher. Die Zehenbox ist ergonomisch und das Fu\u00dfbett flach.<\/p>\n<p>F\u00fcr uns ist der \u00fcberarbeitete Rana mit dem einfach zu bedienendem Schn\u00fcrsystem ein optimaler Begleiter im Waldkindergarten, Kindergarten, Kita, Schule und Freizeit. Und mit der profilierten Sohle ist das Klettern, Rennen und Schlittenfahren ein Kinderspiel.<br \/>\nWenn euer Kind den Rana mit dicken Socken tragen soll, dann denkt daran den Schuh entsprechend gr\u00f6\u00dfer zu w\u00e4hlen.<\/p>\n<p>Dein Vorteil: Der Rana vereint einen Alltagsschuh mit einem Gummistiefel. Das freut den Geldbeutel, denn du bekommst zwei Schuhe in einem.<\/p>\n<p>\u00dcbergang &#8211; hoch geschnitten f\u00fcr Pf\u00fctzen oder leicht gef\u00fcttert<\/p>\n<p>Normaler Spann &#8211; Der Spann des Fu\u00dfes bezieht sich auf die H\u00f6he des Bereichs zwischen dem Boden und der Oberseite des Fu\u00dfes<\/p>\n<p>Winter &#8211; Gut gef\u00fcttert und w\u00e4rmend bzw. isolierend f\u00fcr die k\u00e4lteste Jahreszeit<\/p>\n<p>Wasserdicht &#8211; Wasserdichte Schuhe sind speziell entwickelt, um die F\u00fc\u00dfe trocken zu halten, selbst bei nassen Bedingungen. Sie bieten Schutz und Komfort, damit man sich auf das Abenteuer konzentieren kann, ohne sich Gedanken \u00fcber nasse F\u00fc\u00dfe machen zu m\u00fcssen<\/p>\n<p>Schmale Ferse &#8211; F\u00fcr F\u00fc\u00dfe mit schmaler Ferse geeignet<\/p>\n<p>Gef\u00fcttert &#8211; Gef\u00fctterte Schuhe sind mit einem zus\u00e4tzlichen Material ausgekleidet um die F\u00fc\u00dfe zu w\u00e4rmen, sie sind ideal f\u00fcr k\u00e4lteres Wetter und halten die F\u00fc\u00dfe warm<\/p>\n<p>Outdoor &#8211; Griffige Sohle auch auf unwegsamen Terrain gut geeignet, bspw. Wanderschuhe<\/p>\n<p>Herausnehmbare Innensohle &#8211; In diesem Schuh k\u00f6nnt ihr die Einlegesohle herausnehmen oder einfach nur tauschen<\/p>\n<p>Einsatzbereich &#8211; Waldkindergarten, Kindergarten, Krippe, Schule, Freizeit<\/p>\n<p>Materialdetails:<\/p>\n<p>Obermaterial: robustes Cordura 500, hydrophobiertes Leder<br \/>\nInnenfutter: Lammwolle, AquaStop Membran<br \/>\nSohle: weiche Santisohle mit Profil<br \/>\nInnensohle: Herausnehmbare Innensohle<br \/>\nAbsatz: Nullabsatz, keine H\u00f6hendifferenz zwischen Ferse und Vorderfu\u00df<br \/>\nVerschluss: Schnellverschluss<br \/>\nBesonderheiten: TEX Membran, Schaft &#8222;umklappbar&#8220;, wasserdicht, Profil<br \/>\nPassform: normale bis breite F\u00fc\u00dfe, schmale und normale Ferse, niedriger bis normal hoher Spann<br \/>\nMaterialhinweis: Frei von sch\u00e4dlichen Materialien (gepr\u00fcft!)<br \/>\nHergestellt in Portugal<\/p>\n<p>Innensohle &#8211; L\u00e4nge\/Breite (mm):<\/p>\n<p>Gr\u00f6\u00dfe: 24 &#8211; L\u00e4nge: 154 mm &#8211; Breite: 65 mm<br \/>\nGr\u00f6\u00dfe: 25 &#8211; L\u00e4nge: 162 mm &#8211; Breite: 66 mm<br \/>\nGr\u00f6\u00dfe: 26 &#8211; L\u00e4nge: 170 mm &#8211; Breite: 68 mm<br \/>\nGr\u00f6\u00dfe: 27 &#8211; L\u00e4nge: 178 mm &#8211; Breite: 69 mm<br \/>\nGr\u00f6\u00dfe: 28 &#8211; L\u00e4nge: 181 mm &#8211; Breite: 71 mm<br \/>\nGr\u00f6\u00dfe: 29 &#8211; L\u00e4nge: 189 mm &#8211; Breite: 73 mm<br \/>\nGr\u00f6\u00dfe: 30 &#8211; L\u00e4nge: 192 mm &#8211; Breite: 74 mm<br \/>\nGr\u00f6\u00dfe: 31 &#8211; L\u00e4nge: 201 mm &#8211; Breite: 76 mm<br \/>\nGr\u00f6\u00dfe: 32 &#8211; L\u00e4nge: 211 mm &#8211; Breite: 79 mm<br \/>\nGr\u00f6\u00dfe: 33 &#8211; L\u00e4nge: 215 mm &#8211; Breite: 82 mm<br \/>\nGr\u00f6\u00dfe: 34 &#8211; L\u00e4nge: 219 mm &#8211; Breite: 84 mm<br \/>\nGr\u00f6\u00dfe: 35 &#8211; L\u00e4nge: 227 mm &#8211; Breite: 86 mm<\/p>\n<p><b>Audio-Beschreibung<\/b><br \/><audio controls src=\"https:\/\/schuhewiebarfuss.at\/shop\/wp-content\/uploads\/lk\/9574_audio.wav\"><br \/>\n                                            Ihr Browser unterst\u00fctzt diese Audio-Ausgabe leider nicht.<br \/>\n                                            <\/ audio ><\/p>\n","protected":false},"excerpt":{"rendered":"<p>Koel RANA WP LEX Regenschuh<\/p>\n<p>Obermaterial: robustes Cordura 500, Leder<br \/>\nInnenfutter: Lammwolle, AquaStop Membran<br \/>\nSohle: Santisohle mit Profil<br \/>\nInnensohle: Herausnehmbare Innensohle<br \/>\nAbsatz: Nullabsatz<br \/>\nVerschluss: Schnellverschluss<br \/>\nBesonderheiten: TEX Membran, Schaft &#8222;umklappbar&#8220;, wasserdicht, Profil<br \/>\nMaterialhinweis: Frei von Schadstoffen<br \/>\nHergestellt in Portugal<\/p>\n","protected":false},"featured_media":684226,"comment_status":"open","ping_status":"closed","template":"","meta":[],"product_brand":[],"product_cat":[848],"product_tag":[1479,1427,1371,2629,1600,1408,1393,1394,1395,1396,1397,1398,1399,1400,1401,1402,1403,1404,1362,1368,1374,1375,1376,2778],"class_list":{"0":"post-679575","1":"product","2":"type-product","3":"status-publish","4":"has-post-thumbnail","6":"product_cat-winterschuhe-1","7":"product_tag-farbe-blau","8":"product_tag-farbe-gelb","9":"product_tag-farbe-grau","10":"product_tag-farbe-lila","11":"product_tag-farbe-rot","12":"product_tag-farbe-schwarz","13":"product_tag-groesse-24","14":"product_tag-groesse-25","15":"product_tag-groesse-26","16":"product_tag-groesse-27","17":"product_tag-groesse-28","18":"product_tag-groesse-29","19":"product_tag-groesse-30","20":"product_tag-groesse-31","21":"product_tag-groesse-32","22":"product_tag-groesse-33","23":"product_tag-groesse-34","24":"product_tag-groesse-35","25":"product_tag-groesse-36","26":"product_tag-groesse-37","27":"product_tag-groesse-39","28":"product_tag-groesse-40","29":"product_tag-groesse-41","30":"product_tag-marke-koel-shoes-international","32":"first","33":"instock","34":"taxable","35":"shipping-taxable","36":"purchasable","37":"product-type-variable"},"_links":{"self":[{"href":"https:\/\/schuhewiebarfuss.at\/shop\/wp-json\/wp\/v2\/product\/679575","targetHints":{"allow":["GET"]}}],"collection":[{"href":"https:\/\/schuhewiebarfuss.at\/shop\/wp-json\/wp\/v2\/product"}],"about":[{"href":"https:\/\/schuhewiebarfuss.at\/shop\/wp-json\/wp\/v2\/types\/product"}],"replies":[{"embeddable":true,"href":"https:\/\/schuhewiebarfuss.at\/shop\/wp-json\/wp\/v2\/comments?post=679575"}],"wp:featuredmedia":[{"embeddable":true,"href":"https:\/\/schuhewiebarfuss.at\/shop\/wp-json\/wp\/v2\/media\/684226"}],"wp:attachment":[{"href":"https:\/\/schuhewiebarfuss.at\/shop\/wp-json\/wp\/v2\/media?parent=679575"}],"wp:term":[{"taxonomy":"product_brand","embeddable":true,"href":"https:\/\/schuhewiebarfuss.at\/shop\/wp-json\/wp\/v2\/product_brand?post=679575"},{"taxonomy":"product_cat","embeddable":true,"href":"https:\/\/schuhewiebarfuss.at\/shop\/wp-json\/wp\/v2\/product_cat?post=679575"},{"taxonomy":"product_tag","embeddable":true,"href":"https:\/\/schuhewiebarfuss.at\/shop\/wp-json\/wp\/v2\/product_tag?post=679575"}],"curies":[{"name":"wp","href":"https:\/\/api.w.org\/{rel}","templated":true}]}}