{"id":675087,"date":"2024-11-15T16:44:22","date_gmt":"2024-11-15T15:44:22","guid":{"rendered":"https:\/\/schuhewiebarfuss.at\/shop\/produkt\/all-terrain-low-wp-damen\/"},"modified":"2026-04-02T18:29:24","modified_gmt":"2026-04-02T16:29:24","slug":"all-terrain-low-wp-damen","status":"publish","type":"product","link":"https:\/\/schuhewiebarfuss.at\/shop\/produkt\/all-terrain-low-wp-damen\/","title":{"rendered":"All Terrain Low WP Damen"},"content":{"rendered":"<p>Barfu\u00dffeeling bei Wind und Wetter! Unser All Terrain Low WP ist ein robuster und dennoch leichter Outdoorschuh. Wasserdicht und vegan, punktet dieser Barfu\u00dfschuh vor allem durch seine rutschfeste Stollensohle, den zus\u00e4tzlichen Sto\u00df- und Wasserschutz durch umliegende Kunststoffapplikationen sowie zwei Einlegesohlen in unterschiedlichen St\u00e4rken (5mm und 3mm) zur individuellen Gr\u00f6\u00dfenanpassung. Ideal f\u00fcrs Gel\u00e4nde oder als Trail\/Laufschuh, sorgen die reflektierenden Streifen an Schn\u00fcrung und Ferse f\u00fcr bessere Sichtbarkeit in Verkehr und Natur.<\/p>\n<p>HIGHLIGHTS<\/p>\n<p>Wasserdicht, geeignet f\u00fcr verschiedene Gel\u00e4ndearten<br \/>\nZwei verschiedene Einlegesohlen in unterschiedlicher St\u00e4rke<br \/>\nReflektierende Streifen an der Schn\u00fcrung und der Ferse<\/p>\n<p>Materialdetails:<\/p>\n<p>Obermaterial: 100% recyceltem Polyester<br \/>\nInnenfutter: recyceltem Textil und Mikrofaser<br \/>\nSohle: TrueSense\u00ae All Terrain Sohle mit 2,5 mm Basis und 3,0 mm Profil<br \/>\nInnensohle: herausnehmbar, zwei verschiedene Einlegesohlen in den St\u00e4rken 5mm und 3mm<br \/>\nAbsatz: Nullabsatz, keine H\u00f6hendifferenz zwischen Ferse und Vorderfu\u00df<br \/>\nVerschluss: Schn\u00fcrsenkel<br \/>\nBesonderheiten: Flexibel und abriebfest, reflektierender Streifen an Schn\u00fcrung und Ferse, zus\u00e4tzlicher Sto\u00df- und Wasserschutz durch umschlie\u00dfende Kunststoff-Applikationen, rutschfeste Stollensohle, Vegan, Wasserdicht<br \/>\nAnatomische Zehenbox: Fu\u00dfgerechte, weitere Passform im Zehenbereich<br \/>\nEntwickelt in Deutschland. Made in Vietnam<br \/>\nGr\u00f6\u00dfenhinweis: Dieses Modell f\u00e4llt eine Nummer kleiner aus.<\/p>\n<p>Pflegehinweise:<\/p>\n<p>Bitte verwende zum Reinigen deiner Groundies ein mit kaltem, klarem Wasser angefeuchtetes Tuch oder einen Schwamm. Besonders bei Leder- und Kunstleder-Modellen ist eine Impr\u00e4gnierung unbedingt empfehlenswert, um die Schuhe vor Feuchtigkeit, Verschmutzung und Umwelteinfl\u00fcssen zu sch\u00fctzen.<\/p>\n<p><b>Audio-Beschreibung<\/b><br \/><audio controls src=\"https:\/\/schuhewiebarfuss.at\/shop\/wp-content\/uploads\/lk\/9551_audio.wav\"><br \/>\n                                            Ihr Browser unterst\u00fctzt diese Audio-Ausgabe leider nicht.<br \/>\n                                            <\/ audio ><\/p>\n","protected":false},"excerpt":{"rendered":"<p>Groundies ALL TERRAIN LOW Barfu\u00df-Sportschuh<\/p>\n<p>Obermaterial: 100% recyceltem Polyester<br \/>\nInnenfutter: Textil und Mikrofaser<br \/>\nSohle: TrueSense\u00ae All Terrain<br \/>\nInnensohle: herausnehmbar, zwei Paar Einlegesohlen<br \/>\nAbsatz: Nullabsatz<br \/>\nVerschluss: Schn\u00fcrsenkel<br \/>\nBesonderheiten: Flexibel und abriebfest, reflektierender Streifen, Sto\u00df- und Wasserschutz (Kunststoff-Applikationen), rutschfest, Vegan, Wasserdicht<br \/>\nGr\u00f6\u00dfenhinweis: Dieses Modell f\u00e4llt eine Nummer kleiner aus.<\/p>\n","protected":false},"featured_media":681202,"comment_status":"open","ping_status":"closed","template":"","meta":[],"product_brand":[],"product_cat":[833],"product_tag":[1479,1408,1362,1368,1373,1374,1375,1376,1377,2953],"class_list":{"0":"post-675087","1":"product","2":"type-product","3":"status-publish","4":"has-post-thumbnail","6":"product_cat-wanderschuhe-1","7":"product_tag-farbe-blau","8":"product_tag-farbe-schwarz","9":"product_tag-groesse-36","10":"product_tag-groesse-37","11":"product_tag-groesse-38","12":"product_tag-groesse-39","13":"product_tag-groesse-40","14":"product_tag-groesse-41","15":"product_tag-groesse-42","16":"product_tag-marke-groundies","18":"first","19":"instock","20":"taxable","21":"shipping-taxable","22":"purchasable","23":"product-type-variable"},"_links":{"self":[{"href":"https:\/\/schuhewiebarfuss.at\/shop\/wp-json\/wp\/v2\/product\/675087","targetHints":{"allow":["GET"]}}],"collection":[{"href":"https:\/\/schuhewiebarfuss.at\/shop\/wp-json\/wp\/v2\/product"}],"about":[{"href":"https:\/\/schuhewiebarfuss.at\/shop\/wp-json\/wp\/v2\/types\/product"}],"replies":[{"embeddable":true,"href":"https:\/\/schuhewiebarfuss.at\/shop\/wp-json\/wp\/v2\/comments?post=675087"}],"wp:featuredmedia":[{"embeddable":true,"href":"https:\/\/schuhewiebarfuss.at\/shop\/wp-json\/wp\/v2\/media\/681202"}],"wp:attachment":[{"href":"https:\/\/schuhewiebarfuss.at\/shop\/wp-json\/wp\/v2\/media?parent=675087"}],"wp:term":[{"taxonomy":"product_brand","embeddable":true,"href":"https:\/\/schuhewiebarfuss.at\/shop\/wp-json\/wp\/v2\/product_brand?post=675087"},{"taxonomy":"product_cat","embeddable":true,"href":"https:\/\/schuhewiebarfuss.at\/shop\/wp-json\/wp\/v2\/product_cat?post=675087"},{"taxonomy":"product_tag","embeddable":true,"href":"https:\/\/schuhewiebarfuss.at\/shop\/wp-json\/wp\/v2\/product_tag?post=675087"}],"curies":[{"name":"wp","href":"https:\/\/api.w.org\/{rel}","templated":true}]}}