{"id":674597,"date":"2024-11-15T14:55:11","date_gmt":"2024-11-15T13:55:11","guid":{"rendered":"https:\/\/schuhewiebarfuss.at\/shop\/produkt\/palermo-herren\/"},"modified":"2026-03-01T12:13:53","modified_gmt":"2026-03-01T11:13:53","slug":"palermo-herren","status":"publish","type":"product","link":"https:\/\/schuhewiebarfuss.at\/shop\/produkt\/palermo-herren\/","title":{"rendered":"Palermo Herren"},"content":{"rendered":"<p>Unser Palermo ist ein vielseitiger und klassischer Barfu\u00dfschuh, den du sowohl schick als auch sportlich kombinieren kannst. Der Schn\u00fcrer aus hochwertigem Leder und atmungsaktivem OnSteam\u00ae Innenfutter aus Microfaser sorgen mit der d\u00fcnnen und flexiblen Sohle f\u00fcr ein nat\u00fcrliches Barfu\u00dffeeling. Optisch auf das Wesentliche reduziert, findest du hier einen Daily-Allrounder f\u00fcr viele Anl\u00e4sse. Dank der anatomischen Zehenbox haben deine Zehen viel Platz und Bewegungsfreiheit. <\/p>\n<p>HIGHLIGHTS<\/p>\n<p>Hochwertiges Glattleder<br \/>\nKlassischer Schn\u00fcr-Barfu\u00dfschuh<br \/>\nNat\u00fcrliches Barfu\u00dffeeling<\/p>\n<p>Materialdetails:<\/p>\n<p>Obermaterial: hochwertiges Leder<br \/>\nInnenfutter: OnSteam\u00ae Innenfutter aus atmungsaktiver Mikrofaser<br \/>\nSohle: TrueSense\u00ae GO1 Sohle mit 3 mm Basis und 3,3 mm Profil<br \/>\nInnensohle: nicht herausnehmbar<br \/>\nAbsatz: Nullabsatz, keine H\u00f6hendifferenz zwischen Ferse und Vorderfu\u00df<br \/>\nVerschluss: Schn\u00fcrsenkel<br \/>\nBesonderheiten: Flexibel, rutsch- und abriebfest<br \/>\nAnatomische Zehenbox f\u00fcr fu\u00dfgerechte, weitere Passform im Zehenbereich<br \/>\nDesigned in Germany. Made in Portugal<br \/>\nGr\u00f6\u00dfenhinweis: Dieses Modell f\u00e4llt gr\u00f6\u00dfengerecht aus<\/p>\n<p>Pflegehinweise:<\/p>\n<p>Mit Bedacht solltest du deine Lederschuhe behandeln. Wir bitten dich hier die \u00fcblichen Hinweise zur richtigen Pflege von Lederschuhen zu beachten. Leder darf nicht mit Reinigungsmittel ges\u00e4ubert werden und ben\u00f6tigt immer mal wieder Feuchtigkeit. <\/p>\n<p><b>Audio-Beschreibung<\/b><br \/><audio controls src=\"https:\/\/schuhewiebarfuss.at\/shop\/wp-content\/uploads\/lk\/9547_audio.wav\"><br \/>\n                                            Ihr Browser unterst\u00fctzt diese Audio-Ausgabe leider nicht.<br \/>\n                                            <\/ audio ><\/p>\n","protected":false},"excerpt":{"rendered":"<p>Groundies PALERMO<\/p>\n<p>Obermaterial: hochwertiges Leder<br \/>\nInnenfutter: atmungsaktiver Mikrofaser<br \/>\nSohle: TrueSense\u00ae GO1<br \/>\nInnensohle: nicht herausnehmbar<br \/>\nAbsatz: Nullabsatz<br \/>\nVerschluss: Schn\u00fcrsenkel<br \/>\nBesonderheiten: Flexibel, rutsch- und abriebfest<br \/>\nGr\u00f6\u00dfenhinweis: Dieses Modell f\u00e4llt gr\u00f6\u00dfengerecht aus<\/p>\n","protected":false},"featured_media":679846,"comment_status":"open","ping_status":"closed","template":"","meta":[],"product_brand":[],"product_cat":[836],"product_tag":[1544,2912,1408,1375,1377,1378,1379,1380,2953],"class_list":{"0":"post-674597","1":"product","2":"type-product","3":"status-publish","4":"has-post-thumbnail","6":"product_cat-lifestyle-2","7":"product_tag-farbe-braun","8":"product_tag-farbe-cognac","9":"product_tag-farbe-schwarz","10":"product_tag-groesse-40","11":"product_tag-groesse-42","12":"product_tag-groesse-43","13":"product_tag-groesse-44","14":"product_tag-groesse-45","15":"product_tag-marke-groundies","17":"first","18":"instock","19":"taxable","20":"shipping-taxable","21":"purchasable","22":"product-type-variable"},"_links":{"self":[{"href":"https:\/\/schuhewiebarfuss.at\/shop\/wp-json\/wp\/v2\/product\/674597","targetHints":{"allow":["GET"]}}],"collection":[{"href":"https:\/\/schuhewiebarfuss.at\/shop\/wp-json\/wp\/v2\/product"}],"about":[{"href":"https:\/\/schuhewiebarfuss.at\/shop\/wp-json\/wp\/v2\/types\/product"}],"replies":[{"embeddable":true,"href":"https:\/\/schuhewiebarfuss.at\/shop\/wp-json\/wp\/v2\/comments?post=674597"}],"wp:featuredmedia":[{"embeddable":true,"href":"https:\/\/schuhewiebarfuss.at\/shop\/wp-json\/wp\/v2\/media\/679846"}],"wp:attachment":[{"href":"https:\/\/schuhewiebarfuss.at\/shop\/wp-json\/wp\/v2\/media?parent=674597"}],"wp:term":[{"taxonomy":"product_brand","embeddable":true,"href":"https:\/\/schuhewiebarfuss.at\/shop\/wp-json\/wp\/v2\/product_brand?post=674597"},{"taxonomy":"product_cat","embeddable":true,"href":"https:\/\/schuhewiebarfuss.at\/shop\/wp-json\/wp\/v2\/product_cat?post=674597"},{"taxonomy":"product_tag","embeddable":true,"href":"https:\/\/schuhewiebarfuss.at\/shop\/wp-json\/wp\/v2\/product_tag?post=674597"}],"curies":[{"name":"wp","href":"https:\/\/api.w.org\/{rel}","templated":true}]}}