{"id":672933,"date":"2024-11-14T18:00:08","date_gmt":"2024-11-14T17:00:08","guid":{"rendered":"https:\/\/schuhewiebarfuss.at\/shop\/produkt\/milano-damen\/"},"modified":"2026-03-01T13:36:32","modified_gmt":"2026-03-01T12:36:32","slug":"milano-damen","status":"publish","type":"product","link":"https:\/\/schuhewiebarfuss.at\/shop\/produkt\/milano-damen\/","title":{"rendered":"Milano Damen"},"content":{"rendered":"<p>Groundies Barfu\u00dfschuh Milano<\/p>\n<p>Einfach klassisch: Unser Milano ist ein eleganter und kn\u00f6chelhoher Lederschn\u00fcrer, der nahezu jede Garderobe stilvoll aufwertet. Das Obermaterial aus hochwertigem Leder sowie das atmungsaktive OnSteam\u00ae Innenfutter aus Mikrofaser machen diesen Barfu\u00dfschuh zu einem robusten und dennoch komfortablen Begleiter. Freu dich auf viel Barfu\u00dfgef\u00fchl und viel Platz im Zehenraum dank anatomischer Zehenbox. <\/p>\n<p>HIGHLIGHTS<\/p>\n<p>Klassischer Schn\u00fcr-Barfu\u00dfschuh<br \/>\nNat\u00fcrliches Barfu\u00dffeeling<br \/>\nHochwertiges Glattleder<\/p>\n<p>Materialdetails:<\/p>\n<p>Obermaterial: hochwertiges Glattleder<br \/>\nInnenfutter: OnSteam\u00ae Innenfutter aus atmungsaktiver Mikrofaser<br \/>\nSohle: TrueSense\u00ae GO1 Sohle mit 3 mm Basis und 3,3 mm Profil<br \/>\nInnensohle: nicht herausnehmbar<br \/>\nAbsatz: Nullabsatz, keine H\u00f6hendifferenz zwischen Ferse und Vorderfu\u00df<br \/>\nVerschluss: Schn\u00fcrsenkel<br \/>\nBesonderheiten: Flexibel, rutsch- und abriebfest<br \/>\nMade in Portugal<br \/>\nGr\u00f6\u00dfenhinweis: Dieses Modell f\u00e4llt gr\u00f6\u00dfengerecht aus<br \/>\nAnatomische Zehenbox f\u00fcr fu\u00dfgerechte, weitere Passform im Zehenbereich<\/p>\n<p>Pflegehinweise:<\/p>\n<p>Mit Bedacht solltest du deine Lederschuhe behandeln. Wir bitten dich hier die \u00fcblichen Hinweise zur richtigen Pflege von Lederschuhen zu beachten. Leder darf nicht mit Reinigungsmittel ges\u00e4ubert werden und ben\u00f6tigt immer mal wieder Feuchtigkeit. <\/p>\n<p><b>Audio-Beschreibung<\/b><br \/><audio controls src=\"https:\/\/schuhewiebarfuss.at\/shop\/wp-content\/uploads\/lk\/9545_audio.wav\"><br \/>\n                                            Ihr Browser unterst\u00fctzt diese Audio-Ausgabe leider nicht.<br \/>\n                                            <\/ audio ><\/p>\n","protected":false},"excerpt":{"rendered":"<p>Groundies MILANO<\/p>\n<p>Obermaterial: Glattleder<br \/>\nInnenfutter: atmungsaktiver Mikrofaser<br \/>\nSohle: TrueSense\u00ae GO1<br \/>\nInnensohle: nicht herausnehmbar<br \/>\nAbsatz: Nullabsatz<br \/>\nVerschluss: Schn\u00fcrsenkel<br \/>\nBesonderheiten: Flexibel, rutsch- und abriebfest<br \/>\nGr\u00f6\u00dfenhinweis: Dieses Modell f\u00e4llt gr\u00f6\u00dfengerecht aus<\/p>\n","protected":false},"featured_media":683653,"comment_status":"open","ping_status":"closed","template":"","meta":[],"product_brand":[],"product_cat":[3121],"product_tag":[1479,1408,1362,1368,1373,1374,1375,1376,1377,2953,1450],"class_list":{"0":"post-672933","1":"product","2":"type-product","3":"status-publish","4":"has-post-thumbnail","6":"product_cat-sale","7":"product_tag-farbe-blau","8":"product_tag-farbe-schwarz","9":"product_tag-groesse-36","10":"product_tag-groesse-37","11":"product_tag-groesse-38","12":"product_tag-groesse-39","13":"product_tag-groesse-40","14":"product_tag-groesse-41","15":"product_tag-groesse-42","16":"product_tag-marke-groundies","17":"product_tag-sale","19":"first","20":"instock","21":"sale","22":"taxable","23":"shipping-taxable","24":"purchasable","25":"product-type-variable"},"_links":{"self":[{"href":"https:\/\/schuhewiebarfuss.at\/shop\/wp-json\/wp\/v2\/product\/672933","targetHints":{"allow":["GET"]}}],"collection":[{"href":"https:\/\/schuhewiebarfuss.at\/shop\/wp-json\/wp\/v2\/product"}],"about":[{"href":"https:\/\/schuhewiebarfuss.at\/shop\/wp-json\/wp\/v2\/types\/product"}],"replies":[{"embeddable":true,"href":"https:\/\/schuhewiebarfuss.at\/shop\/wp-json\/wp\/v2\/comments?post=672933"}],"wp:featuredmedia":[{"embeddable":true,"href":"https:\/\/schuhewiebarfuss.at\/shop\/wp-json\/wp\/v2\/media\/683653"}],"wp:attachment":[{"href":"https:\/\/schuhewiebarfuss.at\/shop\/wp-json\/wp\/v2\/media?parent=672933"}],"wp:term":[{"taxonomy":"product_brand","embeddable":true,"href":"https:\/\/schuhewiebarfuss.at\/shop\/wp-json\/wp\/v2\/product_brand?post=672933"},{"taxonomy":"product_cat","embeddable":true,"href":"https:\/\/schuhewiebarfuss.at\/shop\/wp-json\/wp\/v2\/product_cat?post=672933"},{"taxonomy":"product_tag","embeddable":true,"href":"https:\/\/schuhewiebarfuss.at\/shop\/wp-json\/wp\/v2\/product_tag?post=672933"}],"curies":[{"name":"wp","href":"https:\/\/api.w.org\/{rel}","templated":true}]}}