{"id":672922,"date":"2024-11-14T17:26:21","date_gmt":"2024-11-14T16:26:21","guid":{"rendered":"https:\/\/schuhewiebarfuss.at\/shop\/produkt\/salzburg-damen\/"},"modified":"2026-03-01T13:29:17","modified_gmt":"2026-03-01T12:29:17","slug":"salzburg-damen","status":"publish","type":"product","link":"https:\/\/schuhewiebarfuss.at\/shop\/produkt\/salzburg-damen\/","title":{"rendered":"Salzburg Damen"},"content":{"rendered":"<p>Groundies Barfu\u00df-Boot Salzburg<\/p>\n<p>Dem Schn\u00fcrstiefel Salzburg gelingt der feine Spagat zwischen verspieltem Design und eleganter L\u00e4ssigkeit. Die gro\u00dfen \u00d6sen und breiten Schn\u00fcrsenkel sind echte Hingucker, die durch die dezente GO1-Barfu\u00dfsohle und das weiche Leder gekonnt ausbalanciert werden.<\/p>\n<p>Salzburg: Klassisch, stilvoll, einzigartig &#8211; Der Groundies Salzburg vereint Eleganz und Komfort. Markante Schn\u00fcrung, gro\u00dfe \u00d6sen und die flexible GO1 TrueSense\u00ae Zero Drop Sohle bringen das typische Barfu\u00dfgef\u00fchl direkt in deinen Herbst-Alltag. Ideal f\u00fcr stilvolle, k\u00fchle Tage.<\/p>\n<p>HIGHLIGHTS<\/p>\n<p>Rei\u00dfverschluss erleichtert Ein- und Ausstieg<br \/>\nBeliebte Big Lace Optik auf Original TrueSense\u00ae GO1 Sohle<br \/>\nKuscheliges Warmfutter f\u00fcr k\u00fchle Tage<\/p>\n<p>Materialdetails: (dieses Modell ist in zwei Obermaterial-Varianten erh\u00e4ltlich!!)<\/p>\n<p>Obermaterial: weichem Glattleder (in Schwarz) oder hochwertigen Rauleder (in Braun und Blau)<br \/>\nInnenfutter: Samt-Textil und Mikrofaser<br \/>\nSohle: TrueSense\u00ae GO1 Sohle mit 3 mm Basis und 3,3 mm Profil<br \/>\nInnensohle: nicht herausnehmbar<br \/>\nAbsatz: Nullabsatz, keine H\u00f6hendifferenz zwischen Ferse und Vorderfu\u00df<br \/>\nVerschluss: Rei\u00dfverschluss, Schn\u00fcrsenkel<br \/>\nBesonderheiten: Flexibel, rutsch- und abriebfest<br \/>\nDesigned in Germany. Made in Portugal<br \/>\nGr\u00f6\u00dfenhinweis: Dieses Modell f\u00e4llt gr\u00f6\u00dfengerecht aus<br \/>\nAnatomische Zehenbox: Fu\u00dfgerechte, weitere Passform im Zehenbereich<\/p>\n<p>Pflegehinweise<\/p>\n<p>Mit Bedacht solltest du deine Lederschuhe behandeln. Wir bitten dich hier die \u00fcblichen Hinweise zur richtigen Pflege von Lederschuhen zu beachten. Leder darf nicht mit Reinigungsmittel ges\u00e4ubert werden und ben\u00f6tigt immer mal wieder Feuchtigkeit. <\/p>\n<p><b>Audio-Beschreibung<\/b><br \/><audio controls src=\"https:\/\/schuhewiebarfuss.at\/shop\/wp-content\/uploads\/lk\/9544_audio.wav\"><br \/>\n                                            Ihr Browser unterst\u00fctzt diese Audio-Ausgabe leider nicht.<br \/>\n                                            <\/ audio ><\/p>\n","protected":false},"excerpt":{"rendered":"<p>Groundies SALZBURG<\/p>\n<p>Dieses Modell ist in zwei Obermaterial-Varianten erh\u00e4ltlich!!<\/p>\n<p>Stiefel in der Farbe Schwarz nur in Glattleder erh\u00e4ltlich!<br \/>\nStiefel in der Farbe Braun und Blau nur in Rauleder erh\u00e4ltlich!<\/p>\n<p>Obermaterial: Glattleder oder Rauleder<br \/>\nInnenfutter: Samt-Textil und Mikrofaser<br \/>\nSohle: TrueSense\u00ae GO1<br \/>\nInnensohle: nicht herausnehmbar<br \/>\nAbsatz: Nullabsatz<br \/>\nVerschluss: Rei\u00dfverschluss, Schn\u00fcrsenkel<br \/>\nBesonderheiten: Flexibel, rutsch- und abriebfest<br \/>\nGr\u00f6\u00dfenhinweis: Dieses Modell f\u00e4llt gr\u00f6\u00dfengerecht aus<\/p>\n","protected":false},"featured_media":681218,"comment_status":"open","ping_status":"closed","template":"","meta":[],"product_brand":[],"product_cat":[3121],"product_tag":[1479,1544,1408,1362,1368,1373,1374,1375,1376,1377,2953,1450],"class_list":{"0":"post-672922","1":"product","2":"type-product","3":"status-publish","4":"has-post-thumbnail","6":"product_cat-sale","7":"product_tag-farbe-blau","8":"product_tag-farbe-braun","9":"product_tag-farbe-schwarz","10":"product_tag-groesse-36","11":"product_tag-groesse-37","12":"product_tag-groesse-38","13":"product_tag-groesse-39","14":"product_tag-groesse-40","15":"product_tag-groesse-41","16":"product_tag-groesse-42","17":"product_tag-marke-groundies","18":"product_tag-sale","20":"first","21":"instock","22":"taxable","23":"shipping-taxable","24":"purchasable","25":"product-type-variable"},"_links":{"self":[{"href":"https:\/\/schuhewiebarfuss.at\/shop\/wp-json\/wp\/v2\/product\/672922","targetHints":{"allow":["GET"]}}],"collection":[{"href":"https:\/\/schuhewiebarfuss.at\/shop\/wp-json\/wp\/v2\/product"}],"about":[{"href":"https:\/\/schuhewiebarfuss.at\/shop\/wp-json\/wp\/v2\/types\/product"}],"replies":[{"embeddable":true,"href":"https:\/\/schuhewiebarfuss.at\/shop\/wp-json\/wp\/v2\/comments?post=672922"}],"wp:featuredmedia":[{"embeddable":true,"href":"https:\/\/schuhewiebarfuss.at\/shop\/wp-json\/wp\/v2\/media\/681218"}],"wp:attachment":[{"href":"https:\/\/schuhewiebarfuss.at\/shop\/wp-json\/wp\/v2\/media?parent=672922"}],"wp:term":[{"taxonomy":"product_brand","embeddable":true,"href":"https:\/\/schuhewiebarfuss.at\/shop\/wp-json\/wp\/v2\/product_brand?post=672922"},{"taxonomy":"product_cat","embeddable":true,"href":"https:\/\/schuhewiebarfuss.at\/shop\/wp-json\/wp\/v2\/product_cat?post=672922"},{"taxonomy":"product_tag","embeddable":true,"href":"https:\/\/schuhewiebarfuss.at\/shop\/wp-json\/wp\/v2\/product_tag?post=672922"}],"curies":[{"name":"wp","href":"https:\/\/api.w.org\/{rel}","templated":true}]}}