{"id":672909,"date":"2024-11-14T17:14:34","date_gmt":"2024-11-14T16:14:34","guid":{"rendered":"https:\/\/schuhewiebarfuss.at\/shop\/produkt\/panama-herren\/"},"modified":"2026-04-06T17:49:24","modified_gmt":"2026-04-06T15:49:24","slug":"panama-herren","status":"publish","type":"product","link":"https:\/\/schuhewiebarfuss.at\/shop\/produkt\/panama-herren\/","title":{"rendered":"Panama Herren"},"content":{"rendered":"<p>Bring frischen Wind in deine Sneaker-Sammlung <\/p>\n<p>Hier trifft Casual auf Retro-Charme: Mit unserem Groundies Barfu\u00dfsneaker Panama setzen wir neue Ma\u00dfst\u00e4be im Barfu\u00dfschuh-Segment. Dieser Unisex Casual-Sneaker wurde mit unserer beliebten Sneakersohle GS1 entwickelt und ist bei uns in drei verschiedenen Farbkombinationen erh\u00e4ltlich. Der Materialmix aus hochwertigem Glattleder und Bes\u00e4tzen aus Veloursleder sowie das atmungsaktive OnSteam\u00ae Innenfutter aus Mikrofaser machen unseren Panama zu einem vielseitig einsetzbaren Barfu\u00dfsneaker. Freu dich auf einen gelungenen Farb- und Materialmix, nat\u00fcrliches Barfu\u00dffeeling sowie viel Platz im Zehenraum dank anatomischer Zehenbox.<\/p>\n<p>Zeitloser Style f\u00fcr aktuelle Trendsetter &#8211; Der Groundies Panama vereint nostalgischen Retro-Look mit modernen Features. Perfekt f\u00fcr alle, die auf Traditionen setzen und dennoch nicht auf einen frischen, modernen Look verzichten wollen.<\/p>\n<p>Komfort auf einem neuen Level &#8211; F\u00fchle den Komfort aus OnSteam\u00ae Innenfutter und TrueSense\u00ae Sneaker Sohle. Entwickelt f\u00fcr ein authentisches Barfu\u00dfgef\u00fchl und maximalen Tragekomfort.<\/p>\n<p>Dein neuer Lieblingssneaker &#8211; Mit stilvollem Design und hochwertigen Materialien ist der Groundies Panama der perfekte Sneaker f\u00fcr jeden Tag. Finde deinen Favoriten in angesagten Farben.<\/p>\n<p>Materialdetails:<\/p>\n<p>Obermaterial: hochwertiger Ledermix<br \/>\nInnenfutter: OnSteam\u00ae Innenfutter aus atmungsaktiver Mikrofaser<br \/>\nSohle: TrueSense\u00ae GS1 Sneaker Sohle mit 3 mm Basis und 3,9 mm Profil<br \/>\nInnensohle: nicht herausnehmbar<br \/>\nAbsatz: Nullabsatz, keine H\u00f6hendifferenz zwischen Ferse und Vorderfu\u00df<br \/>\nVerschluss: Schn\u00fcrsenkel<br \/>\nBesonderheiten: Flexibel, rutsch- und abriebfest<br \/>\nDesigned in Germany. Made in Portugal<br \/>\nGr\u00f6\u00dfenhinweis: Dieses Modell f\u00e4llt gr\u00f6\u00dfengerecht aus<br \/>\nAnatomische Zehenbox f\u00fcr fu\u00dfgerechte, weitere Passform im Zehenbereich<\/p>\n<p>Pflegehinweise:<\/p>\n<p>Bitte verwende zum Reinigen deiner Groundies ein mit kaltem, klarem Wasser angefeuchtetes Tuch oder einen Schwamm. Besonders bei Leder- und Kunstleder-Modellen ist eine Impr\u00e4gnierung unbedingt empfehlenswert, um die Schuhe vor Feuchtigkeit, Verschmutzung und Umwelteinfl\u00fcssen zu sch\u00fctzen.<\/p>\n<p><b>Audio-Beschreibung<\/b><br \/><audio controls src=\"https:\/\/schuhewiebarfuss.at\/shop\/wp-content\/uploads\/lk\/9543_audio.wav\"><br \/>\n                                            Ihr Browser unterst\u00fctzt diese Audio-Ausgabe leider nicht.<br \/>\n                                            <\/ audio ><\/p>\n","protected":false},"excerpt":{"rendered":"<p>Groundies PANAMA<\/p>\n<p>Retro-Vibes treffen auf Barfu\u00dfkomfort &#8211; Erlebe den Groundies Panama!<\/p>\n<p>Obermaterial: hochwertiger Ledermix<br \/>\nInnenfutter: atmungsaktiver Mikrofaser<br \/>\nSohle: TrueSense\u00ae GS1<br \/>\nInnensohle: nicht herausnehmbar<br \/>\nAbsatz: Nullabsatz<br \/>\nVerschluss: Schn\u00fcrsenkel<br \/>\nBesonderheiten: Flexibel, rutsch- und abriebfest<br \/>\nGr\u00f6\u00dfenhinweis: Dieses Modell f\u00e4llt gr\u00f6\u00dfengerecht aus<\/p>\n","protected":false},"featured_media":679159,"comment_status":"open","ping_status":"closed","template":"","meta":[],"product_brand":[],"product_cat":[836],"product_tag":[1570,1600,1408,1375,1376,1377,1378,1379,1380,2953],"class_list":{"0":"post-672909","1":"product","2":"type-product","3":"status-publish","4":"has-post-thumbnail","6":"product_cat-lifestyle-2","7":"product_tag-farbe-gruen","8":"product_tag-farbe-rot","9":"product_tag-farbe-schwarz","10":"product_tag-groesse-40","11":"product_tag-groesse-41","12":"product_tag-groesse-42","13":"product_tag-groesse-43","14":"product_tag-groesse-44","15":"product_tag-groesse-45","16":"product_tag-marke-groundies","18":"first","19":"instock","20":"taxable","21":"shipping-taxable","22":"purchasable","23":"product-type-variable"},"_links":{"self":[{"href":"https:\/\/schuhewiebarfuss.at\/shop\/wp-json\/wp\/v2\/product\/672909","targetHints":{"allow":["GET"]}}],"collection":[{"href":"https:\/\/schuhewiebarfuss.at\/shop\/wp-json\/wp\/v2\/product"}],"about":[{"href":"https:\/\/schuhewiebarfuss.at\/shop\/wp-json\/wp\/v2\/types\/product"}],"replies":[{"embeddable":true,"href":"https:\/\/schuhewiebarfuss.at\/shop\/wp-json\/wp\/v2\/comments?post=672909"}],"wp:featuredmedia":[{"embeddable":true,"href":"https:\/\/schuhewiebarfuss.at\/shop\/wp-json\/wp\/v2\/media\/679159"}],"wp:attachment":[{"href":"https:\/\/schuhewiebarfuss.at\/shop\/wp-json\/wp\/v2\/media?parent=672909"}],"wp:term":[{"taxonomy":"product_brand","embeddable":true,"href":"https:\/\/schuhewiebarfuss.at\/shop\/wp-json\/wp\/v2\/product_brand?post=672909"},{"taxonomy":"product_cat","embeddable":true,"href":"https:\/\/schuhewiebarfuss.at\/shop\/wp-json\/wp\/v2\/product_cat?post=672909"},{"taxonomy":"product_tag","embeddable":true,"href":"https:\/\/schuhewiebarfuss.at\/shop\/wp-json\/wp\/v2\/product_tag?post=672909"}],"curies":[{"name":"wp","href":"https:\/\/api.w.org\/{rel}","templated":true}]}}