{"id":669312,"date":"2024-11-07T15:36:52","date_gmt":"2024-11-07T14:36:52","guid":{"rendered":"https:\/\/schuhewiebarfuss.at\/shop\/produkt\/peu-cami-kids-winter-high\/"},"modified":"2026-03-07T19:19:01","modified_gmt":"2026-03-07T18:19:01","slug":"peu-cami-kids-winter-high","status":"publish","type":"product","link":"https:\/\/schuhewiebarfuss.at\/shop\/produkt\/peu-cami-kids-winter-high\/","title":{"rendered":"Peu Cami Kids Winter High"},"content":{"rendered":"<p>Camper Peu Cami Kids Winter High ist ein Camper-Kultobjekt, das sich in jeder Saison in einem neuen Gewand pr\u00e4sentiert. Die Strobel-Machart mit Rundumnaht garantiert unerreichte Biegsamkeit und Langlebigkeit in jeder Situation. Dieser Nubuklederstiefel f\u00fcr Kinder mit kuscheligem Kunstfell aus 87% recycelter Polyester und 13% Leder h\u00e4lt Kinderf\u00fc\u00dfe garantiert warm und trocken. Die super flexible Gummiau\u00dfensohle besteht aus 100% Gummi (20% Recyclinganteil) und ist dadurch langlebig und widerstandsf\u00e4hig gegen Besch\u00e4digungen. Die versteifte Fersenkappe, die hervorragenden Kn\u00f6chel- und Fersenhalt bietet, sorgt f\u00fcr besten Tragekomfort und erm\u00f6glicht f\u00fcr die Kleinen ein gesundes Barfu\u00dflaufen. Der Peu Cami Kids Winter High mit besonders hohem Tragekomfort, wurde besonders leicht und verantwortungsbewusst gefertigt. <\/p>\n<p>Materialdetails:<\/p>\n<p>Obermaterial: Nubukleder, geb\u00fcrstetes Leder<br \/>\nInnenfutter: Warmfutter, 87% recycelter Polyester, 13% Leder<br \/>\nSohle: Gummi (20% recyceltes Material)<br \/>\nInnensohle: herausnehmbar, isolierte Innensohle<br \/>\nAbsatz: Nullabsatz, keine H\u00f6hendifferenz zwischen Ferse und Vorderfu\u00df<br \/>\nVerschluss: Seitlicher Rei\u00dfverschluss<br \/>\nMaterialhinweis: hergestellte Materialien entsprechen europ\u00e4ischen Standards<\/p>\n<p>Schuhform:<\/p>\n<p>Schuhh\u00f6he: Hoch<br \/>\nFersenkappe: Teilweise steif (leicht verst\u00e4rkte Ferse)<br \/>\nSchuhtyp: Isolierte Schuhe<br \/>\nSchuhspitze: Rund<br \/>\nAbsatz: Flach<br \/>\nFu\u00dfform: f\u00fcr schmale und breitere F\u00fc\u00dfe<br \/>\nSpannh\u00f6he: f\u00fcr normalen und h\u00f6heren Spann<\/p>\n<p>Pflegehinweis:<\/p>\n<p>Diese Schuhe sind aus sorgf\u00e4ltig ausgew\u00e4hlten, hochwertigen Materialien gefertigt. Die Verwendung der richtigen Schuhpflegeprodukte sorgt f\u00fcr hohen Schutz und Langlebigkeit dieser Produkte.<\/p>\n<p>1. Schmutz und Staub zun\u00e4chst mit einem weichen Tuch entfernen.<br \/>\n2. Leder mit einer Lotion reinigen und pflegen.<br \/>\n3. Leder mit einer Schuhcreme pflegen. D\u00fcnn auftragen und einige Minuten trocknen lassen.<br \/>\n4. Leder mit einem Tuch polieren.<br \/>\n5. Impr\u00e4gnieren Sie das Leder mit Impr\u00e4gnierspray gegen Schmutz und Feuchtigkeit.<\/p>\n<p>Innensohle &#8211; L\u00e4nge\/Breite (mm): Schlupfstiefel<\/p>\n<p>Gr\u00f6\u00dfe: 25 &#8211; L\u00e4nge: 160 mm &#8211; Breite: 66 mm<br \/>\nGr\u00f6\u00dfe: 26 &#8211; L\u00e4nge: 166 mm &#8211; Breite: 68 mm<br \/>\nGr\u00f6\u00dfe: 27 &#8211; L\u00e4nge: 172 mm &#8211; Breite: 69 mm<br \/>\nGr\u00f6\u00dfe: 28 &#8211; L\u00e4nge: 180 mm &#8211; Breite: 72 mm<br \/>\nGr\u00f6\u00dfe: 29 &#8211; L\u00e4nge: 185 mm &#8211; Breite: 74 mm<br \/>\nGr\u00f6\u00dfe: 30 &#8211; L\u00e4nge: 190 mm &#8211; Breite: 76 mm<br \/>\nGr\u00f6\u00dfe: 31 &#8211; L\u00e4nge: 200 mm &#8211; Breite: 77 mm<br \/>\nGr\u00f6\u00dfe: 32 &#8211; L\u00e4nge: 205 mm &#8211; Breite: 78 mm<br \/>\nGr\u00f6\u00dfe: 33 &#8211; L\u00e4nge: 213 mm &#8211; Breite: 79 mm<\/p>\n<p><b>Audio-Beschreibung<\/b><br \/><audio controls src=\"https:\/\/schuhewiebarfuss.at\/shop\/wp-content\/uploads\/lk\/9530_audio.wav\"><br \/>\n                                            Ihr Browser unterst\u00fctzt diese Audio-Ausgabe leider nicht.<br \/>\n                                            <\/ audio ><\/p>\n","protected":false},"excerpt":{"rendered":"<p>Camper PEU CAMI KIDS WINTER HIGH <\/p>\n<p>Kinderstiefel aus Leder und Nubukleder mit warmen Kunstfell gef\u00fcttert, ideal f\u00fcr kalte Wintertage!<\/p>\n<p>Obermaterial: Nubukleder<br \/>\nInnenfutter: Warmfutter<br \/>\nSohle: Gummi<br \/>\nInnensohle: herausnehmbar<br \/>\nAbsatz: Nullabsatz<br \/>\nVerschluss: Seitlicher Rei\u00dfverschluss<br \/>\nMaterialhinweis: hergestellte Materialien entsprechen europ\u00e4ischen Standards<\/p>\n","protected":false},"featured_media":673447,"comment_status":"open","ping_status":"closed","template":"","meta":[],"product_brand":[],"product_cat":[848],"product_tag":[2911,1371,1394,1395,1396,1397,1398,1399,1400,1401,1402,2721],"class_list":{"0":"post-669312","1":"product","2":"type-product","3":"status-publish","4":"has-post-thumbnail","6":"product_cat-winterschuhe-1","7":"product_tag-farbe-brown","8":"product_tag-farbe-grau","9":"product_tag-groesse-25","10":"product_tag-groesse-26","11":"product_tag-groesse-27","12":"product_tag-groesse-28","13":"product_tag-groesse-29","14":"product_tag-groesse-30","15":"product_tag-groesse-31","16":"product_tag-groesse-32","17":"product_tag-groesse-33","18":"product_tag-marke-camper","20":"first","21":"instock","22":"taxable","23":"shipping-taxable","24":"purchasable","25":"product-type-variable"},"_links":{"self":[{"href":"https:\/\/schuhewiebarfuss.at\/shop\/wp-json\/wp\/v2\/product\/669312","targetHints":{"allow":["GET"]}}],"collection":[{"href":"https:\/\/schuhewiebarfuss.at\/shop\/wp-json\/wp\/v2\/product"}],"about":[{"href":"https:\/\/schuhewiebarfuss.at\/shop\/wp-json\/wp\/v2\/types\/product"}],"replies":[{"embeddable":true,"href":"https:\/\/schuhewiebarfuss.at\/shop\/wp-json\/wp\/v2\/comments?post=669312"}],"wp:featuredmedia":[{"embeddable":true,"href":"https:\/\/schuhewiebarfuss.at\/shop\/wp-json\/wp\/v2\/media\/673447"}],"wp:attachment":[{"href":"https:\/\/schuhewiebarfuss.at\/shop\/wp-json\/wp\/v2\/media?parent=669312"}],"wp:term":[{"taxonomy":"product_brand","embeddable":true,"href":"https:\/\/schuhewiebarfuss.at\/shop\/wp-json\/wp\/v2\/product_brand?post=669312"},{"taxonomy":"product_cat","embeddable":true,"href":"https:\/\/schuhewiebarfuss.at\/shop\/wp-json\/wp\/v2\/product_cat?post=669312"},{"taxonomy":"product_tag","embeddable":true,"href":"https:\/\/schuhewiebarfuss.at\/shop\/wp-json\/wp\/v2\/product_tag?post=669312"}],"curies":[{"name":"wp","href":"https:\/\/api.w.org\/{rel}","templated":true}]}}