{"id":666876,"date":"2024-11-04T17:56:46","date_gmt":"2024-11-04T16:56:46","guid":{"rendered":"https:\/\/schuhewiebarfuss.at\/shop\/produkt\/tws-fw-blau\/"},"modified":"2026-04-27T21:41:32","modified_gmt":"2026-04-27T19:41:32","slug":"tws-fw-blau","status":"publish","type":"product","link":"https:\/\/schuhewiebarfuss.at\/shop\/produkt\/tws-fw-blau\/","title":{"rendered":"TWS FW Blau"},"content":{"rendered":"<p>Im Jahr 1988 stellte Camper das althergebrachte Prinzip in Frage, dass Schuhpaare immer gleich sein m\u00fcssen, und entwarfen ein ungleiches Paar mit asymmetrischen Details \u2013 das war die Geburtsstunde der legend\u00e4ren TWINS. Die First Walkers Linie besticht durch flexible und zugleich robuste Styles \u2013 einfach perfekt f\u00fcr kleine Racker bei ihren ersten Schritten. Diese Kinder-Sneaker bestehen aus einem chromfreiem Leder-Obermaterial mit zwei Klettverschl\u00fcssen zum optimalem anpassen an den Fu\u00df. Die super flexible Gummisohlen und EVA-Einlegesohlen sorgt f\u00fcr besten Tragekomfort und erm\u00f6glicht f\u00fcr die Kleinen ein gesundes Barfu\u00dflaufen.<\/p>\n<p>Die First Walkers-Reihe bietet flexible, aber widerstandsf\u00e4hige Modelle, die f\u00fcr Kinderf\u00fc\u00dfe entwickelt wurden. Die in Indonesien hergestellten Materialien entsprechen europ\u00e4ischen Standards und sind unbedenklich. Dieser Winterstiefel ist bestens geeignet f\u00fcr Krabbelkinder und Laufanf\u00e4nger.<\/p>\n<p>Materialdetails:<\/p>\n<p>Obermaterial: Chromfreies Leder<br \/>\nInnenfutter: 42% Leder, 33% recycelter Polyester, 15% Leder mit Velourslederfinish, 10% Leder mit Velourslederfinish<br \/>\nSohle: Gummi (20% recyceltes Material)<br \/>\nInnensohle: EVA<br \/>\nAbsatz: Nullabsatz, keine H\u00f6hendifferenz zwischen Ferse und Vorderfu\u00df<br \/>\nVerschluss: Klettverschluss<br \/>\nMaterialhinweis: hergestellte Materialien entsprechen europ\u00e4ischen Standards<\/p>\n<p>Schuhform:<\/p>\n<p>Schuhh\u00f6he: Kn\u00f6chel<br \/>\nFersenkappe: Teilweise steif (leicht verst\u00e4rkte Ferse)<br \/>\nSchuhtyp: Isolierte Schuhe<br \/>\nSchuhspitze: Rund<br \/>\nAbsatz: Flach<br \/>\nFu\u00dfform: f\u00fcr schmale und breitere F\u00fc\u00dfe<br \/>\nSpannh\u00f6he: f\u00fcr normalen und h\u00f6heren Spann<\/p>\n<p>Pflegehinweis:<\/p>\n<p>Diese Schuhe sind aus sorgf\u00e4ltig ausgew\u00e4hlten, hochwertigen Materialien gefertigt. Die Verwendung der richtigen Schuhpflegeprodukte sorgt f\u00fcr hohen Schutz und Langlebigkeit dieser Produkte.<\/p>\n<p>1. Schmutz und Staub zun\u00e4chst mit einem weichen Tuch entfernen.<br \/>\n2. Leder mit einer Lotion reinigen und pflegen.<br \/>\n3. Leder mit einer Schuhcreme pflegen. D\u00fcnn auftragen und einige Minuten trocknen lassen.<br \/>\n4. Leder mit einem Tuch polieren.<br \/>\n5. Impr\u00e4gnieren Sie das Leder mit Impr\u00e4gnierspray gegen Schmutz und Feuchtigkeit.<\/p>\n<p>Die Peu Cami FW High-Stiefel f\u00fcr Kinder von Camper sind auch f\u00fcr die Wintermonate geeignet! Hergestellt f\u00fcr Komfort und Flexibilit\u00e4t, mit einer Gummisohle f\u00fcr hervorragenden Halt und einem Obermaterial aus Leder, was sie langlebig und bequem macht!<\/p>\n<p>Innensohle &#8211; L\u00e4nge\/Breite (mm):<\/p>\n<p>Gr\u00f6\u00dfe: 21 &#8211; L\u00e4nge: 130 mm &#8211; Breite: 62 mm<br \/>\nGr\u00f6\u00dfe: 22 &#8211; L\u00e4nge: 135 mm &#8211; Breite: 64 mm<br \/>\nGr\u00f6\u00dfe: 23 &#8211; L\u00e4nge: 143 mm &#8211; Breite: 66 mm<br \/>\nGr\u00f6\u00dfe: 24 &#8211; L\u00e4nge: 149 mm &#8211; Breite: 68 mm<br \/>\nGr\u00f6\u00dfe: 25 &#8211; L\u00e4nge: 158 mm &#8211; Breite: 70 mm<br \/>\nGr\u00f6\u00dfe: 26 &#8211; L\u00e4nge: 163 mm &#8211; Breite: 72 mm<\/p>\n<p><b>Audio-Beschreibung<\/b><br \/><audio controls src=\"https:\/\/schuhewiebarfuss.at\/shop\/wp-content\/uploads\/lk\/9527_audio.wav\"><br \/>\n                                            Ihr Browser unterst\u00fctzt diese Audio-Ausgabe leider nicht.<br \/>\n                                            <\/ audio ><\/p>\n","protected":false},"excerpt":{"rendered":"<p>Camper TWS FW Barfu\u00dfsneaker<\/p>\n<p>Lederschuhe f\u00fcr Kinder<\/p>\n<p>Obermaterial: Chromfreies Leder<br \/>\nInnenfutter: Leder, Polyester, Leder mit Velourslederfinish<br \/>\nSohle: Gummi<br \/>\nInnensohle: EVA<br \/>\nAbsatz: Nullabsatz<br \/>\nVerschluss: Klettverschluss<\/p>\n","protected":false},"featured_media":706441,"comment_status":"open","ping_status":"closed","template":"","meta":[],"product_brand":[],"product_cat":[845],"product_tag":[1390,1391,1392,1393,1394,1395,2721],"class_list":{"0":"post-666876","1":"product","2":"type-product","3":"status-publish","4":"has-post-thumbnail","6":"product_cat-lifestyle-1","7":"product_tag-groesse-21","8":"product_tag-groesse-22","9":"product_tag-groesse-23","10":"product_tag-groesse-24","11":"product_tag-groesse-25","12":"product_tag-groesse-26","13":"product_tag-marke-camper","15":"first","16":"instock","17":"taxable","18":"shipping-taxable","19":"purchasable","20":"product-type-variable"},"_links":{"self":[{"href":"https:\/\/schuhewiebarfuss.at\/shop\/wp-json\/wp\/v2\/product\/666876","targetHints":{"allow":["GET"]}}],"collection":[{"href":"https:\/\/schuhewiebarfuss.at\/shop\/wp-json\/wp\/v2\/product"}],"about":[{"href":"https:\/\/schuhewiebarfuss.at\/shop\/wp-json\/wp\/v2\/types\/product"}],"replies":[{"embeddable":true,"href":"https:\/\/schuhewiebarfuss.at\/shop\/wp-json\/wp\/v2\/comments?post=666876"}],"wp:featuredmedia":[{"embeddable":true,"href":"https:\/\/schuhewiebarfuss.at\/shop\/wp-json\/wp\/v2\/media\/706441"}],"wp:attachment":[{"href":"https:\/\/schuhewiebarfuss.at\/shop\/wp-json\/wp\/v2\/media?parent=666876"}],"wp:term":[{"taxonomy":"product_brand","embeddable":true,"href":"https:\/\/schuhewiebarfuss.at\/shop\/wp-json\/wp\/v2\/product_brand?post=666876"},{"taxonomy":"product_cat","embeddable":true,"href":"https:\/\/schuhewiebarfuss.at\/shop\/wp-json\/wp\/v2\/product_cat?post=666876"},{"taxonomy":"product_tag","embeddable":true,"href":"https:\/\/schuhewiebarfuss.at\/shop\/wp-json\/wp\/v2\/product_tag?post=666876"}],"curies":[{"name":"wp","href":"https:\/\/api.w.org\/{rel}","templated":true}]}}