{"id":666855,"date":"2024-11-04T15:30:12","date_gmt":"2024-11-04T14:30:12","guid":{"rendered":"https:\/\/schuhewiebarfuss.at\/shop\/produkt\/monodon\/"},"modified":"2026-03-01T14:53:37","modified_gmt":"2026-03-01T13:53:37","slug":"monodon","status":"publish","type":"product","link":"https:\/\/schuhewiebarfuss.at\/shop\/produkt\/monodon\/","title":{"rendered":"Monodon"},"content":{"rendered":"<p>Mit diesem hochwertigen veganen Winterstiefel MONDON kann das Winterabenteuer beginnen. Zus\u00e4tzlich setzt bLifestyle bei diesem Modell nicht nur auf eine TEX-Membran, sondern auch auf eine Konstruktion aus kratzfestem synthetischem Material und strapazierf\u00e4higem Textil. Dadurch erh\u00e4lt der Stiefel eine winterliche Optik und wird zu einem robusten Begleiter f\u00fcr die kalten Monate. Das kuschelige Futter aus Baumwolle gew\u00e4hrleistet, dass die F\u00fc\u00dfe garantiert nicht frieren. Der Klett- und Schnellverschluss vorne am Stiefel erm\u00f6glicht eine perfekte Anpassung an jeden Fu\u00df. Zus\u00e4tzlich sind die Stiefel mit der von bLifestyle rutschfesten Wintersohle ausgestattet, die gleichzeitig sehr flexibel ist und gesundes Barfu\u00dflaufen erm\u00f6glicht. Dieser Stiefel ist nicht nur funktional, sondern auch nachhaltig gestaltet, um den Winter in vollen Z\u00fcgen genie\u00dfen zu k\u00f6nnen.<\/p>\n<p>Materialdetails:<\/p>\n<p>Obermaterial: Microfaser \/ Textil<br \/>\nKragen: Textil synthetisch<br \/>\nInnenfutter: Warmfutter (vegan)<br \/>\nSohle: TR<br \/>\nInnensohle: Baumwolle (Wolloptik)<br \/>\nAbsatz: Nullabsatz, keine H\u00f6hendifferenz zwischen Ferse und Vorderfu\u00df<br \/>\nVerschluss: Schnellverschluss und Klettverschluss<br \/>\nBesonderheiten: Passform &#8211; Mittel, pflegeleicht, wasserfest (TEX-Membran)<br \/>\nMaterialhinweis: Frei von sch\u00e4dlichen Materialien (gepr\u00fcft!)<br \/>\nHergestellt in Portugal<\/p>\n<p>Material &amp; Pflegehinweis<br \/>\nBitte wasche deinen Schuh nicht in der Waschmaschine und s\u00e4ubere ihn nur mit einem geeigneten Reinigungsmittel. Wir empfehlen die Innensohle regelm\u00e4\u00dfig zum L\u00fcften aus dem Schuh zu nehmen und Staun\u00e4sse somit zu vermeiden. F\u00fcr optimale Produkteigenschaften sollten unsere Schuhe vor dem Einsatz impr\u00e4gniert werden, dies ist vor allem bei Schuhen mit Textilanteil wichtig. Mehr Pflegetipps findest du in unserem Nachhaltigkeitsbereich!<\/p>\n<p>Innensohle &#8211; L\u00e4nge\/Breite (mm):<\/p>\n<p>Gr\u00f6\u00dfe: 24 &#8211; Fu\u00dfl\u00e4nge: 160 mm &#8211; Zehenbreite: 66 mm &#8211; Fersenbreite: 44 mm<br \/>\nGr\u00f6\u00dfe: 25 &#8211; Fu\u00dfl\u00e4nge: 167 mm &#8211; Zehenbreite: 67 mm &#8211; Fersenbreite: 45 mm<br \/>\nGr\u00f6\u00dfe: 26 &#8211; Fu\u00dfl\u00e4nge: 174 mm &#8211; Zehenbreite: 68 mm &#8211; Fersenbreite: 46 mm<br \/>\nGr\u00f6\u00dfe: 27 &#8211; Fu\u00dfl\u00e4nge: 180 mm &#8211; Zehenbreite: 69 mm &#8211; Fersenbreite: 47 mm<br \/>\nGr\u00f6\u00dfe: 28 &#8211; Fu\u00dfl\u00e4nge: 185 mm &#8211; Zehenbreite: 71 mm &#8211; Fersenbreite: 47 mm<br \/>\nGr\u00f6\u00dfe: 29 &#8211; Fu\u00dfl\u00e4nge: 193 mm &#8211; Zehenbreite: 73 mm &#8211; Fersenbreite: 48 mm<br \/>\nGr\u00f6\u00dfe: 30 &#8211; Fu\u00dfl\u00e4nge: 199 mm &#8211; Zehenbreite: 75 mm &#8211; Fersenbreite: 49 mm<br \/>\nGr\u00f6\u00dfe: 31 &#8211; Fu\u00dfl\u00e4nge: 208 mm &#8211; Zehenbreite: 77 mm &#8211; Fersenbreite: 50 mm<br \/>\nGr\u00f6\u00dfe: 32 &#8211; Fu\u00dfl\u00e4nge: 213 mm &#8211; Zehenbreite: 77 mm &#8211; Fersenbreite: 51 mm<br \/>\nGr\u00f6\u00dfe: 33 &#8211; Fu\u00dfl\u00e4nge: 220 mm &#8211; Zehenbreite: 78 mm &#8211; Fersenbreite: 51 mm<br \/>\nGr\u00f6\u00dfe: 34 &#8211; Fu\u00dfl\u00e4nge: 228 mm &#8211; Zehenbreite: 80 mm &#8211; Fersenbreite: 52 mm<br \/>\nGr\u00f6\u00dfe: 35 &#8211; Fu\u00dfl\u00e4nge: 231 mm &#8211; Zehenbreite: 82 mm &#8211; Fersenbreite: 53 mm<\/p>\n<p><b>Audio-Beschreibung<\/b><br \/><audio controls src=\"https:\/\/schuhewiebarfuss.at\/shop\/wp-content\/uploads\/lk\/9524_audio.wav\"><br \/>\n                                            Ihr Browser unterst\u00fctzt diese Audio-Ausgabe leider nicht.<br \/>\n                                            <\/ audio ><\/p>\n","protected":false},"excerpt":{"rendered":"<p>bLifestyle MONODON TEX<\/p>\n<p>Veganer Barfu\u00df-Winterstiefel f\u00fcr Kinder mit TEX-Membran kuscheligen Baumwollfutter und rutschfester Sohle f\u00fcr sicheren Spa\u00df im Schnee<\/p>\n<p>Obermaterial: Microfaser \/ Textil<br \/>\nKragen: Textil<br \/>\nInnenfutter: Warmfutter<br \/>\nSohle: TR<br \/>\nInnensohle: Baumwolle<br \/>\nAbsatz: Nullabsatz<br \/>\nVerschluss: Schnell- und Klettverschluss<br \/>\nBesonderheiten: Passform &#8211; Mittel, pflegeleicht, wasserfest<br \/>\nMaterialhinweis: Frei von Schadstoffen<br \/>\nHergestellt in Portugal<\/p>\n","protected":false},"featured_media":672799,"comment_status":"open","ping_status":"closed","template":"","meta":[],"product_brand":[],"product_cat":[848],"product_tag":[1479,1544,1393,1394,1395,1396,1397,1398,1399,1400,1401,1402,1403,1404,2447],"class_list":{"0":"post-666855","1":"product","2":"type-product","3":"status-publish","4":"has-post-thumbnail","6":"product_cat-winterschuhe-1","7":"product_tag-farbe-blau","8":"product_tag-farbe-braun","9":"product_tag-groesse-24","10":"product_tag-groesse-25","11":"product_tag-groesse-26","12":"product_tag-groesse-27","13":"product_tag-groesse-28","14":"product_tag-groesse-29","15":"product_tag-groesse-30","16":"product_tag-groesse-31","17":"product_tag-groesse-32","18":"product_tag-groesse-33","19":"product_tag-groesse-34","20":"product_tag-groesse-35","21":"product_tag-marke-blifestyle","23":"first","24":"instock","25":"taxable","26":"shipping-taxable","27":"purchasable","28":"product-type-variable"},"_links":{"self":[{"href":"https:\/\/schuhewiebarfuss.at\/shop\/wp-json\/wp\/v2\/product\/666855","targetHints":{"allow":["GET"]}}],"collection":[{"href":"https:\/\/schuhewiebarfuss.at\/shop\/wp-json\/wp\/v2\/product"}],"about":[{"href":"https:\/\/schuhewiebarfuss.at\/shop\/wp-json\/wp\/v2\/types\/product"}],"replies":[{"embeddable":true,"href":"https:\/\/schuhewiebarfuss.at\/shop\/wp-json\/wp\/v2\/comments?post=666855"}],"wp:featuredmedia":[{"embeddable":true,"href":"https:\/\/schuhewiebarfuss.at\/shop\/wp-json\/wp\/v2\/media\/672799"}],"wp:attachment":[{"href":"https:\/\/schuhewiebarfuss.at\/shop\/wp-json\/wp\/v2\/media?parent=666855"}],"wp:term":[{"taxonomy":"product_brand","embeddable":true,"href":"https:\/\/schuhewiebarfuss.at\/shop\/wp-json\/wp\/v2\/product_brand?post=666855"},{"taxonomy":"product_cat","embeddable":true,"href":"https:\/\/schuhewiebarfuss.at\/shop\/wp-json\/wp\/v2\/product_cat?post=666855"},{"taxonomy":"product_tag","embeddable":true,"href":"https:\/\/schuhewiebarfuss.at\/shop\/wp-json\/wp\/v2\/product_tag?post=666855"}],"curies":[{"name":"wp","href":"https:\/\/api.w.org\/{rel}","templated":true}]}}