{"id":664546,"date":"2024-10-29T19:01:49","date_gmt":"2024-10-29T18:01:49","guid":{"rendered":"https:\/\/schuhewiebarfuss.at\/shop\/produkt\/einlegesohlen-microfiber-insoles\/"},"modified":"2026-03-13T20:43:14","modified_gmt":"2026-03-13T19:43:14","slug":"einlegesohlen-microfiber-insoles","status":"publish","type":"product","link":"https:\/\/schuhewiebarfuss.at\/shop\/produkt\/einlegesohlen-microfiber-insoles\/","title":{"rendered":"Einlegesohlen Microfiber Insoles"},"content":{"rendered":"<p>Entdecken Sie unsere umweltfreundlichen Einlegesohlen f\u00fcr ein verbessertes Schuherlebnis. Breite Zehenbox, Zero-Drop-Design. Au\u00dfergew\u00f6hnlicher Komfort und Unterst\u00fctzung. G\u00f6nnen Sie Ihren F\u00fc\u00dfen die Pflege, die sie verdienen!<\/p>\n<p>Hauptmaterial: PU-Schaum, Synthetik, teils biologisch abbaubar und umweltfreundlich<br \/>\nOberteil: Breit<br \/>\nTragegef\u00fchl: Zero Drop<br \/>\nDicke: 3 mm<br \/>\nAtmungsaktivit\u00e4t: Mittel<br \/>\nFeuchtigkeitsabsorption: Mittel<br \/>\nHaltbarkeit: Hoch<br \/>\nTextur: Weich<br \/>\nGr\u00f6\u00dfen: 26-46<\/p>\n<p>Einfache Reinigung<\/p>\n<p><b>Audio-Beschreibung<\/b><br \/><audio controls src=\"https:\/\/schuhewiebarfuss.at\/shop\/wp-content\/uploads\/lk\/9602_audio.wav\"><br \/>\n                                            Ihr Browser unterst\u00fctzt diese Audio-Ausgabe leider nicht.<br \/>\n                                            <\/ audio ><\/p>\n","protected":false},"excerpt":{"rendered":"<p>Saguaro MICROFIBER INSOLES &#8211; Mikrofaser-Einlegesohle<\/p>\n<p>Gr\u00f6\u00dfen von 26-46<\/p>\n<p>Hauptmaterial: PU-Schaum, Synthetik<br \/>\nMaterial: Breit und Weich<br \/>\nDicke: 3 mm<br \/>\nHaltbarkeit: Hoch<br \/>\nEinfache Reinigung<\/p>\n","protected":false},"featured_media":668224,"comment_status":"open","ping_status":"closed","template":"","meta":[],"product_brand":[],"product_cat":[823],"product_tag":[1395,1396,1397,1398,1399,1400,1401,1402,1403,1368,1373,1374,1375,1376,1377,1378,1379,1380,1381,3011],"class_list":{"0":"post-664546","1":"product","2":"type-product","3":"status-publish","4":"has-post-thumbnail","6":"product_cat-einlegesohlen","7":"product_tag-groesse-26","8":"product_tag-groesse-27","9":"product_tag-groesse-28","10":"product_tag-groesse-29","11":"product_tag-groesse-30","12":"product_tag-groesse-31","13":"product_tag-groesse-32","14":"product_tag-groesse-33","15":"product_tag-groesse-34","16":"product_tag-groesse-37","17":"product_tag-groesse-38","18":"product_tag-groesse-39","19":"product_tag-groesse-40","20":"product_tag-groesse-41","21":"product_tag-groesse-42","22":"product_tag-groesse-43","23":"product_tag-groesse-44","24":"product_tag-groesse-45","25":"product_tag-groesse-46","26":"product_tag-marke-saguaro","28":"first","29":"instock","30":"taxable","31":"shipping-taxable","32":"purchasable","33":"product-type-variable"},"_links":{"self":[{"href":"https:\/\/schuhewiebarfuss.at\/shop\/wp-json\/wp\/v2\/product\/664546","targetHints":{"allow":["GET"]}}],"collection":[{"href":"https:\/\/schuhewiebarfuss.at\/shop\/wp-json\/wp\/v2\/product"}],"about":[{"href":"https:\/\/schuhewiebarfuss.at\/shop\/wp-json\/wp\/v2\/types\/product"}],"replies":[{"embeddable":true,"href":"https:\/\/schuhewiebarfuss.at\/shop\/wp-json\/wp\/v2\/comments?post=664546"}],"wp:featuredmedia":[{"embeddable":true,"href":"https:\/\/schuhewiebarfuss.at\/shop\/wp-json\/wp\/v2\/media\/668224"}],"wp:attachment":[{"href":"https:\/\/schuhewiebarfuss.at\/shop\/wp-json\/wp\/v2\/media?parent=664546"}],"wp:term":[{"taxonomy":"product_brand","embeddable":true,"href":"https:\/\/schuhewiebarfuss.at\/shop\/wp-json\/wp\/v2\/product_brand?post=664546"},{"taxonomy":"product_cat","embeddable":true,"href":"https:\/\/schuhewiebarfuss.at\/shop\/wp-json\/wp\/v2\/product_cat?post=664546"},{"taxonomy":"product_tag","embeddable":true,"href":"https:\/\/schuhewiebarfuss.at\/shop\/wp-json\/wp\/v2\/product_tag?post=664546"}],"curies":[{"name":"wp","href":"https:\/\/api.w.org\/{rel}","templated":true}]}}