{"id":664528,"date":"2024-10-29T18:48:38","date_gmt":"2024-10-29T17:48:38","guid":{"rendered":"https:\/\/schuhewiebarfuss.at\/shop\/produkt\/wish-i\/"},"modified":"2026-05-01T08:32:45","modified_gmt":"2026-05-01T06:32:45","slug":"wish-i","status":"publish","type":"product","link":"https:\/\/schuhewiebarfuss.at\/shop\/produkt\/wish-i\/","title":{"rendered":"Wish I"},"content":{"rendered":"<p>Erf\u00fcllen Sie Ihre Barfu\u00df-W\u00fcnsche mit Wish I, wo m\u00fcheloser Stil auf l\u00e4ssigen Komfort trifft. minimalistisch, vielseitig, perfekt f\u00fcr jeden Stil. F\u00fchlen Sie mehr mit weniger. Minimalistisch und vielseitig. Mit einem Design, das klassische Vielseitigkeit verk\u00f6rpert, eignen sich diese Sneaker perfekt f\u00fcr den t\u00e4glichen Weg zur Arbeit oder entspannte Wochenendausfl\u00fcge und erm\u00f6glichen es Ihnen, f\u00fcr jeden Anlass das perfekte Outfit zusammenzustellen. Diese Sneaker wurden unter Ber\u00fccksichtigung der Fu\u00dfform gefertigt und bieten einen ger\u00e4umigen Zehenbereich. Dieses Design erm\u00f6glicht den F\u00fc\u00dfen eine nat\u00fcrliche und uneingeschr\u00e4nkte Bewegung, vermeidet Kompression und minimiert den Druck und f\u00f6rdert gleichzeitig die nat\u00fcrliche Kraft Ihrer F\u00fc\u00dfe. Mit einer flachen 6-mm-Gummisohle, die eine ebene Fl\u00e4che ohne Absenkung beibeh\u00e4lt, sorgen diese Sneaker daf\u00fcr, dass der Schwerpunkt Ihres K\u00f6rpers unver\u00e4ndert bleibt und sein nat\u00fcrlichster Zustand erhalten bleibt.<\/p>\n<p>Obermaterial: Wildleder-Mesh<br \/>\nInnenfutter: Mesh<br \/>\nSohle: Gummi, 6 mm<br \/>\nInnensohle: herausnehmbar<br \/>\nAbsatz: Nullabsatz<br \/>\nVerschluss: Schn\u00fcrung<br \/>\nZehenbox: Anatomisch, weitere Passform im Zehenbereich<br \/>\nFlexibel, rutschfest<\/p>\n<p>Minimalistische Sneaker mit zeitlosem Design, erh\u00e4ltlich in zwei Farben, ideal f\u00fcr jedes Outfit und jeden Alltagsstil.<br \/>\nEine flache 6-mm-Gummisohle mit Zero-Drop-Gef\u00fchl f\u00f6rdert die Nutzung der Kraft Ihrer F\u00fc\u00dfe zur Unterst\u00fctzung Ihres K\u00f6rpers, zur Korrektur der K\u00f6rperhaltung und des Gleichgewichts und st\u00e4rkt so Ihre F\u00fc\u00dfe.<br \/>\nJeder Schuh wiegt nur 220 Gramm und bietet beispiellose Leichtigkeit und ein Barfu\u00dfgef\u00fchl, erg\u00e4nzt durch ein atmungsaktives Mesh-Obermaterial f\u00fcr mehr Fu\u00dfkomfort und weniger Erm\u00fcdung.<br \/>\nEine ausreichend breite Zehenbox sorgt daf\u00fcr, dass jeder Zeh eine nat\u00fcrliche und bequeme Position beibeh\u00e4lt, fast wie beim Barfu\u00dfgehen, was den Komfort auf eine tiefere Ebene bringt.<br \/>\nSowohl das Obermaterial als auch die Sohle bieten viel Flexibilit\u00e4t, sodass sich die F\u00fc\u00dfe nat\u00fcrlich und ohne Einschr\u00e4nkungen bewegen k\u00f6nnen.<br \/>\nF\u00fcr modebewusste M\u00e4nner und Frauen, die noch keine Erfahrung mit Barfu\u00dfschuhen haben, ist dieses Paar mit einer 4 mm dicken Einlegesohle aus weichem PU-Schaum ausgestattet, die einen reibungslosen \u00dcbergang von normalem Schuhwerk zu Barfu\u00dfschuhen erm\u00f6glicht.<\/p>\n<p>Hinweis:<br \/>\nVerwenden Sie nachhaltige Materialien f\u00fcr umweltfreundliche PU-Schaum-Einlegesohlen.<br \/>\nDer PU-Schaum in den Einlegesohlen ist ein beliebtes und nachhaltiges Material, das keine Schadstoffe enth\u00e4lt. Es erf\u00fcllt vollst\u00e4ndig die Anforderungen internationaler Umweltorganisationen.<br \/>\nEs ist im Allgemeinen recycelbar oder kann zur Zersetzung etwa f\u00fcnf Jahre lang im Boden vergraben werden. Es kann recycelt und zu recycelter Baumwolle verarbeitet werden.<\/p>\n<p>Innensohle &#8211; L\u00e4nge\/Breite (mm):<\/p>\n<p>Gr\u00f6\u00dfe: 38 &#8211; L\u00e4nge: 244 mm &#8211; Breite: 94 mm<br \/>\nGr\u00f6\u00dfe: 39 &#8211; L\u00e4nge: 250 mm &#8211; Breite: 95 mm<br \/>\nGr\u00f6\u00dfe: 40 &#8211; L\u00e4nge: 257 mm &#8211; Breite: 96 mm<br \/>\nGr\u00f6\u00dfe: 41 &#8211; L\u00e4nge: 262 mm &#8211; Breite: 97 mm<br \/>\nGr\u00f6\u00dfe: 42 &#8211; L\u00e4nge: 270 mm &#8211; Breite: 100 mm<br \/>\nGr\u00f6\u00dfe: 43 &#8211; L\u00e4nge: 275 mm &#8211; Breite: 102 mm<br \/>\nGr\u00f6\u00dfe: 44 &#8211; L\u00e4nge: 283 mm &#8211; Breite: 104 mm<br \/>\nGr\u00f6\u00dfe: 45 &#8211; L\u00e4nge: 289 mm &#8211; Breite: 106 mm<br \/>\nGr\u00f6\u00dfe: 46 &#8211; L\u00e4nge: 294 mm &#8211; Breite: 107 mm<\/p>\n<p><b>Audio-Beschreibung<\/b><br \/><audio controls src=\"https:\/\/schuhewiebarfuss.at\/shop\/wp-content\/uploads\/lk\/9601_audio.wav\"><br \/>\n                                            Ihr Browser unterst\u00fctzt diese Audio-Ausgabe leider nicht.<br \/>\n                                            <\/ audio ><\/p>\n","protected":false},"excerpt":{"rendered":"<p>Saguaro WISH I &#8211; Alltagsschuh<\/p>\n<p>Obermaterial: Wildleder-Mesh<br \/>\nInnenfutter: Mesh<br \/>\nSohle: Gummi, 6 mm<br \/>\nInnensohle: herausnehmbar<br \/>\nAbsatz: Nullabsatz<br \/>\nVerschluss: Schn\u00fcrung<br \/>\nZehenbox: Anatomisch, weitere Passform im Zehenbereich<br \/>\nFlexibel, rutschfest<\/p>\n","protected":false},"featured_media":778570,"comment_status":"open","ping_status":"closed","template":"","meta":[],"product_brand":[],"product_cat":[853],"product_tag":[1479,1408,1651,1362,1368,1373,1374,1375,1376,1377,1378,1379,1380,1381,3011],"class_list":{"0":"post-664528","1":"product","2":"type-product","3":"status-publish","4":"has-post-thumbnail","6":"product_cat-sport-2","7":"product_tag-farbe-blau","8":"product_tag-farbe-schwarz","9":"product_tag-farbe-weiss","10":"product_tag-groesse-36","11":"product_tag-groesse-37","12":"product_tag-groesse-38","13":"product_tag-groesse-39","14":"product_tag-groesse-40","15":"product_tag-groesse-41","16":"product_tag-groesse-42","17":"product_tag-groesse-43","18":"product_tag-groesse-44","19":"product_tag-groesse-45","20":"product_tag-groesse-46","21":"product_tag-marke-saguaro","23":"first","24":"instock","25":"taxable","26":"shipping-taxable","27":"purchasable","28":"product-type-variable"},"_links":{"self":[{"href":"https:\/\/schuhewiebarfuss.at\/shop\/wp-json\/wp\/v2\/product\/664528","targetHints":{"allow":["GET"]}}],"collection":[{"href":"https:\/\/schuhewiebarfuss.at\/shop\/wp-json\/wp\/v2\/product"}],"about":[{"href":"https:\/\/schuhewiebarfuss.at\/shop\/wp-json\/wp\/v2\/types\/product"}],"replies":[{"embeddable":true,"href":"https:\/\/schuhewiebarfuss.at\/shop\/wp-json\/wp\/v2\/comments?post=664528"}],"wp:featuredmedia":[{"embeddable":true,"href":"https:\/\/schuhewiebarfuss.at\/shop\/wp-json\/wp\/v2\/media\/778570"}],"wp:attachment":[{"href":"https:\/\/schuhewiebarfuss.at\/shop\/wp-json\/wp\/v2\/media?parent=664528"}],"wp:term":[{"taxonomy":"product_brand","embeddable":true,"href":"https:\/\/schuhewiebarfuss.at\/shop\/wp-json\/wp\/v2\/product_brand?post=664528"},{"taxonomy":"product_cat","embeddable":true,"href":"https:\/\/schuhewiebarfuss.at\/shop\/wp-json\/wp\/v2\/product_cat?post=664528"},{"taxonomy":"product_tag","embeddable":true,"href":"https:\/\/schuhewiebarfuss.at\/shop\/wp-json\/wp\/v2\/product_tag?post=664528"}],"curies":[{"name":"wp","href":"https:\/\/api.w.org\/{rel}","templated":true}]}}