{"id":664484,"date":"2024-10-29T18:17:19","date_gmt":"2024-10-29T17:17:19","guid":{"rendered":"https:\/\/schuhewiebarfuss.at\/shop\/produkt\/brave-i\/"},"modified":"2026-04-22T18:40:22","modified_gmt":"2026-04-22T16:40:22","slug":"brave-i","status":"publish","type":"product","link":"https:\/\/schuhewiebarfuss.at\/shop\/produkt\/brave-i\/","title":{"rendered":"Brave I"},"content":{"rendered":"<p>Statisch wasserdicht f\u00fcr den gesamten Schuh. Ob verregnete Stra\u00dfe oder taubedeckte Wiese, diese Schuhe garantieren trockene F\u00fc\u00dfe und das ultimative Barfu\u00dfgef\u00fchl.<br \/>\nBereit f\u00fcr den n\u00e4chsten Ausflug ins Freie? Dieser Outdoor-Schuh aus dem Hause Saguaro \u00fcberzeugen mit einer tollen Passform, geringem Gewicht und den wasserabweisenden Eigenschaften. Die flache und flexible Sohle sch\u00fctzt deine F\u00fc\u00dfe und gibt dir trotzdem ein super Gef\u00fchl f\u00fcr den Untergrund. Das verbessert deine Trittsicherheit im Vergleich zu herk\u00f6mmlichen Schuhen mit dicken Sohlen enorm.<\/p>\n<p>Obermaterial: Mikrofaser und Mesh<br \/>\nInnenfutter: Mesh<br \/>\nSohle: Gummi, 6 mm<br \/>\nInnensohle: herausnehmbar<br \/>\nAbsatz: Nullabsatz<br \/>\nVerschluss: Schn\u00fcrung<br \/>\nZehenbox: Anatomisch, weitere Passform im Zehenbereich<br \/>\nFlexibel, rutschfest, Wasserdicht, 100% Vegan<\/p>\n<p>Dieser Schuh ist komplett statisch Wasserdicht. Hervorragende Wasserdichtigkeit, selbst nach 4-st\u00fcndigem Eintauchen in 4 cm tiefes Wasser im Labor dringt kein Wasser ein.<\/p>\n<p>Breite Zehenbox und geringes Gewicht: Unsere breite Zehenbox bietet Komfort und Freiheit, erg\u00e4nzt durch eine leichte Konstruktion, die daf\u00fcr sorgt, dass Ihre F\u00fc\u00dfe den ganzen Tag \u00fcber entspannt bleiben.<\/p>\n<p>Genie\u00dfen Sie die Flexibilit\u00e4t und Freiheit, die Ihre F\u00fc\u00dfe verdienen, und treffen Sie gleichzeitig eine umweltbewusste Wahl mit diesen 100 % veganen Schuhen.<\/p>\n<p>Pflegehinweis:<br \/>\nUm die wasserabweisenden Eigenschaften beizubehalten, empfehlen wir eine zus\u00e4tzliche Impr\u00e4gnierung und angemessene Pflege.<br \/>\nPflegehinweise<\/p>\n<p>Klatschnasse Schuhe grunds\u00e4tzlich nicht direkt auf oder vor der Heizung trocknen! Zu hei\u00dfes Trocknen sch\u00e4digt den Schuh: der Oberschuh kann schrumpfen, die Sohle kann sich l\u00f6sen.<\/p>\n<p>Innensohle &#8211; L\u00e4nge\/Breite (mm):<\/p>\n<p>Gr\u00f6\u00dfe: 37 &#8211; L\u00e4nge: 240 mm &#8211; Breite: 90 mm<br \/>\nGr\u00f6\u00dfe: 38 &#8211; L\u00e4nge: 246 mm &#8211; Breite: 92 mm<br \/>\nGr\u00f6\u00dfe: 39 &#8211; L\u00e4nge: 253 mm &#8211; Breite: 93 mm<br \/>\nGr\u00f6\u00dfe: 40 &#8211; L\u00e4nge: 260 mm &#8211; Breite: 94 mm<br \/>\nGr\u00f6\u00dfe: 41 &#8211; L\u00e4nge: 266 mm &#8211; Breite: 96 mm<br \/>\nGr\u00f6\u00dfe: 42 &#8211; L\u00e4nge: 273 mm &#8211; Breite: 98 mm<br \/>\nGr\u00f6\u00dfe: 43 &#8211; L\u00e4nge: 279 mm &#8211; Breite: 100 mm<br \/>\nGr\u00f6\u00dfe: 44 &#8211; L\u00e4nge: 285 mm &#8211; Breite: 102 mm<br \/>\nGr\u00f6\u00dfe: 45 &#8211; L\u00e4nge: 291 mm &#8211; Breite: 103 mm<br \/>\nGr\u00f6\u00dfe: 46 &#8211; L\u00e4nge: 299 mm &#8211; Breite: 104 mm<\/p>\n<p><b>Audio-Beschreibung<\/b><br \/><audio controls src=\"https:\/\/schuhewiebarfuss.at\/shop\/wp-content\/uploads\/lk\/9598_audio.wav\"><br \/>\n                                            Ihr Browser unterst\u00fctzt diese Audio-Ausgabe leider nicht.<br \/>\n                                            <\/ audio ><\/p>\n","protected":false},"excerpt":{"rendered":"<p>Saguaro BRAVE I &#8211; Wasserdichter Allwetterschuh<\/p>\n<p>Obermaterial: Mikrofaser und Mesh<br \/>\nInnenfutter: Mesh<br \/>\nSohle: Gummi, 6 mm<br \/>\nInnensohle: herausnehmbar<br \/>\nAbsatz: Nullabsatz<br \/>\nVerschluss: Schn\u00fcrung<br \/>\nZehenbox: Anatomisch, weitere Passform im Zehenbereich<br \/>\nFlexibel, rutschfest, Wasserdicht, 100% Vegan<\/p>\n","protected":false},"featured_media":668410,"comment_status":"open","ping_status":"closed","template":"","meta":[],"product_brand":[],"product_cat":[853],"product_tag":[1479,1570,1408,1368,1373,1374,1375,1376,1377,1378,1379,1380,1381,3011],"class_list":{"0":"post-664484","1":"product","2":"type-product","3":"status-publish","4":"has-post-thumbnail","6":"product_cat-sport-2","7":"product_tag-farbe-blau","8":"product_tag-farbe-gruen","9":"product_tag-farbe-schwarz","10":"product_tag-groesse-37","11":"product_tag-groesse-38","12":"product_tag-groesse-39","13":"product_tag-groesse-40","14":"product_tag-groesse-41","15":"product_tag-groesse-42","16":"product_tag-groesse-43","17":"product_tag-groesse-44","18":"product_tag-groesse-45","19":"product_tag-groesse-46","20":"product_tag-marke-saguaro","22":"first","23":"instock","24":"taxable","25":"shipping-taxable","26":"purchasable","27":"product-type-variable"},"_links":{"self":[{"href":"https:\/\/schuhewiebarfuss.at\/shop\/wp-json\/wp\/v2\/product\/664484","targetHints":{"allow":["GET"]}}],"collection":[{"href":"https:\/\/schuhewiebarfuss.at\/shop\/wp-json\/wp\/v2\/product"}],"about":[{"href":"https:\/\/schuhewiebarfuss.at\/shop\/wp-json\/wp\/v2\/types\/product"}],"replies":[{"embeddable":true,"href":"https:\/\/schuhewiebarfuss.at\/shop\/wp-json\/wp\/v2\/comments?post=664484"}],"wp:featuredmedia":[{"embeddable":true,"href":"https:\/\/schuhewiebarfuss.at\/shop\/wp-json\/wp\/v2\/media\/668410"}],"wp:attachment":[{"href":"https:\/\/schuhewiebarfuss.at\/shop\/wp-json\/wp\/v2\/media?parent=664484"}],"wp:term":[{"taxonomy":"product_brand","embeddable":true,"href":"https:\/\/schuhewiebarfuss.at\/shop\/wp-json\/wp\/v2\/product_brand?post=664484"},{"taxonomy":"product_cat","embeddable":true,"href":"https:\/\/schuhewiebarfuss.at\/shop\/wp-json\/wp\/v2\/product_cat?post=664484"},{"taxonomy":"product_tag","embeddable":true,"href":"https:\/\/schuhewiebarfuss.at\/shop\/wp-json\/wp\/v2\/product_tag?post=664484"}],"curies":[{"name":"wp","href":"https:\/\/api.w.org\/{rel}","templated":true}]}}