{"id":664453,"date":"2024-10-29T17:07:04","date_gmt":"2024-10-29T16:07:04","guid":{"rendered":"https:\/\/schuhewiebarfuss.at\/shop\/produkt\/kids-brave-i\/"},"modified":"2026-04-20T20:34:42","modified_gmt":"2026-04-20T18:34:42","slug":"kid-brave-i","status":"publish","type":"product","link":"https:\/\/schuhewiebarfuss.at\/shop\/produkt\/kid-brave-i\/","title":{"rendered":"Kid Brave I"},"content":{"rendered":"<p>Ob verregnete Stra\u00dfe oder taubedeckte Wiese, diese Schuhe garantieren trockene F\u00fc\u00dfe und das ultimative Barfu\u00dfgef\u00fchl.<br \/>\nDie Brave I-Kinderschuhe verf\u00fcgen nicht nur \u00fcber alle Vorteile der Erwachsenenversion, sondern verf\u00fcgen auch \u00fcber praktische Velcro Straps, die Kindern das An- und Ausziehen erleichtern.<br \/>\nKid`s Brave I ist perfekt f\u00fcr jedes Wetter. Die breite Zehenbox erm\u00f6glicht eine nat\u00fcrliche Zehenspreizung f\u00fcr besseren Halt und die rutschfeste Zero-Drop-Sohle sorgt f\u00fcr Stabilit\u00e4t und Festigkeit bei jedem Schritt.<\/p>\n<p>Obermaterial: Mikrofaser und Mesh<br \/>\nInnenfutter: Mesh<br \/>\nSohle: Gummi, 5 mm<br \/>\nInnensohle:<br \/>\nAbsatz: Nullabsatz<br \/>\nVerschluss: Schnellverschluss<br \/>\nZehenbox: Anatomisch, weitere Passform im Zehenbereich<br \/>\nFlexibel, rutschfest, Wasserdicht, 100% Vegan<\/p>\n<p>Dieser Schuh ist komplett statisch Wasserdicht. Hervorragende Wasserdichtigkeit, selbst nach 4-st\u00fcndigem Eintauchen in 4 cm tiefes Wasser im Labor dringt kein Wasser ein.<\/p>\n<p>Breite Zehenbox und geringes Gewicht: Unsere breite Zehenbox bietet Komfort und Freiheit, erg\u00e4nzt durch eine leichte Konstruktion, die daf\u00fcr sorgt, dass Ihre F\u00fc\u00dfe den ganzen Tag \u00fcber entspannt bleiben.<\/p>\n<p>Genie\u00dfen Sie die Flexibilit\u00e4t und Freiheit, die Kinderf\u00fc\u00dfe verdienen, und treffen Sie gleichzeitig eine umweltbewusste Wahl mit diesen 100 % veganen Schuhen.<\/p>\n<p><b>Audio-Beschreibung<\/b><br \/><audio controls src=\"https:\/\/schuhewiebarfuss.at\/shop\/wp-content\/uploads\/lk\/9596_audio.wav\"><br \/>\n                                            Ihr Browser unterst\u00fctzt diese Audio-Ausgabe leider nicht.<br \/>\n                                            <\/ audio ><\/p>\n","protected":false},"excerpt":{"rendered":"<p>Saguaro KID&#8217;S BRAVE ? &#8211; Wasserdichter Allwetterschuh<\/p>\n<p>Obermaterial: Mikrofaser und Mesh<br \/>\nInnenfutter: Mesh<br \/>\nSohle: Gummi, 5 mm<br \/>\nInnensohle:<br \/>\nAbsatz: Nullabsatz<br \/>\nVerschluss: Schnellverschluss<br \/>\nZehenbox: Anatomisch, weitere Passform im Zehenbereich<br \/>\nFlexibel, Rutschfest, Wasserdicht, 100% Vegan<\/p>\n","protected":false},"featured_media":930434,"comment_status":"open","ping_status":"closed","template":"","meta":[],"product_brand":[],"product_cat":[847],"product_tag":[1479,3086,1570,1395,1396,1397,1398,1399,1400,1401,3011,1382],"class_list":{"0":"post-664453","1":"product","2":"type-product","3":"status-publish","4":"has-post-thumbnail","6":"product_cat-wanderschuhe-4","7":"product_tag-farbe-blau","8":"product_tag-farbe-cyan","9":"product_tag-farbe-gruen","10":"product_tag-groesse-26","11":"product_tag-groesse-27","12":"product_tag-groesse-28","13":"product_tag-groesse-29","14":"product_tag-groesse-30","15":"product_tag-groesse-31","16":"product_tag-groesse-32","17":"product_tag-marke-saguaro","18":"product_tag-neu","20":"first","21":"instock","22":"taxable","23":"shipping-taxable","24":"purchasable","25":"product-type-variable"},"_links":{"self":[{"href":"https:\/\/schuhewiebarfuss.at\/shop\/wp-json\/wp\/v2\/product\/664453","targetHints":{"allow":["GET"]}}],"collection":[{"href":"https:\/\/schuhewiebarfuss.at\/shop\/wp-json\/wp\/v2\/product"}],"about":[{"href":"https:\/\/schuhewiebarfuss.at\/shop\/wp-json\/wp\/v2\/types\/product"}],"replies":[{"embeddable":true,"href":"https:\/\/schuhewiebarfuss.at\/shop\/wp-json\/wp\/v2\/comments?post=664453"}],"wp:featuredmedia":[{"embeddable":true,"href":"https:\/\/schuhewiebarfuss.at\/shop\/wp-json\/wp\/v2\/media\/930434"}],"wp:attachment":[{"href":"https:\/\/schuhewiebarfuss.at\/shop\/wp-json\/wp\/v2\/media?parent=664453"}],"wp:term":[{"taxonomy":"product_brand","embeddable":true,"href":"https:\/\/schuhewiebarfuss.at\/shop\/wp-json\/wp\/v2\/product_brand?post=664453"},{"taxonomy":"product_cat","embeddable":true,"href":"https:\/\/schuhewiebarfuss.at\/shop\/wp-json\/wp\/v2\/product_cat?post=664453"},{"taxonomy":"product_tag","embeddable":true,"href":"https:\/\/schuhewiebarfuss.at\/shop\/wp-json\/wp\/v2\/product_tag?post=664453"}],"curies":[{"name":"wp","href":"https:\/\/api.w.org\/{rel}","templated":true}]}}