{"id":650207,"date":"2024-09-27T22:47:46","date_gmt":"2024-09-27T20:47:46","guid":{"rendered":"https:\/\/schuhewiebarfuss.at\/shop\/produkt\/affenzahn-comfy-vegan\/"},"modified":"2026-03-01T14:04:04","modified_gmt":"2026-03-01T13:04:04","slug":"affenzahn-comfy-vegan","status":"publish","type":"product","link":"https:\/\/schuhewiebarfuss.at\/shop\/produkt\/affenzahn-comfy-vegan\/","title":{"rendered":"Affenzahn Comfy Vegan"},"content":{"rendered":"<p>Wasserdicht und atmungsaktiv: Dank der speziellen AffenTex Membran kommt keine Feuchtigkeit von au\u00dfen in die Schuhe und die F\u00fc\u00dfe bleiben auch nach dem Pf\u00fctzenspringen trocken und warm.<br \/>\nWarm und weich: Barfu\u00dfschuhe im Winter? Na klar! Dank robuster, wetterfester Materialien und weichem Futter bleiben die F\u00fc\u00dfe auch Schnee und Eis kuschelig warm.<br \/>\nD\u00fcnne, flexible Sohle: Die Sohle der Affenzahn Sandale ist nur so dick wie n\u00f6tig. Sie ist nicht ged\u00e4mpft, damit Kinder ihre Umgebung und den Untergrund sp\u00fcren, auch wenn sie Schuhe tragen.<br \/>\nSuper leicht: So leicht und so bequem! Man k\u00f6nnte meinen, man hat gar keine Schuhe an.<br \/>\nKinderleichter Verschluss: Schnelles An- und Ausziehen leicht gemacht! Mit diesem Klettverschluss sitzen die Sandalen fest am Fu\u00df und lassen sich kinderleicht schlie\u00dfen und \u00f6ffnen!<br \/>\nReflektierend: Die Schuhe sind mit Reflektoren ausgestattet, welche das Licht bei Dunkelheit reflektieren.<br \/>\nRechts-Links Unterscheiden: Clever gemacht! So kommt es garantiert nicht mehr zu Entenf\u00fc\u00dfen. Einfach hinten auf das Tierpuzzle achten und in die Schuhe schl\u00fcpfen.<br \/>\nRutschfest: Die Affenzahn Sohle bietet extra Halt f\u00fcr Kinderf\u00fc\u00dfe und hinterl\u00e4sst ein super Motiv. Damit gewinnt man sicher jedes Wettrennen, versprochen!<br \/>\nGenug Platz zum Wachsen: Die Naturform der Schuhe bietet genung Platz f\u00fcr jeden Zeh, so dass die F\u00fc\u00dfe nicht eingeengt werden und sich gesund entwickeln k\u00f6nnen.<\/p>\n<p>F\u00fcr das Ober- und Futtermaterial verwendet Affenzahn teilweise bluesign\u00ae-zertifiziertes Polyester. Hier wird sehr darauf geachtet, die Umweltbelastung so gering wie m\u00f6glich zu halten.<br \/>\nDas recycelte Polyester im Innenfutter spart ca. 50% Energie, ungef\u00e4hr 70% CO2-Emissionen und reduziert das Abwasser um ca. 20% im Vergleich zu herk\u00f6mmlichem Polyester.<br \/>\nDieser Schuh ist zu 100% aus veganen Materialien hergestellt. Das ist nicht nur gut f\u00fcr die Natur, es f\u00fchlt sich auch spitze an!<\/p>\n<p>Obermaterial aus Mikrofaser Polyester<br \/>\nZunge mit bluesign\u00ae-zertifziertem Polyester<br \/>\nFuttermaterial aus 100% recyceltem Polyester<br \/>\nWarmfutter<br \/>\nWasserdichte AffenTex Membran<br \/>\nLaufsohle: 30% nat\u00fcrliches Gummi, 70% synthetisches Gummi<br \/>\nMit Einlegesohle<br \/>\nVegan<br \/>\nGewicht: ca. 132.2 g<\/p>\n<p>Struktur und F\u00e4rbung k\u00f6nnen Unregelm\u00e4\u00dfigkeiten aufweisen, ggf. kann das Material leicht abf\u00e4rben.<\/p>\n<p>Unsere Empfehlung: Schuhe h\u00e4ndisch reinigen und vor dem ersten Tragen impr\u00e4gnieren. Weitere Pflegehinweise hier: https:\/\/www.affenzahn.com\/de\/blog\/schuhe-reinigen<\/p>\n<p>Innensohle &#8211; L\u00e4nge\/Breite (mm):<\/p>\n<p>Gr\u00f6\u00dfe: 21 &#8211; ideale Fu\u00dfl\u00e4nge: 126 mm &#8211; Fersen-Zehenbereich: 123-129 mm &#8211; Fu\u00dfbreite: 59 mm<br \/>\nGr\u00f6\u00dfe: 22 &#8211; ideale Fu\u00dfl\u00e4nge: 133 mm &#8211; Fersen-Zehenbereich: 130-136 mm &#8211; Fu\u00dfbreite: 60 mm<br \/>\nGr\u00f6\u00dfe: 23 &#8211; ideale Fu\u00dfl\u00e4nge: 139 mm &#8211; Fersen-Zehenbereich: 137-142 mm &#8211; Fu\u00dfbreite: 61 mm<br \/>\nGr\u00f6\u00dfe: 24 &#8211; ideale Fu\u00dfl\u00e4nge: 145 mm &#8211; Fersen-Zehenbereich: 143-148 mm &#8211; Fu\u00dfbreite: 63 mm<br \/>\nGr\u00f6\u00dfe: 25 &#8211; ideale Fu\u00dfl\u00e4nge: 153 mm &#8211; Fersen-Zehenbereich: 149-156 mm &#8211; Fu\u00dfbreite: 64 mm<br \/>\nGr\u00f6\u00dfe: 26 &#8211; ideale Fu\u00dfl\u00e4nge: 159 mm &#8211; Fersen-Zehenbereich: 157-162 mm &#8211; Fu\u00dfbreite: 66 mm<br \/>\nGr\u00f6\u00dfe: 27 &#8211; ideale Fu\u00dfl\u00e4nge: 166 mm &#8211; Fersen-Zehenbereich: 163-169 mm &#8211; Fu\u00dfbreite: 67 mm<br \/>\nGr\u00f6\u00dfe: 28 &#8211; ideale Fu\u00dfl\u00e4nge: 173 mm &#8211; Fersen-Zehenbereich: 170-176 mm &#8211; Fu\u00dfbreite: 69 mm<br \/>\nGr\u00f6\u00dfe: 29 &#8211; ideale Fu\u00dfl\u00e4nge: 179 mm &#8211; Fersen-Zehenbereich: 177-182 mm &#8211; Fu\u00dfbreite: 70 mm<br \/>\nGr\u00f6\u00dfe: 30 &#8211; ideale Fu\u00dfl\u00e4nge: 185 mm &#8211; Fersen-Zehenbereich: 183-188 mm &#8211; Fu\u00dfbreite: 71 mm<br \/>\nGr\u00f6\u00dfe: 31 &#8211; ideale Fu\u00dfl\u00e4nge: 192 mm &#8211; Fersen-Zehenbereich: 189-195 mm &#8211; Fu\u00dfbreite: 73 mm<br \/>\nGr\u00f6\u00dfe: 32 &#8211; ideale Fu\u00dfl\u00e4nge: 199 mm &#8211; Fersen-Zehenbereich: 196-202 mm &#8211; Fu\u00dfbreite: 75 mm<\/p>\n<p><b>Audio-Beschreibung<\/b><br \/><audio controls src=\"https:\/\/schuhewiebarfuss.at\/shop\/wp-content\/uploads\/lk\/9572_audio.wav\"><br \/>\n                                            Ihr Browser unterst\u00fctzt diese Audio-Ausgabe leider nicht.<br \/>\n                                            <\/ audio ><\/p>\n","protected":false},"excerpt":{"rendered":"<p>Affenzahn COMFY VEGAN<\/p>\n<p>Unser Comfy Vegan ist der ideale Begleiter f\u00fcr den Winter: warm gef\u00fcttert und wasserdicht!<br \/>\nKinderleicht auf und zu zumachen mit zwei Klettverschl\u00fcssen.<br \/>\nDieser Schuh ist Vegan.<br \/>\nDieser Schuh ist Wasserdicht.<\/p>\n<p>Obermaterial: Mikrofaser Polyester, Zunge mit bluesign\u00ae-zertifziertem Polyester<br \/>\nFuttermaterial: 100% recyceltem Polyester, Warmfutter<br \/>\nLaufsohle: 30% nat\u00fcrliches Gummi, 70% synthetisches Gummi<br \/>\nWasserdichte AffenTex Membran<br \/>\nMit Einlegesohle<br \/>\nGewicht: ca. 132.2 g<\/p>\n","protected":false},"featured_media":650191,"comment_status":"open","ping_status":"closed","template":"","meta":[],"product_brand":[],"product_cat":[848],"product_tag":[1479,1570,1481,1390,1391,1392,1393,1394,1395,1396,1397,1398,1399,1400,1401,2975],"class_list":{"0":"post-650207","1":"product","2":"type-product","3":"status-publish","4":"has-post-thumbnail","6":"product_cat-winterschuhe-1","7":"product_tag-farbe-blau","8":"product_tag-farbe-gruen","9":"product_tag-farbe-pink","10":"product_tag-groesse-21","11":"product_tag-groesse-22","12":"product_tag-groesse-23","13":"product_tag-groesse-24","14":"product_tag-groesse-25","15":"product_tag-groesse-26","16":"product_tag-groesse-27","17":"product_tag-groesse-28","18":"product_tag-groesse-29","19":"product_tag-groesse-30","20":"product_tag-groesse-31","21":"product_tag-groesse-32","22":"product_tag-marke-affenzahn","24":"first","25":"instock","26":"taxable","27":"shipping-taxable","28":"purchasable","29":"product-type-variable"},"_links":{"self":[{"href":"https:\/\/schuhewiebarfuss.at\/shop\/wp-json\/wp\/v2\/product\/650207","targetHints":{"allow":["GET"]}}],"collection":[{"href":"https:\/\/schuhewiebarfuss.at\/shop\/wp-json\/wp\/v2\/product"}],"about":[{"href":"https:\/\/schuhewiebarfuss.at\/shop\/wp-json\/wp\/v2\/types\/product"}],"replies":[{"embeddable":true,"href":"https:\/\/schuhewiebarfuss.at\/shop\/wp-json\/wp\/v2\/comments?post=650207"}],"wp:featuredmedia":[{"embeddable":true,"href":"https:\/\/schuhewiebarfuss.at\/shop\/wp-json\/wp\/v2\/media\/650191"}],"wp:attachment":[{"href":"https:\/\/schuhewiebarfuss.at\/shop\/wp-json\/wp\/v2\/media?parent=650207"}],"wp:term":[{"taxonomy":"product_brand","embeddable":true,"href":"https:\/\/schuhewiebarfuss.at\/shop\/wp-json\/wp\/v2\/product_brand?post=650207"},{"taxonomy":"product_cat","embeddable":true,"href":"https:\/\/schuhewiebarfuss.at\/shop\/wp-json\/wp\/v2\/product_cat?post=650207"},{"taxonomy":"product_tag","embeddable":true,"href":"https:\/\/schuhewiebarfuss.at\/shop\/wp-json\/wp\/v2\/product_tag?post=650207"}],"curies":[{"name":"wp","href":"https:\/\/api.w.org\/{rel}","templated":true}]}}