{"id":645932,"date":"2024-09-20T19:08:20","date_gmt":"2024-09-20T17:08:20","guid":{"rendered":"https:\/\/schuhewiebarfuss.at\/shop\/produkt\/affenzahn-snowy\/"},"modified":"2026-03-07T19:07:31","modified_gmt":"2026-03-07T18:07:31","slug":"affenzahn-snowy","status":"publish","type":"product","link":"https:\/\/schuhewiebarfuss.at\/shop\/produkt\/affenzahn-snowy\/","title":{"rendered":"Affenzahn Snowy"},"content":{"rendered":"<p>Wasserdicht und atmungsaktiv: Dank der speziellen AffenTex Membran kommt keine Feuchtigkeit von au\u00dfen in die Schuhe und die F\u00fc\u00dfe bleiben auch nach dem Pf\u00fctzenspringen trocken und warm.<br \/>\nWarm und weich: Barfu\u00dfschuhe im Winter? Na klar! Dank robuster, wetterfester Materialien und weichem Futter bleiben die F\u00fc\u00dfe auch Schnee und Eis kuschelig warm.<br \/>\nD\u00fcnne, flexible Sohle: Die Sohle der Affenzahn Sandale ist nur so dick wie n\u00f6tig. Sie ist nicht ged\u00e4mpft, damit Kinder ihre Umgebung und den Untergrund sp\u00fcren, auch wenn sie Schuhe tragen.<br \/>\nSuper leicht: So leicht und so bequem! Man k\u00f6nnte meinen, man hat gar keine Schuhe an.<br \/>\nKinderleichter Verschluss: Schnelles An- und Ausziehen leicht gemacht! Mit diesem Klettverschluss sitzen die Sandalen fest am Fu\u00df und lassen sich kinderleicht schlie\u00dfen und \u00f6ffnen!<br \/>\nRechts-Links Unterscheiden: Clever gemacht! So kommt es garantiert nicht mehr zu Entenf\u00fc\u00dfen. Einfach hinten auf das Tierpuzzle achten und in die Schuhe schl\u00fcpfen.<br \/>\nRutschfest: Die Affenzahn Sohle bietet extra Halt f\u00fcr Kinderf\u00fc\u00dfe und hinterl\u00e4sst ein super Motiv. Damit gewinnt man sicher jedes Wettrennen, versprochen!<br \/>\nGenug Platz zum Wachsen: Die Naturform der Schuhe bietet genung Platz f\u00fcr jeden Zeh, so dass die F\u00fc\u00dfe nicht eingeengt werden und sich gesund entwickeln k\u00f6nnen.<\/p>\n<p>Das Obermaterial besteht haupts\u00e4chlich aus ECONYL\u00ae-Garn, einem zu 100% regenerierten Nylon aus Pre- und Post-Consumer-Abf\u00e4llen, wie Fischernetzen und anderen Nylonabf\u00e4llen.<br \/>\nF\u00fcr das Ober- und Futtermaterial verwendet Affenzahn teilweise bluesign\u00ae-zertifiziertes Polyester. Hier wird sehr darauf geachtet, die Umweltbelastung so gering wie m\u00f6glich zu halten.<br \/>\nDas recycelte Polyester im Innenfutter spart ca. 50% Energie, ungef\u00e4hr 70% CO2-Emissionen und reduziert das Abwasser um ca. 20% im Vergleich zu herk\u00f6mmlichem Polyester.<br \/>\nDieser Schuh ist zu 100% aus veganen Materialien hergestellt. Das ist nicht nur gut f\u00fcr die Natur, es f\u00fchlt sich auch spitze an!<\/p>\n<p>Obermaterial aus bluesign\u00ae-zertifizierten regenerierten Nylonfasern (ECONYL\u00ae)<br \/>\nFuttermaterial aus 100% recyceltem Polyester<br \/>\nWarmfutter<br \/>\nWasserdichte AffenTex Membran<br \/>\nLaufsohle: 30% nat\u00fcrliches Gummi, 70% synthetisches Gummi<br \/>\nMit Einlegesohle<br \/>\nVegan<br \/>\nGewicht: ca. 209 g<\/p>\n<p>Struktur und F\u00e4rbung k\u00f6nnen Unregelm\u00e4\u00dfigkeiten aufweisen, ggf. kann das Material leicht abf\u00e4rben.<br \/>\nHINWEIS: Das elastische Gummiband zum Festziehen ist in den Gr\u00f6\u00dfen 21-24 k\u00fcrzer und anders geschn\u00fcrt, als auf den Produktfotos abgebildet, damit auch hier eine optimale Anpassung an den Fu\u00df gegeben ist.<\/p>\n<p>Unsere Empfehlung: Schuhe h\u00e4ndisch reinigen und vor dem ersten Tragen impr\u00e4gnieren. Weitere Pflegehinweise hier: https:\/\/www.affenzahn.com\/de\/blog\/schuhe-reinigen<\/p>\n<p>Innensohle &#8211; L\u00e4nge\/Breite (mm):<\/p>\n<p>Gr\u00f6\u00dfe: 21 &#8211; ideale Fu\u00dfl\u00e4nge: 126 mm &#8211; Fersen-Zehenbereich: 123-129 mm &#8211; Fu\u00dfbreite: 59 mm<br \/>\nGr\u00f6\u00dfe: 22 &#8211; ideale Fu\u00dfl\u00e4nge: 133 mm &#8211; Fersen-Zehenbereich: 130-136 mm &#8211; Fu\u00dfbreite: 60 mm<br \/>\nGr\u00f6\u00dfe: 23 &#8211; ideale Fu\u00dfl\u00e4nge: 139 mm &#8211; Fersen-Zehenbereich: 137-142 mm &#8211; Fu\u00dfbreite: 61 mm<br \/>\nGr\u00f6\u00dfe: 24 &#8211; ideale Fu\u00dfl\u00e4nge: 145 mm &#8211; Fersen-Zehenbereich: 143-148 mm &#8211; Fu\u00dfbreite: 63 mm<br \/>\nGr\u00f6\u00dfe: 25 &#8211; ideale Fu\u00dfl\u00e4nge: 153 mm &#8211; Fersen-Zehenbereich: 149-156 mm &#8211; Fu\u00dfbreite: 64 mm<br \/>\nGr\u00f6\u00dfe: 26 &#8211; ideale Fu\u00dfl\u00e4nge: 159 mm &#8211; Fersen-Zehenbereich: 157-162 mm &#8211; Fu\u00dfbreite: 66 mm<br \/>\nGr\u00f6\u00dfe: 27 &#8211; ideale Fu\u00dfl\u00e4nge: 166 mm &#8211; Fersen-Zehenbereich: 163-169 mm &#8211; Fu\u00dfbreite: 67 mm<br \/>\nGr\u00f6\u00dfe: 28 &#8211; ideale Fu\u00dfl\u00e4nge: 173 mm &#8211; Fersen-Zehenbereich: 170-176 mm &#8211; Fu\u00dfbreite: 69 mm<br \/>\nGr\u00f6\u00dfe: 29 &#8211; ideale Fu\u00dfl\u00e4nge: 179 mm &#8211; Fersen-Zehenbereich: 177-182 mm &#8211; Fu\u00dfbreite: 70 mm<br \/>\nGr\u00f6\u00dfe: 30 &#8211; ideale Fu\u00dfl\u00e4nge: 185 mm &#8211; Fersen-Zehenbereich: 183-188 mm &#8211; Fu\u00dfbreite: 71 mm<br \/>\nGr\u00f6\u00dfe: 31 &#8211; ideale Fu\u00dfl\u00e4nge: 192 mm &#8211; Fersen-Zehenbereich: 189-195 mm &#8211; Fu\u00dfbreite: 73 mm<br \/>\nGr\u00f6\u00dfe: 32 &#8211; ideale Fu\u00dfl\u00e4nge: 199 mm &#8211; Fersen-Zehenbereich: 196-202 mm &#8211; Fu\u00dfbreite: 75 mm<\/p>\n<p><b>Audio-Beschreibung<\/b><br \/><audio controls src=\"https:\/\/schuhewiebarfuss.at\/shop\/wp-content\/uploads\/lk\/9573_audio.wav\"><br \/>\n                                            Ihr Browser unterst\u00fctzt diese Audio-Ausgabe leider nicht.<br \/>\n                                            <\/ audio ><\/p>\n","protected":false},"excerpt":{"rendered":"<p>Affenzahn SNOWY<\/p>\n<p>Der Snowy ist der perfekte Begleiter f\u00fcr Abenteuer in der kalten Jahreszeit: warm gef\u00fcttert, wasserdicht und schnell reingeschl\u00fcpft!<br \/>\nDas Obermaterial unseres bunten Winterstiefels besteht aus bluesign\u00ae-zertifizierten, regenerierten Nylonfasern, so genanntem ECONYL\u00ae.<\/p>\n<p>Obermaterial aus bluesign\u00ae-zertifizierten regenerierten Nylonfasern (ECONYL\u00ae)<br \/>\nFuttermaterial aus 100% recyceltem Polyester, Warmfutter<br \/>\nLaufsohle: 30% nat\u00fcrliches Gummi, 70% synthetisches Gummi<br \/>\nWasserdichte AffenTex Membran<br \/>\nMit Einlegesohle<br \/>\nVegan<br \/>\nGewicht: ca. 209 g<\/p>\n","protected":false},"featured_media":672254,"comment_status":"open","ping_status":"closed","template":"","meta":[],"product_brand":[],"product_cat":[848],"product_tag":[3104,1479,1426,3005,1481,2308,1390,1391,1392,1393,1394,1395,1396,1397,1398,1399,1400,1401,2975],"class_list":{"0":"post-645932","1":"product","2":"type-product","3":"status-publish","4":"has-post-thumbnail","6":"product_cat-winterschuhe-1","7":"product_tag-farbe-bird-white","8":"product_tag-farbe-blau","9":"product_tag-farbe-dunkelblau","10":"product_tag-farbe-frog","11":"product_tag-farbe-pink","12":"product_tag-farbe-rosa","13":"product_tag-groesse-21","14":"product_tag-groesse-22","15":"product_tag-groesse-23","16":"product_tag-groesse-24","17":"product_tag-groesse-25","18":"product_tag-groesse-26","19":"product_tag-groesse-27","20":"product_tag-groesse-28","21":"product_tag-groesse-29","22":"product_tag-groesse-30","23":"product_tag-groesse-31","24":"product_tag-groesse-32","25":"product_tag-marke-affenzahn","27":"first","28":"instock","29":"taxable","30":"shipping-taxable","31":"purchasable","32":"product-type-variable"},"_links":{"self":[{"href":"https:\/\/schuhewiebarfuss.at\/shop\/wp-json\/wp\/v2\/product\/645932","targetHints":{"allow":["GET"]}}],"collection":[{"href":"https:\/\/schuhewiebarfuss.at\/shop\/wp-json\/wp\/v2\/product"}],"about":[{"href":"https:\/\/schuhewiebarfuss.at\/shop\/wp-json\/wp\/v2\/types\/product"}],"replies":[{"embeddable":true,"href":"https:\/\/schuhewiebarfuss.at\/shop\/wp-json\/wp\/v2\/comments?post=645932"}],"wp:featuredmedia":[{"embeddable":true,"href":"https:\/\/schuhewiebarfuss.at\/shop\/wp-json\/wp\/v2\/media\/672254"}],"wp:attachment":[{"href":"https:\/\/schuhewiebarfuss.at\/shop\/wp-json\/wp\/v2\/media?parent=645932"}],"wp:term":[{"taxonomy":"product_brand","embeddable":true,"href":"https:\/\/schuhewiebarfuss.at\/shop\/wp-json\/wp\/v2\/product_brand?post=645932"},{"taxonomy":"product_cat","embeddable":true,"href":"https:\/\/schuhewiebarfuss.at\/shop\/wp-json\/wp\/v2\/product_cat?post=645932"},{"taxonomy":"product_tag","embeddable":true,"href":"https:\/\/schuhewiebarfuss.at\/shop\/wp-json\/wp\/v2\/product_tag?post=645932"}],"curies":[{"name":"wp","href":"https:\/\/api.w.org\/{rel}","templated":true}]}}