{"id":623944,"date":"2024-08-23T20:48:52","date_gmt":"2024-08-23T18:48:52","guid":{"rendered":"https:\/\/schuhewiebarfuss.at\/shop\/produkt\/phoenix-sicherheitsschuh-schwarz\/"},"modified":"2026-03-11T21:56:13","modified_gmt":"2026-03-11T20:56:13","slug":"phoenix-sicherheitsschuh-schwarz","status":"publish","type":"product","link":"https:\/\/schuhewiebarfuss.at\/shop\/produkt\/phoenix-sicherheitsschuh-schwarz\/","title":{"rendered":"Phoenix Sicherheitsschuh Schwarz"},"content":{"rendered":"<p>&#8222;Phoenix S3S&#8220; Sicherheitsschuh von BAAK<\/p>\n<p>Phoenix &#8211; Der nat\u00fcrlichste Sicherheitsschuh aller Zeiten<\/p>\n<p>Der erste Sicherheitsschuh, speziell f\u00fcr Barfu\u00dfl\u00e4ufer. Modell Phoenix, Art. 226002 &#8211; EN ISO 20345:2022 S3S FO HRO SR ESD<\/p>\n<p>Sicherheitsschuh mit 0-Sprengung und extra breiter Zehenschutzkappe, speziell f\u00fcr Barfu\u00dfschuhtr\u00e4ger und die, die es werden wollen.<\/p>\n<p>Das Obermaterial besteht aus extrem abriebfestem schwarz\/grauem Textil, kombiniert mit schwarzen TPU-Applikationen. Hinzu kommt ein angenehmes Sandwich-Textilfutter.<\/p>\n<p>Im Gegensatz zu herk\u00f6mmlichen Sicherheitsschuhen, erm\u00f6glicht das Modell Phoenix, durch das Baak\u00aeGo&amp;Relax System, ein nat\u00fcrliches Abknicken des Fu\u00dfes. <\/p>\n<p>Die extra breite Baak Aluminium Zehenschutz-Flexkappe erm\u00f6glicht viel Platz f\u00fcr jeden Zeh.<\/p>\n<p>Die Schuhe kommen mit der \u201eBaak Barefoot Zero\u201c Fu\u00dfbett eingelegt. Dieses hat, wie der gesamte Schuh, 0-Sprengung. <\/p>\n<p>F\u00fcr Barfu\u00dfeinsteiger gibt es das \u201eBaak Barefoot 3-10 mm\u201c Fu\u00dfbett mit 7 mm Sprengung dazu, so dass sich Anf\u00e4nger langsam an das Tragen von Barfu\u00dfschuhen gew\u00f6hnen k\u00f6nnen.<\/p>\n<p>Der Artikel ist mit dem neuen Baak NeoShield Durchtrittschutz ausgestattet, dieser ist nicht nur halb so leicht wie herk\u00f6mmliche Materialien, sondern auch wesentlich flexibler, so dass die Bewegung des Fu\u00dfes nicht behindert wird. <\/p>\n<p>Die Zwischensohle besteht aus einem EVA-Material, kombiniert mit einer Gummi-Laufsohle.<\/p>\n<p>Das Obermaterial besteht zu 50%, Futter, Durchtrittschutz und Schn\u00fcrsenkel zu 100% aus recycelten Materialien.<\/p>\n<p>Das Modell ist im Gr\u00f6\u00dfengang 39-46 bei uns erh\u00e4ltlich.<\/p>\n<p>Zero-Drop-Sohle &#8211; Durch die Zero-Drop-Sohle stehst du absolut flach auf dem Boden, fast wie barfu\u00df. Dein K\u00f6rper befindet sich in einer vollkommen nat\u00fcrlichen und aufrechten Haltung. Die breite Zehenbox bietet den n\u00f6tigen Platz f\u00fcr die Zehen, um sich zur G\u00e4nze ausbreiten zu k\u00f6nnen, das f\u00fcr bessere Balance und Halt beim Gehen und Stehen sorgt.<\/p>\n<p>Die breite Zehenbox &#8211; ber\u00fccksichtigt die nat\u00fcrliche Anatomie der F\u00fc\u00dfe und bietet den n\u00f6tigen Platz f\u00fcr die Zehen, um sich zur G\u00e4nze ausbreiten zu k\u00f6nnen. Das sorgt f\u00fcr bessere Balance und Halt beim Gehen und Stehen. Das Ergebnis: Maximale Zehenfreiheit und ein echtes Barfu\u00df-Gef\u00fchl.<\/p>\n<p>Flexibles Material &#8211; Unser flexibles Material passt sich perfekt deinem Fu\u00df an. So kann er jede Bewegung ausf\u00fchren, die sonst nur barfu\u00df m\u00f6glich ist.<\/p>\n<p>Details:<\/p>\n<p>Name und Artikelnummer: Phoenix | 226002<br \/>\nGewicht: 495 Gramm bei Gr\u00f6\u00dfe 42<br \/>\nGr\u00f6\u00dfengang: 36-48 | 240mm &#8211; 320mm<br \/>\nSicherheitsklasse: S3S FO HRO SR ESD<br \/>\nNorm: EN ISO 20345:2022<br \/>\nSchaft: Phoenix_schaft_1_0<br \/>\nMaterial: Textil (40% recycelt)<br \/>\nFarbe: grau | schwarz<br \/>\nFutter: Funktionstextil (100% recycelt)<br \/>\nVerschluss: Schn\u00fcrung (100% recycelt)<br \/>\nSohle &amp; Sicherheit: 226002_Phoenix_Sohle<br \/>\nZwischensohle: EVA<br \/>\nLaufsohle: Gummi<br \/>\nZehenschutz: Aluminium<br \/>\nDurchtrittschutz: Baak NeoShield (100% recycelt)<\/p>\n<p>Innensohle &#8211; L\u00e4nge\/Breite (mm):<\/p>\n<p>Gr\u00f6\u00dfe: 39 &#8211; L\u00e4nge: 260 mm &#8211; Ballenbreite: 98 mm &#8211; Ballenbreite (Umfang): 253 mm &#8211; Fersenbreite: 65 mm<br \/>\nGr\u00f6\u00dfe: 40 &#8211; L\u00e4nge: 267 mm &#8211; Ballenbreite: 100 mm &#8211; Ballenbreite (Umfang): 256 mm &#8211; Fersenbreite: 66 mm<br \/>\nGr\u00f6\u00dfe: 41 &#8211; L\u00e4nge: 273 mm &#8211; Ballenbreite: 102 mm &#8211; Ballenbreite (Umfang): 260 mm &#8211; Fersenbreite: 67 mm<br \/>\nGr\u00f6\u00dfe: 42 &#8211; L\u00e4nge: 280 mm &#8211; Ballenbreite: 104 mm &#8211; Ballenbreite (Umfang): 263 mm &#8211; Fersenbreite: 68 mm<br \/>\nGr\u00f6\u00dfe: 43 &#8211; L\u00e4nge: 287 mm &#8211; Ballenbreite: 106 mm &#8211; Ballenbreite (Umfang): 267 mm &#8211; Fersenbreite: 69 mm<br \/>\nGr\u00f6\u00dfe: 44 &#8211; L\u00e4nge: 293 mm &#8211; Ballenbreite: 108 mm &#8211; Ballenbreite (Umfang): 271 mm &#8211; Fersenbreite: 70 mm<br \/>\nGr\u00f6\u00dfe: 45 &#8211; L\u00e4nge: 300 mm &#8211; Ballenbreite: 110 mm &#8211; Ballenbreite (Umfang): 274 mm &#8211; Fersenbreite: 71 mm<br \/>\nGr\u00f6\u00dfe: 46 &#8211; L\u00e4nge: 320 mm &#8211; Ballenbreite: 112 mm &#8211; Ballenbreite (Umfang): 278 mm &#8211; Fersenbreite: 72 mm<\/p>\n<p>Empfohlen f\u00fcr Fu\u00dfl\u00e4nge (mm):<\/p>\n<p>Gr\u00f6\u00dfe: 39 &#8211; 246-252 mm<br \/>\nGr\u00f6\u00dfe: 40 &#8211; 253-259 mm<br \/>\nGr\u00f6\u00dfe: 41 &#8211; 260-265 mm<br \/>\nGr\u00f6\u00dfe: 42 &#8211; 266-272 mm<br \/>\nGr\u00f6\u00dfe: 43 &#8211; 273-279 mm<br \/>\nGr\u00f6\u00dfe: 44 &#8211; 280-285 mm<br \/>\nGr\u00f6\u00dfe: 45 &#8211; 286-292 mm<br \/>\nGr\u00f6\u00dfe: 46 &#8211; 293-299 mm<\/p>\n<p>Weitere Information erhalten Sie <a href=\"https:\/\/schuhewiebarfuss.at\/shop\/wp-content\/uploads\/lk\/2024_Flyer_Barfu\u00df_fu\u00a8r_BH.pdf\" target=\"_blank\">hier<\/a><\/p>\n<p><b>Audio-Beschreibung<\/b><br \/><audio controls src=\"https:\/\/schuhewiebarfuss.at\/shop\/wp-content\/uploads\/lk\/9518_audio.wav\"><br \/>\n                                            Ihr Browser unterst\u00fctzt diese Audio-Ausgabe leider nicht.<br \/>\n                                            <\/ audio ><\/p>\n","protected":false},"excerpt":{"rendered":"<p>Baak PHOENIX S3S Sicherheitsschuh<\/p>\n<p>Produktgruppe: Sicherheitsschuhe<br \/>\nObermaterial: Textil<br \/>\nSchuhform: Halbschuh<br \/>\nGewicht: 495 Gramm bei Gr\u00f6\u00dfe 42<br \/>\nAllgemeine Eigenschaften: antibakteriell, auswechselbare Fu\u00dfbetteinlage, gepolsterte Lasche<br \/>\nElektrische Eigenschaften: ESD-Eignung, antistatisch<br \/>\nMechanische Eigenschaften: Zehenschutzkappe, durchtrittshemmende Zwischensohle, rutschhemmend, schockabsorbierend<br \/>\nEigenschaften gegen\u00fcber Hitze und K\u00e4lte: hitzebest\u00e4ndig gegen Kontaktw\u00e4rme<br \/>\nEigenschaften gegen\u00fcber Kontaktstoffen: atmungsaktiv, kraftstoffbest\u00e4ndig, wasserundurchl\u00e4ssig (ca. 1 Std.), \u00f6lbest\u00e4ndig<br \/>\nVerschluss: Schn\u00fcrung<br \/>\nLasche: gepolstert<br \/>\nZehenschutzkappe: Aluminium<br \/>\nLaufsohle: Gummi<\/p>\n","protected":false},"featured_media":623929,"comment_status":"open","ping_status":"closed","template":"","meta":[],"product_brand":[],"product_cat":[817],"product_tag":[1373,1374,1375,1376,1377,1378,1379,1380,1381,2993],"class_list":{"0":"post-623944","1":"product","2":"type-product","3":"status-publish","4":"has-post-thumbnail","6":"product_cat-herren-2","7":"product_tag-groesse-38","8":"product_tag-groesse-39","9":"product_tag-groesse-40","10":"product_tag-groesse-41","11":"product_tag-groesse-42","12":"product_tag-groesse-43","13":"product_tag-groesse-44","14":"product_tag-groesse-45","15":"product_tag-groesse-46","16":"product_tag-marke-baak","18":"first","19":"instock","20":"taxable","21":"shipping-taxable","22":"purchasable","23":"product-type-variable"},"_links":{"self":[{"href":"https:\/\/schuhewiebarfuss.at\/shop\/wp-json\/wp\/v2\/product\/623944","targetHints":{"allow":["GET"]}}],"collection":[{"href":"https:\/\/schuhewiebarfuss.at\/shop\/wp-json\/wp\/v2\/product"}],"about":[{"href":"https:\/\/schuhewiebarfuss.at\/shop\/wp-json\/wp\/v2\/types\/product"}],"replies":[{"embeddable":true,"href":"https:\/\/schuhewiebarfuss.at\/shop\/wp-json\/wp\/v2\/comments?post=623944"}],"wp:featuredmedia":[{"embeddable":true,"href":"https:\/\/schuhewiebarfuss.at\/shop\/wp-json\/wp\/v2\/media\/623929"}],"wp:attachment":[{"href":"https:\/\/schuhewiebarfuss.at\/shop\/wp-json\/wp\/v2\/media?parent=623944"}],"wp:term":[{"taxonomy":"product_brand","embeddable":true,"href":"https:\/\/schuhewiebarfuss.at\/shop\/wp-json\/wp\/v2\/product_brand?post=623944"},{"taxonomy":"product_cat","embeddable":true,"href":"https:\/\/schuhewiebarfuss.at\/shop\/wp-json\/wp\/v2\/product_cat?post=623944"},{"taxonomy":"product_tag","embeddable":true,"href":"https:\/\/schuhewiebarfuss.at\/shop\/wp-json\/wp\/v2\/product_tag?post=623944"}],"curies":[{"name":"wp","href":"https:\/\/api.w.org\/{rel}","templated":true}]}}