{"id":622506,"date":"2024-08-22T19:06:42","date_gmt":"2024-08-22T17:06:42","guid":{"rendered":"https:\/\/schuhewiebarfuss.at\/shop\/produkt\/nova-special-damen-schwarz-weiss\/"},"modified":"2026-03-10T20:15:58","modified_gmt":"2026-03-10T19:15:58","slug":"nova-special-damen-schwarz-weiss","status":"publish","type":"product","link":"https:\/\/schuhewiebarfuss.at\/shop\/produkt\/nova-special-damen-schwarz-weiss\/","title":{"rendered":"Nova Special Damen Schwarz\/Wei\u00df"},"content":{"rendered":"<p>Entdecke mit dem Groundies Nova ein neues Level an Barfu\u00dffreiheit und Sommerfrische<\/p>\n<p>In dieser Saison verbindet der Nova feinstes Nubuk- und Rindsleder mit einem atmungsaktiven OnSteam\u00ae Innenfutter, um ein einzigartiges Gleichgewicht zwischen Optik und Tragekomfort zu bieten. Dazu erstrahlt der Nova in neuen, lebhaften Sommerfarben und bietet mit der innovativen Sohle GS1 ein un\u00fcbertroffenes Barfu\u00dfgef\u00fchl. Die anatomisch geformte Zehenbox und die feinf\u00fchligen TrueSense\u00ae Barfu\u00dfsohlen garantieren Komfort und Bewegungsfreiheit.<\/p>\n<p>Der Groundies Nova ist dein t\u00e4glicher Begleiter f\u00fcr ein authentisches Laufgef\u00fchl und sommerliches Auftreten.<\/p>\n<p>Groundies\u00ae Fans d\u00fcrfte unser Nova l\u00e4ngst bekannt sein. Nun kommt der beliebte Groundies\u00ae Barfu\u00dfsneaker in einer Special Edition! Nova steht f\u00fcr Neues und f\u00fcr die Symbiose moderner Optik mit Luxus und echtem Barfu\u00dffeeling. Denn das Design dieses Sneakers wird durch subtil abgesetzte Elemente aus feinem Leder und ein edles Branding nahe der Schn\u00fcrung bestimmt. F\u00fcr viel Komfort und Barfu\u00dffeeling sorgen der fu\u00dffreundliche Schnitt und die feinf\u00fchlige TrueSense\u00ae Barfu\u00dfsohle.<\/p>\n<p>Besonderheiten<\/p>\n<p>    Anatomische Zehenbox f\u00fcr eine fu\u00dfgerechte, weitere Passform im Zehenbereich<br \/>\n    Nullabsatz und neutrales Fu\u00dfbett<br \/>\n    Obermaterial aus Rau- und Glattleder<br \/>\n    Atmungsaktives Innenfutter aus Mesh und OnSteam\u00ae Mikrofaser<br \/>\n    TrueSense\u00ae GS1 Sohle mit 3 mm Basis und 3,9 mm Profil<br \/>\n    Flexibel, rutsch- und abriebfest<br \/>\n    Designed in Germany. Made in Portugal<br \/>\n    Gr\u00f6\u00dfenhinweis: Dieses Modell f\u00e4llt gr\u00f6\u00dfengerecht aus<\/p>\n<p>Pflegehinweise<\/p>\n<p>Bitte verwende zum Reinigen deiner Groundies ein mit kaltem, klarem Wasser angefeuchtetes Tuch oder einen Schwamm. Besonders bei Leder- und Kunstleder-Modellen ist eine Impr\u00e4gnierung unbedingt empfehlenswert, um die Schuhe vor Feuchtigkeit, Verschmutzung und Umwelteinfl\u00fcssen zu sch\u00fctzen.<\/p>\n<p><b>Audio-Beschreibung<\/b><br \/><audio controls src=\"https:\/\/schuhewiebarfuss.at\/shop\/wp-content\/uploads\/lk\/9499_audio.wav\"><br \/>\n                                            Ihr Browser unterst\u00fctzt diese Audio-Ausgabe leider nicht.<br \/>\n                                            <\/ audio ><\/p>\n","protected":false},"excerpt":{"rendered":"<p>Groundies\u00ae Barfu\u00dfschuh Nova als Special Edition<\/p>\n<p>Obermaterial: Rau- und Glattleder<br \/>\nInnenfutter: aus Mesh und atmungsaktiver OnSteam\u00ae Mikrofaser<br \/>\nSohle: TrueSense\u00ae GS1 Sohle<br \/>\nInnensohle: keine herausnehmbare Sohle<br \/>\nAbsatz: Nullabsatz und neutrales Fu\u00dfbett<br \/>\nZehenbox: Anatomisch, weitere Passform im Zehenbereich<br \/>\nFlexibel, rutsch- und abriebfest<\/p>\n","protected":false},"featured_media":622500,"comment_status":"open","ping_status":"closed","template":"","meta":[],"product_brand":[],"product_cat":[830],"product_tag":[3002,2953],"class_list":{"0":"post-622506","1":"product","2":"type-product","3":"status-publish","4":"has-post-thumbnail","6":"product_cat-lifestyle-4","7":"product_tag-gr-39-schwarz-weiss","8":"product_tag-marke-groundies","10":"first","11":"instock","12":"taxable","13":"shipping-taxable","14":"purchasable","15":"product-type-variable"},"_links":{"self":[{"href":"https:\/\/schuhewiebarfuss.at\/shop\/wp-json\/wp\/v2\/product\/622506","targetHints":{"allow":["GET"]}}],"collection":[{"href":"https:\/\/schuhewiebarfuss.at\/shop\/wp-json\/wp\/v2\/product"}],"about":[{"href":"https:\/\/schuhewiebarfuss.at\/shop\/wp-json\/wp\/v2\/types\/product"}],"replies":[{"embeddable":true,"href":"https:\/\/schuhewiebarfuss.at\/shop\/wp-json\/wp\/v2\/comments?post=622506"}],"wp:featuredmedia":[{"embeddable":true,"href":"https:\/\/schuhewiebarfuss.at\/shop\/wp-json\/wp\/v2\/media\/622500"}],"wp:attachment":[{"href":"https:\/\/schuhewiebarfuss.at\/shop\/wp-json\/wp\/v2\/media?parent=622506"}],"wp:term":[{"taxonomy":"product_brand","embeddable":true,"href":"https:\/\/schuhewiebarfuss.at\/shop\/wp-json\/wp\/v2\/product_brand?post=622506"},{"taxonomy":"product_cat","embeddable":true,"href":"https:\/\/schuhewiebarfuss.at\/shop\/wp-json\/wp\/v2\/product_cat?post=622506"},{"taxonomy":"product_tag","embeddable":true,"href":"https:\/\/schuhewiebarfuss.at\/shop\/wp-json\/wp\/v2\/product_tag?post=622506"}],"curies":[{"name":"wp","href":"https:\/\/api.w.org\/{rel}","templated":true}]}}