{"id":607816,"date":"2024-08-15T01:08:19","date_gmt":"2024-08-14T23:08:19","guid":{"rendered":"https:\/\/schuhewiebarfuss.at\/shop\/produkt\/affenzahn-happy-knit\/"},"modified":"2026-04-11T17:39:41","modified_gmt":"2026-04-11T15:39:41","slug":"affenzahn-happy-knit","status":"publish","type":"product","link":"https:\/\/schuhewiebarfuss.at\/shop\/produkt\/affenzahn-happy-knit\/","title":{"rendered":"Affenzahn Happy Knit"},"content":{"rendered":"<p>Wasserdicht und atmungsaktiv: Dank der speziellen AffenTex Membran kommt keine Feuchtigkeit von au\u00dfen in die Schuhe und die F\u00fc\u00dfe bleiben auch nach dem Pf\u00fctzenspringen trocken und warm.<br \/>\nD\u00fcnne, flexible Sohle: Die Sohle der Affenzahn Schuhe ist nur so dick wie n\u00f6tig. Sie ist nicht ged\u00e4mpft, damit Kinder den Untergrund trotz Schuhen sp\u00fcren k\u00f6nnen.<br \/>\nSuper leicht: So leicht und so bequem! Man k\u00f6nnte meinen, man hat gar keine Schuhe an.<br \/>\nKinderleichter Verschluss: Schnelles An- und Ausziehen leicht gemacht! Mit diesem Klettverschluss sitzen die Schuhe fest am Fu\u00df und lassen sich kinderleicht schlie\u00dfen und \u00f6ffnen!<br \/>\nRecht-Links unterscheiden: Clever gemacht! So kommt es garantiert nicht mehr zu entenf\u00fc\u00dfen. Einfach hinten auf das Tierpuzzle achten und in die Schuhe schl\u00fcpfen.<br \/>\nReflektierend: Die Schuhe sind mit Reflektoren ausgestattet, welche das Licht bei Dunkelheit reflektieren.<br \/>\nRutschfest: Die Affenzahn Sohle bietet extra Halt f\u00fcr Kinderf\u00fc\u00dfe und hinterl\u00e4sst ein super Motiv. Damit gewinnt man sicher jedes Wettrennen, versprochen!<br \/>\nGenug Platz zum Wachsen: Die Naturform der Schuhe bietet genung Platz f\u00fcr die Zehen. Die F\u00fc\u00dfe werden nicht eingeengt und k\u00f6nnen sich somit gesund entwickeln.<br \/>\nFest vern\u00e4hte Sohle: Die Sohle im Schuh ist fest vern\u00e4ht, damit sich kein Sand und kleine Steinchen darunter sammeln k\u00f6nnen.<\/p>\n<p>F\u00fcr das Ober- und Futtermaterial verwendet Affenzahn 100% bluesign\u00ae zertifiziertes Polyester. Hier wird sehr darauf geachtet, die Umweltbelastung so gering wie m\u00f6glich zu halten.<br \/>\nDas recycelte Polyester im Innenfutter spart ca. 50% Energie, ungef\u00e4hr 70% CO2-Emissionen und reduziert das Abwasser um ca. 20% im Vergleich zu herk\u00f6mmlichem Polyester.<br \/>\nDie Innensohle besteht zu 30% aus Algen-Schaum von BLOOM\u2122, welche den weltweit ersten, mit Algen versetzten EVA-Schaum f\u00fcr die Schuhindustrie entwickelt haben.<br \/>\nDieser Schuh ist zu 100% aus veganen Materialien hergestellt. Das ist nicht nur gut f\u00fcr die Natur, es f\u00fchlt sich auch spitze an!<\/p>\n<p>Obermaterial: 100 % bluesign\u00ae zertifiziertes Polyester Knit<br \/>\nFuttermaterial: 100% recyceltes Polyester, Kaltfutter<br \/>\nWasserdichte AffenTex Membran<br \/>\nSohle: 70% synthetisches Gummi, 30% nat\u00fcrliches Gummi<br \/>\nInnensohle: pflanzliches Material (BLOOM\u2122 foam) und synthetischer Schaum<br \/>\nFest vern\u00e4hte Innensohle<br \/>\nVegan<br \/>\nGewicht: ca. 114 g<\/p>\n<p>Unsere Empfehlung: Schuhe h\u00e4ndisch reinigen und vor dem ersten Tragen impr\u00e4gnieren. Weitere Pflegehinweise hier: https:\/\/www.affenzahn.com\/de\/blog\/schuhe-reinigen<\/p>\n<p>Innensohle &#8211; L\u00e4nge\/Breite (mm):<\/p>\n<p>Gr\u00f6\u00dfe: 21 &#8211; ideale Fu\u00dfl\u00e4nge: 126 mm &#8211; Fersen-Zehenbereich: 123-129 mm &#8211; Fu\u00dfbreite: 59 mm<br \/>\nGr\u00f6\u00dfe: 22 &#8211; ideale Fu\u00dfl\u00e4nge: 133 mm &#8211; Fersen-Zehenbereich: 130-136 mm &#8211; Fu\u00dfbreite: 60 mm<br \/>\nGr\u00f6\u00dfe: 23 &#8211; ideale Fu\u00dfl\u00e4nge: 139 mm &#8211; Fersen-Zehenbereich: 137-142 mm &#8211; Fu\u00dfbreite: 61 mm<br \/>\nGr\u00f6\u00dfe: 24 &#8211; ideale Fu\u00dfl\u00e4nge: 145 mm &#8211; Fersen-Zehenbereich: 143-148 mm &#8211; Fu\u00dfbreite: 63 mm<br \/>\nGr\u00f6\u00dfe: 25 &#8211; ideale Fu\u00dfl\u00e4nge: 153 mm &#8211; Fersen-Zehenbereich: 149-156 mm &#8211; Fu\u00dfbreite: 64 mm<br \/>\nGr\u00f6\u00dfe: 26 &#8211; ideale Fu\u00dfl\u00e4nge: 159 mm &#8211; Fersen-Zehenbereich: 157-162 mm &#8211; Fu\u00dfbreite: 66 mm<br \/>\nGr\u00f6\u00dfe: 27 &#8211; ideale Fu\u00dfl\u00e4nge: 166 mm &#8211; Fersen-Zehenbereich: 163-169 mm &#8211; Fu\u00dfbreite: 67 mm<br \/>\nGr\u00f6\u00dfe: 28 &#8211; ideale Fu\u00dfl\u00e4nge: 173 mm &#8211; Fersen-Zehenbereich: 170-176 mm &#8211; Fu\u00dfbreite: 69 mm<br \/>\nGr\u00f6\u00dfe: 29 &#8211; ideale Fu\u00dfl\u00e4nge: 179 mm &#8211; Fersen-Zehenbereich: 177-182 mm &#8211; Fu\u00dfbreite: 70 mm<br \/>\nGr\u00f6\u00dfe: 30 &#8211; ideale Fu\u00dfl\u00e4nge: 185 mm &#8211; Fersen-Zehenbereich: 183-188 mm &#8211; Fu\u00dfbreite: 71 mm<br \/>\nGr\u00f6\u00dfe: 31 &#8211; ideale Fu\u00dfl\u00e4nge: 192 mm &#8211; Fersen-Zehenbereich: 189-195 mm &#8211; Fu\u00dfbreite: 73 mm<br \/>\nGr\u00f6\u00dfe: 32 &#8211; ideale Fu\u00dfl\u00e4nge: 199 mm &#8211; Fersen-Zehenbereich: 196-202 mm &#8211; Fu\u00dfbreite: 75 mm<\/p>\n<p><b>Audio-Beschreibung<\/b><br \/><audio controls src=\"https:\/\/schuhewiebarfuss.at\/shop\/wp-content\/uploads\/lk\/9520_audio.wav\"><br \/>\n                                            Ihr Browser unterst\u00fctzt diese Audio-Ausgabe leider nicht.<br \/>\n                                            <\/ audio ><\/p>\n","protected":false},"excerpt":{"rendered":"<p>Affenzahn HAPPY KNIT<\/p>\n<p>Barfu\u00dfschuh aus Knit f\u00fcr den Sommer mit Klettverschl\u00fcssen.<br \/>\nDieser Schuh ist vegan.<br \/>\nDieser Schuh ist Wasserdicht.<\/p>\n<p>Obermaterial: 100 % bluesign\u00ae zertifiziertes Polyester Knit<br \/>\nFuttermaterial: 100% recyceltes Polyester<br \/>\nSohle: 70% synthetisches Gummi, 30% nat\u00fcrliches Gummi<br \/>\nInnensohle: Bloom Foam\u00ae (EVA Schaum mit 30% Algenanteil)<br \/>\nWasserdichte AffenTex Membran<br \/>\nGewicht: ca. 260 g    <\/p>\n","protected":false},"featured_media":662480,"comment_status":"open","ping_status":"closed","template":"","meta":[],"product_brand":[],"product_cat":[845],"product_tag":[3166,3168,3169,1570,2629,3164,3165,1481,2308,1408,3167,1413,1390,1391,1392,1393,1394,1395,1396,1397,1398,1399,1400,1401,2975],"class_list":{"0":"post-607816","1":"product","2":"type-product","3":"status-publish","4":"has-post-thumbnail","6":"product_cat-lifestyle-1","7":"product_tag-farbe-bird-of-paradise","8":"product_tag-farbe-crab","9":"product_tag-farbe-dragon","10":"product_tag-farbe-gruen","11":"product_tag-farbe-lila","12":"product_tag-farbe-owl","13":"product_tag-farbe-penguin","14":"product_tag-farbe-pink","15":"product_tag-farbe-rosa","16":"product_tag-farbe-schwarz","17":"product_tag-farbe-shark","18":"product_tag-farbe-tuerkis","19":"product_tag-groesse-21","20":"product_tag-groesse-22","21":"product_tag-groesse-23","22":"product_tag-groesse-24","23":"product_tag-groesse-25","24":"product_tag-groesse-26","25":"product_tag-groesse-27","26":"product_tag-groesse-28","27":"product_tag-groesse-29","28":"product_tag-groesse-30","29":"product_tag-groesse-31","30":"product_tag-groesse-32","31":"product_tag-marke-affenzahn","33":"first","34":"instock","35":"taxable","36":"shipping-taxable","37":"purchasable","38":"product-type-variable"},"_links":{"self":[{"href":"https:\/\/schuhewiebarfuss.at\/shop\/wp-json\/wp\/v2\/product\/607816","targetHints":{"allow":["GET"]}}],"collection":[{"href":"https:\/\/schuhewiebarfuss.at\/shop\/wp-json\/wp\/v2\/product"}],"about":[{"href":"https:\/\/schuhewiebarfuss.at\/shop\/wp-json\/wp\/v2\/types\/product"}],"replies":[{"embeddable":true,"href":"https:\/\/schuhewiebarfuss.at\/shop\/wp-json\/wp\/v2\/comments?post=607816"}],"wp:featuredmedia":[{"embeddable":true,"href":"https:\/\/schuhewiebarfuss.at\/shop\/wp-json\/wp\/v2\/media\/662480"}],"wp:attachment":[{"href":"https:\/\/schuhewiebarfuss.at\/shop\/wp-json\/wp\/v2\/media?parent=607816"}],"wp:term":[{"taxonomy":"product_brand","embeddable":true,"href":"https:\/\/schuhewiebarfuss.at\/shop\/wp-json\/wp\/v2\/product_brand?post=607816"},{"taxonomy":"product_cat","embeddable":true,"href":"https:\/\/schuhewiebarfuss.at\/shop\/wp-json\/wp\/v2\/product_cat?post=607816"},{"taxonomy":"product_tag","embeddable":true,"href":"https:\/\/schuhewiebarfuss.at\/shop\/wp-json\/wp\/v2\/product_tag?post=607816"}],"curies":[{"name":"wp","href":"https:\/\/api.w.org\/{rel}","templated":true}]}}