{"id":605232,"date":"2024-08-08T00:06:31","date_gmt":"2024-08-07T22:06:31","guid":{"rendered":"https:\/\/schuhewiebarfuss.at\/shop\/produkt\/beat\/"},"modified":"2026-03-20T19:50:27","modified_gmt":"2026-03-20T18:50:27","slug":"beat","status":"publish","type":"product","link":"https:\/\/schuhewiebarfuss.at\/shop\/produkt\/beat\/","title":{"rendered":"Beat"},"content":{"rendered":"<p>Ob im B\u00fcro oder in der Freizeit &#8211; mit dem BEAT jederzeit das Barfu\u00dfgef\u00fchl genie\u00dfen. Komplett ohne Metallteile wie \u00d6sen ist er extrem pflegeleicht. Der Materialmix findet die perfekte Symbiose zwischen sportlich und schick und verleiht dem Schuh seinen einzigartigen Look. Die leguano-typische Sohle mit kleinen Profilnoppen sorgt f\u00fcr maximales sensorisches Feedback bei gleichzeitigem Schutz. Bei der technischen Entwicklung der Sohle liegt der Fokus auf den Merkmalen perfekte Struktur, Sensorik und Ergonomie. Durch sein dynamisches Design und die perfekte Konstruktion schafft er einen tollen Tragekomfort. Besonders beliebt ist er bei Sportlern und Naturliebhabern, aber aufgrund seines Stils eignet er sich auch als Arbeitsschuh zu Jeans und warum nicht auch zu geraden Hosen. Es handelt sich also um einen Mehrzweckschuh f\u00fcr jeden Anlass!<\/p>\n<p>LUFTIG LEICHT und ULTRA FLEXIBEL<\/p>\n<p>Materialdetails:<\/p>\n<p>Obermaterial: 100 % Polyester, weiches atmungsaktives Mesh<br \/>\nInnenfutter: 51 % Polyamid, 49 % Polyurethan<br \/>\nSohle: 100% LIFOLIT\u00ae-lg<br \/>\nInnensohle: nicht herausnehmbar<br \/>\nAbsatz: Nullabsatz, keine H\u00f6hendifferenz zwischen Ferse und Vorderfu\u00df<br \/>\nVerschluss: Schn\u00fcrsenkel<br \/>\nBesonderheiten: leicht, flexibel, atmungsaktiv<br \/>\nHergestellt in Deutschland<\/p>\n<p>Leguano-Schuhe sind nach strengsten Kriterien nicht vegan, da die bei der Herstellung des Grundmaterials verwendeten Hilfsstoffe Bestandteile tierischen Ursprungs enthalten k\u00f6nnen. Das fertige Grundmaterial enth\u00e4lt jedoch keine Rohstoffe tierischen Ursprungs.<\/p>\n<p>Pflegehinweis:<\/p>\n<p>Bei 30 \u00b0C im W\u00e4schenetz waschen (Schonwaschgang). Feinwaschmittel, keinen Weichsp\u00fcler und kein Pulver verwenden. Separat oder mit \u00e4hnlichen Farben waschen. Nicht Trockner geeignet. Schn\u00fcrsenkel separat mit Handw\u00e4sche waschen.<\/p>\n<p><b>Audio-Beschreibung<\/b><br \/><audio controls src=\"https:\/\/schuhewiebarfuss.at\/shop\/wp-content\/uploads\/lk\/9517_audio.wav\"><br \/>\n                                            Ihr Browser unterst\u00fctzt diese Audio-Ausgabe leider nicht.<br \/>\n                                            <\/ audio ><\/p>\n","protected":false},"excerpt":{"rendered":"<p>Leguano BEAT Barfu\u00df-Sneaker<\/p>\n<p>Super leichter und anschmiegsamer Midcut aus dem Hause leguano.<\/p>\n<p>Obermaterial: 100 % Polyester (Mesh)<br \/>\nInnenfutter: 51 % Polyamid, 49 % Polyurethan<br \/>\nSohle: 100% LIFOLIT\u00ae-lg<br \/>\nInnensohle: nicht herausnehmbar<br \/>\nAbsatz: Nullabsatz<br \/>\nVerschluss: Schn\u00fcrsenkel<br \/>\nBesonderheiten: leicht, flexibel, atmungsaktiv<br \/>\nHergestellt in Deutschland<\/p>\n","protected":false},"featured_media":625300,"comment_status":"open","ping_status":"closed","template":"","meta":[],"product_brand":[],"product_cat":[851],"product_tag":[1462,1570,1798,1408,2992,1362,1368,1373,1374,1375,1376,1377,1378,1379,1380,2465],"class_list":{"0":"post-605232","1":"product","2":"type-product","3":"status-publish","4":"has-post-thumbnail","6":"product_cat-lifestyle-3","7":"product_tag-farbe-dunkelgrau","8":"product_tag-farbe-gruen","9":"product_tag-farbe-hellbraun","10":"product_tag-farbe-schwarz","11":"product_tag-farbe-silbergrau","12":"product_tag-groesse-36","13":"product_tag-groesse-37","14":"product_tag-groesse-38","15":"product_tag-groesse-39","16":"product_tag-groesse-40","17":"product_tag-groesse-41","18":"product_tag-groesse-42","19":"product_tag-groesse-43","20":"product_tag-groesse-44","21":"product_tag-groesse-45","22":"product_tag-marke-leguano","24":"first","25":"instock","26":"taxable","27":"shipping-taxable","28":"purchasable","29":"product-type-variable"},"_links":{"self":[{"href":"https:\/\/schuhewiebarfuss.at\/shop\/wp-json\/wp\/v2\/product\/605232","targetHints":{"allow":["GET"]}}],"collection":[{"href":"https:\/\/schuhewiebarfuss.at\/shop\/wp-json\/wp\/v2\/product"}],"about":[{"href":"https:\/\/schuhewiebarfuss.at\/shop\/wp-json\/wp\/v2\/types\/product"}],"replies":[{"embeddable":true,"href":"https:\/\/schuhewiebarfuss.at\/shop\/wp-json\/wp\/v2\/comments?post=605232"}],"wp:featuredmedia":[{"embeddable":true,"href":"https:\/\/schuhewiebarfuss.at\/shop\/wp-json\/wp\/v2\/media\/625300"}],"wp:attachment":[{"href":"https:\/\/schuhewiebarfuss.at\/shop\/wp-json\/wp\/v2\/media?parent=605232"}],"wp:term":[{"taxonomy":"product_brand","embeddable":true,"href":"https:\/\/schuhewiebarfuss.at\/shop\/wp-json\/wp\/v2\/product_brand?post=605232"},{"taxonomy":"product_cat","embeddable":true,"href":"https:\/\/schuhewiebarfuss.at\/shop\/wp-json\/wp\/v2\/product_cat?post=605232"},{"taxonomy":"product_tag","embeddable":true,"href":"https:\/\/schuhewiebarfuss.at\/shop\/wp-json\/wp\/v2\/product_tag?post=605232"}],"curies":[{"name":"wp","href":"https:\/\/api.w.org\/{rel}","templated":true}]}}