{"id":574248,"date":"2024-06-22T16:03:32","date_gmt":"2024-06-22T14:03:32","guid":{"rendered":"https:\/\/schuhewiebarfuss.at\/shop\/produkt\/arina-schwarz\/"},"modified":"2026-03-01T11:04:00","modified_gmt":"2026-03-01T10:04:00","slug":"arina-schwarz","status":"publish","type":"product","link":"https:\/\/schuhewiebarfuss.at\/shop\/produkt\/arina-schwarz\/","title":{"rendered":"Arina Schwarz"},"content":{"rendered":"<p>HighCut R\u00f6mersandalen f\u00fcr die Extraportion Sommer! <\/p>\n<p>KOEL hat mit den Barfu\u00df Sandalen Arina einen Schuh entwickelt, welcher eine hohe Qualit\u00e4t &amp; perfekte Trageeigenschaften verbindet. Dieses Modell ist von oben bis unten dank der Schn\u00fcrung anpassbar und sitzt somit wunderbar am Fu\u00df. Der Rei\u00dfverschluss von der Wade bis zur Ferse erleichtert den Einstieg und erweist sich als super praktisch. Diese Sandalen aus der KOEL Barefoot Kollektion geh\u00f6ren der Koel Zero Heel-Kategorie an. Diese sorgt f\u00fcr Bewegungsfreiheit f\u00fcr die F\u00fc\u00dfe und l\u00e4sst Frau den Boden unter den Schuhen sp\u00fcren. Die Vibram Au\u00dfensohle ist langlebig, flexibel und sorgt f\u00fcr besten Halt. Das Fu\u00dfbett ist von der Ferse bis zu den Zehenspitzen flach.<\/p>\n<p>Materialdetails:<\/p>\n<p>Obermaterial: Glattleder<br \/>\nInnenfutter: Leder (chromfrei gegerbt)<br \/>\nSohle: Vibram (Gummi)<br \/>\nInnensohle: Decksohle aus Kork<br \/>\nAbsatz: Nullabsatz, keine H\u00f6hendifferenz zwischen Ferse und Vorderfu\u00df<br \/>\nVerschluss: Schn\u00fcrsenkel, Rei\u00dfverschlu\u00df im Fersenbereich<br \/>\nBesonderheiten: rutschfest und ultra flexibel<br \/>\nMaterialhinweis: Frei von sch\u00e4dlichen Materialien (gepr\u00fcft!)<br \/>\nHergestellt in Portugal<\/p>\n<p><b>Audio-Beschreibung<\/b><br \/><audio controls src=\"https:\/\/schuhewiebarfuss.at\/shop\/wp-content\/uploads\/lk\/9467_audio.wav\"><br \/>\n                                            Ihr Browser unterst\u00fctzt diese Audio-Ausgabe leider nicht.<br \/>\n                                            <\/ audio ><\/p>\n","protected":false},"excerpt":{"rendered":"<p>Koel ARINA Barfu\u00df-Sandale<\/p>\n<p>Obermaterial: Glattleder<br \/>\nInnenfutter: Leder<br \/>\nSohle: Vibram<br \/>\nInnensohle: Kork<br \/>\nAbsatz: Nullabsatz<br \/>\nVerschluss: Schn\u00fcrsenkel, Rei\u00dfverschlu\u00df<br \/>\nBesonderheiten: rutschfest und ultra flexibel<br \/>\nMaterialhinweis: frei von Schadstoffen<br \/>\nHergestellt in Portugal<\/p>\n","protected":false},"featured_media":574247,"comment_status":"open","ping_status":"closed","template":"","meta":[],"product_brand":[],"product_cat":[831],"product_tag":[1368,1373,1374,1375,1376,1377,2778],"class_list":{"0":"post-574248","1":"product","2":"type-product","3":"status-publish","4":"has-post-thumbnail","6":"product_cat-sandalen-1","7":"product_tag-groesse-37","8":"product_tag-groesse-38","9":"product_tag-groesse-39","10":"product_tag-groesse-40","11":"product_tag-groesse-41","12":"product_tag-groesse-42","13":"product_tag-marke-koel-shoes-international","15":"first","16":"instock","17":"taxable","18":"shipping-taxable","19":"purchasable","20":"product-type-variable"},"_links":{"self":[{"href":"https:\/\/schuhewiebarfuss.at\/shop\/wp-json\/wp\/v2\/product\/574248","targetHints":{"allow":["GET"]}}],"collection":[{"href":"https:\/\/schuhewiebarfuss.at\/shop\/wp-json\/wp\/v2\/product"}],"about":[{"href":"https:\/\/schuhewiebarfuss.at\/shop\/wp-json\/wp\/v2\/types\/product"}],"replies":[{"embeddable":true,"href":"https:\/\/schuhewiebarfuss.at\/shop\/wp-json\/wp\/v2\/comments?post=574248"}],"wp:featuredmedia":[{"embeddable":true,"href":"https:\/\/schuhewiebarfuss.at\/shop\/wp-json\/wp\/v2\/media\/574247"}],"wp:attachment":[{"href":"https:\/\/schuhewiebarfuss.at\/shop\/wp-json\/wp\/v2\/media?parent=574248"}],"wp:term":[{"taxonomy":"product_brand","embeddable":true,"href":"https:\/\/schuhewiebarfuss.at\/shop\/wp-json\/wp\/v2\/product_brand?post=574248"},{"taxonomy":"product_cat","embeddable":true,"href":"https:\/\/schuhewiebarfuss.at\/shop\/wp-json\/wp\/v2\/product_cat?post=574248"},{"taxonomy":"product_tag","embeddable":true,"href":"https:\/\/schuhewiebarfuss.at\/shop\/wp-json\/wp\/v2\/product_tag?post=574248"}],"curies":[{"name":"wp","href":"https:\/\/api.w.org\/{rel}","templated":true}]}}