{"id":572463,"date":"2024-06-19T11:38:51","date_gmt":"2024-06-19T09:38:51","guid":{"rendered":"https:\/\/schuhewiebarfuss.at\/shop\/produkt\/affenzahn-airy\/"},"modified":"2026-03-10T20:09:57","modified_gmt":"2026-03-10T19:09:57","slug":"affenzahn-vegan-airy","status":"publish","type":"product","link":"https:\/\/schuhewiebarfuss.at\/shop\/produkt\/affenzahn-vegan-airy\/","title":{"rendered":"Affenzahn Vegan Airy"},"content":{"rendered":"<p>D\u00fcnne, flexible Sohle: Die Sohle der Affenzahn Sandale ist nur so dick wie n\u00f6tig. Sie ist nicht ged\u00e4mpft, damit Kinder ihre Umgebung und den Untergrund sp\u00fcren, auch wenn sie Schuhe tragen.<br \/>\nLeichtgewicht: So wenig Material wie n\u00f6tig, so sicher wie m\u00f6glich. Mehr Barfu\u00dfgef\u00fchl geht nicht.<br \/>\nKinderleichter Verschluss: Schnelles An- und Ausziehen leicht gemacht! Mit diesem Klettverschluss sitzen die Sandalen fest am Fu\u00df und lassen sich kinderleicht schlie\u00dfen und \u00f6ffnen!<br \/>\nRechts-Links Unterscheiden: Clever gemacht! So kommt es garantiert nicht mehr zu Entenf\u00fc\u00dfen. Einfach hinten auf das Tierpuzzle achten und in die Schuhe schl\u00fcpfen.<br \/>\nGenug Platz zum Wachsen: Die Naturform der Schuhe bietet genung Platz f\u00fcr jeden Zeh, so dass die F\u00fc\u00dfe nicht eingeengt werden und sich gesund entwickeln k\u00f6nnen.<\/p>\n<p>Dieser Schuh ist zu 100% aus veganen Materialien hergestellt. Das ist nicht nur gut f\u00fcr die Natur, es f\u00fchlt sich auch spitze an!<br \/>\nDie Innensohle besteht zu 30% aus Algen-Schaum von BLOOM\u2122, welche den weltweit ersten, mit Algen versetzten EVA-Schaum f\u00fcr die Schuhindustrie entwickelt haben.<\/p>\n<p>Material: Mikrofaser Polyamid<br \/>\nLaufsohle: 30% nat\u00fcrliches Gummi, 70% synthetisches Gummi<br \/>\nInnensohle: 30% pflanzliches Material (BLOOM\u2122 foam), 70% Schaum<br \/>\nVegan<br \/>\nStruktur und F\u00e4rbung k\u00f6nnen Unregelm\u00e4\u00dfigkeiten aufweisen, ggf. kann das Material leicht abf\u00e4rben.<\/p>\n<p>Unsere Empfehlung: Schuhe h\u00e4ndisch reinigen. Weitere Pflegehinweise hier: https:\/\/www.affenzahn.com\/de\/blog\/schuhe-reinigen<\/p>\n<p>Innensohle &#8211; L\u00e4nge\/Breite (mm): AFFENZAHN TABELLE<\/p>\n<p>Gr\u00f6\u00dfe: 21 &#8211; ideale Fu\u00dfl\u00e4nge: 126 mm &#8211; Fersen-Zehenbereich: 123-129 mm &#8211; Fu\u00dfbreite: 59 mm<br \/>\nGr\u00f6\u00dfe: 22 &#8211; ideale Fu\u00dfl\u00e4nge: 133 mm &#8211; Fersen-Zehenbereich: 130-136 mm &#8211; Fu\u00dfbreite: 60 mm<br \/>\nGr\u00f6\u00dfe: 23 &#8211; ideale Fu\u00dfl\u00e4nge: 139 mm &#8211; Fersen-Zehenbereich: 137-142 mm &#8211; Fu\u00dfbreite: 61 mm<br \/>\nGr\u00f6\u00dfe: 24 &#8211; ideale Fu\u00dfl\u00e4nge: 145 mm &#8211; Fersen-Zehenbereich: 143-148 mm &#8211; Fu\u00dfbreite: 63 mm<br \/>\nGr\u00f6\u00dfe: 25 &#8211; ideale Fu\u00dfl\u00e4nge: 153 mm &#8211; Fersen-Zehenbereich: 149-156 mm &#8211; Fu\u00dfbreite: 64 mm<br \/>\nGr\u00f6\u00dfe: 26 &#8211; ideale Fu\u00dfl\u00e4nge: 159 mm &#8211; Fersen-Zehenbereich: 157-162 mm &#8211; Fu\u00dfbreite: 66 mm<br \/>\nGr\u00f6\u00dfe: 27 &#8211; ideale Fu\u00dfl\u00e4nge: 166 mm &#8211; Fersen-Zehenbereich: 163-169 mm &#8211; Fu\u00dfbreite: 67 mm<br \/>\nGr\u00f6\u00dfe: 28 &#8211; ideale Fu\u00dfl\u00e4nge: 173 mm &#8211; Fersen-Zehenbereich: 170-176 mm &#8211; Fu\u00dfbreite: 69 mm<br \/>\nGr\u00f6\u00dfe: 29 &#8211; ideale Fu\u00dfl\u00e4nge: 179 mm &#8211; Fersen-Zehenbereich: 177-182 mm &#8211; Fu\u00dfbreite: 70 mm<br \/>\nGr\u00f6\u00dfe: 30 &#8211; ideale Fu\u00dfl\u00e4nge: 185 mm &#8211; Fersen-Zehenbereich: 183-188 mm &#8211; Fu\u00dfbreite: 71 mm<br \/>\nGr\u00f6\u00dfe: 31 &#8211; ideale Fu\u00dfl\u00e4nge: 192 mm &#8211; Fersen-Zehenbereich: 189-195 mm &#8211; Fu\u00dfbreite: 73 mm<br \/>\nGr\u00f6\u00dfe: 32 &#8211; ideale Fu\u00dfl\u00e4nge: 199 mm &#8211; Fersen-Zehenbereich: 196-202 mm &#8211; Fu\u00dfbreite: 75 mm<\/p>\n<p><b>Audio-Beschreibung<\/b><br \/><audio controls src=\"https:\/\/schuhewiebarfuss.at\/shop\/wp-content\/uploads\/lk\/9501_audio.wav\"><br \/>\n                                            Ihr Browser unterst\u00fctzt diese Audio-Ausgabe leider nicht.<br \/>\n                                            <\/ audio ><\/p>\n","protected":false},"excerpt":{"rendered":"<p>Affenzahn AIRY Kinder-Sandale<\/p>\n<p>Luftig leichte, vegane Sandale f\u00fcr maximales Barfu\u00df-Gef\u00fchl an sonnigen Tagen. Einfach auf und zu kletten!<\/p>\n","protected":false},"featured_media":572462,"comment_status":"open","ping_status":"closed","template":"","meta":[],"product_brand":[],"product_cat":[846],"product_tag":[1479,1371,1570,1390,1391,1392,1393,1394,1395,1396,1397,1398,1399,1400,1401,2975],"class_list":{"0":"post-572463","1":"product","2":"type-product","3":"status-publish","4":"has-post-thumbnail","6":"product_cat-sandalen-4","7":"product_tag-farbe-blau","8":"product_tag-farbe-grau","9":"product_tag-farbe-gruen","10":"product_tag-groesse-21","11":"product_tag-groesse-22","12":"product_tag-groesse-23","13":"product_tag-groesse-24","14":"product_tag-groesse-25","15":"product_tag-groesse-26","16":"product_tag-groesse-27","17":"product_tag-groesse-28","18":"product_tag-groesse-29","19":"product_tag-groesse-30","20":"product_tag-groesse-31","21":"product_tag-groesse-32","22":"product_tag-marke-affenzahn","24":"first","25":"instock","26":"taxable","27":"shipping-taxable","28":"purchasable","29":"product-type-variable"},"_links":{"self":[{"href":"https:\/\/schuhewiebarfuss.at\/shop\/wp-json\/wp\/v2\/product\/572463","targetHints":{"allow":["GET"]}}],"collection":[{"href":"https:\/\/schuhewiebarfuss.at\/shop\/wp-json\/wp\/v2\/product"}],"about":[{"href":"https:\/\/schuhewiebarfuss.at\/shop\/wp-json\/wp\/v2\/types\/product"}],"replies":[{"embeddable":true,"href":"https:\/\/schuhewiebarfuss.at\/shop\/wp-json\/wp\/v2\/comments?post=572463"}],"wp:featuredmedia":[{"embeddable":true,"href":"https:\/\/schuhewiebarfuss.at\/shop\/wp-json\/wp\/v2\/media\/572462"}],"wp:attachment":[{"href":"https:\/\/schuhewiebarfuss.at\/shop\/wp-json\/wp\/v2\/media?parent=572463"}],"wp:term":[{"taxonomy":"product_brand","embeddable":true,"href":"https:\/\/schuhewiebarfuss.at\/shop\/wp-json\/wp\/v2\/product_brand?post=572463"},{"taxonomy":"product_cat","embeddable":true,"href":"https:\/\/schuhewiebarfuss.at\/shop\/wp-json\/wp\/v2\/product_cat?post=572463"},{"taxonomy":"product_tag","embeddable":true,"href":"https:\/\/schuhewiebarfuss.at\/shop\/wp-json\/wp\/v2\/product_tag?post=572463"}],"curies":[{"name":"wp","href":"https:\/\/api.w.org\/{rel}","templated":true}]}}