{"id":570926,"date":"2024-06-15T21:43:31","date_gmt":"2024-06-15T19:43:31","guid":{"rendered":"https:\/\/schuhewiebarfuss.at\/shop\/produkt\/universe-regular-damen-schwarz\/"},"modified":"2026-03-01T14:02:55","modified_gmt":"2026-03-01T13:02:55","slug":"universe-regular-damen-schwarz","status":"publish","type":"product","link":"https:\/\/schuhewiebarfuss.at\/shop\/produkt\/universe-regular-damen-schwarz\/","title":{"rendered":"Universe Regular Damen Schwarz"},"content":{"rendered":"<p>Erlebe unseren Bestseller in einer auff\u00e4llig unauff\u00e4lligen Variante! Dieser Sneaker geh\u00f6rt zu unserer Regular Fit Line &#8211; ideal f\u00fcr alle, die sich langsam in die Welt der Barfu\u00dfschuhe herantasten wollen. Klassisch schmale Schuhform verbindet sich mit dem einzigartigen GROUNDIES\u00ae Barfu\u00dfgef\u00fchl, denn auch dieses Modell besitzt unsere superflexible GS1 Sohle mit Nullsprengung. So erf\u00e4hrst du, wie Barfu\u00dfgehen dein Leben ver\u00e4ndern wird. Auf angesagten Streetstyle musst du aber nicht verzichten! <\/p>\n<p>Materialdetails:<\/p>\n<p>Obermaterial: weiches Rindsleder<br \/>\nInnenfutter: 100% atmungsaktives Mikrofaser<br \/>\nSohle: TrueSense\u00ae GS1 Sohle mit 3 mm Basis und 3,9 mm Profil<br \/>\nInnensohle: keine herausnehmbare Einlegesohle<br \/>\nAbsatz: Nullabsatz, keine H\u00f6hendifferenz zwischen Ferse und Vorderfu\u00df<br \/>\nVerschluss: Schn\u00fcrsenkel<br \/>\nBesonderheiten: Flexibel, rutsch- und abriebfest, herk\u00f6mmliche schmalere Passform im Zehenbereich<br \/>\nMaterialhinweis: Frei von sch\u00e4dlichen Materialien (gepr\u00fcft!)<br \/>\nGr\u00f6\u00dfenhinweis: Dieses Modell f\u00e4llt gr\u00f6\u00dfengerecht aus<br \/>\nMade in EU: Sohle produziert in Deutschland, Schuh produziert in Portugal<\/p>\n<p>Pflegehinweise:<\/p>\n<p>Bitte verwende zum Reinigen deiner Groundies ein mit kaltem, klarem Wasser angefeuchtetes Tuch oder einen Schwamm. Besonders bei Leder- und Kunstleder-Modellen ist eine Impr\u00e4gnierung unbedingt empfehlenswert, um die Schuhe vor Feuchtigkeit, Verschmutzung und Umwelteinfl\u00fcssen zu sch\u00fctzen.<\/p>\n<p><b>Audio-Beschreibung<\/b><br \/><audio controls src=\"https:\/\/schuhewiebarfuss.at\/shop\/wp-content\/uploads\/lk\/9447_audio.wav\"><br \/>\n                                            Ihr Browser unterst\u00fctzt diese Audio-Ausgabe leider nicht.<br \/>\n                                            <\/ audio ><\/p>\n","protected":false},"excerpt":{"rendered":"<p>Groundies UNIVERSE REGULAR Barfu\u00df-Sneaker<\/p>\n<p>Obermaterial: Rindsleder<br \/>\nInnenfutter: Mikrofaser<br \/>\nSohle: TrueSense\u00ae GS1 Sohle<br \/>\nInnensohle: keine Einlegesohle<br \/>\nAbsatz: Nullabsatz<br \/>\nVerschluss: Schn\u00fcrsenkel<br \/>\nBesonderheiten: rutsch- und abriebfest, schmalere Passform im Zehenbereich<br \/>\nGr\u00f6\u00dfenhinweis: Dieses Modell f\u00e4llt gr\u00f6\u00dfengerecht aus<\/p>\n","protected":false},"featured_media":570925,"comment_status":"open","ping_status":"closed","template":"","meta":[],"product_brand":[],"product_cat":[3121],"product_tag":[1362,1368,1373,1374,1375,1376,1377,2953,1450],"class_list":{"0":"post-570926","1":"product","2":"type-product","3":"status-publish","4":"has-post-thumbnail","6":"product_cat-sale","7":"product_tag-groesse-36","8":"product_tag-groesse-37","9":"product_tag-groesse-38","10":"product_tag-groesse-39","11":"product_tag-groesse-40","12":"product_tag-groesse-41","13":"product_tag-groesse-42","14":"product_tag-marke-groundies","15":"product_tag-sale","17":"first","18":"outofstock","19":"taxable","20":"shipping-taxable","21":"product-type-variable"},"_links":{"self":[{"href":"https:\/\/schuhewiebarfuss.at\/shop\/wp-json\/wp\/v2\/product\/570926","targetHints":{"allow":["GET"]}}],"collection":[{"href":"https:\/\/schuhewiebarfuss.at\/shop\/wp-json\/wp\/v2\/product"}],"about":[{"href":"https:\/\/schuhewiebarfuss.at\/shop\/wp-json\/wp\/v2\/types\/product"}],"replies":[{"embeddable":true,"href":"https:\/\/schuhewiebarfuss.at\/shop\/wp-json\/wp\/v2\/comments?post=570926"}],"wp:featuredmedia":[{"embeddable":true,"href":"https:\/\/schuhewiebarfuss.at\/shop\/wp-json\/wp\/v2\/media\/570925"}],"wp:attachment":[{"href":"https:\/\/schuhewiebarfuss.at\/shop\/wp-json\/wp\/v2\/media?parent=570926"}],"wp:term":[{"taxonomy":"product_brand","embeddable":true,"href":"https:\/\/schuhewiebarfuss.at\/shop\/wp-json\/wp\/v2\/product_brand?post=570926"},{"taxonomy":"product_cat","embeddable":true,"href":"https:\/\/schuhewiebarfuss.at\/shop\/wp-json\/wp\/v2\/product_cat?post=570926"},{"taxonomy":"product_tag","embeddable":true,"href":"https:\/\/schuhewiebarfuss.at\/shop\/wp-json\/wp\/v2\/product_tag?post=570926"}],"curies":[{"name":"wp","href":"https:\/\/api.w.org\/{rel}","templated":true}]}}