{"id":569578,"date":"2024-06-13T22:05:34","date_gmt":"2024-06-13T20:05:34","guid":{"rendered":"https:\/\/schuhewiebarfuss.at\/shop\/produkt\/scrambler-mid-ii-wp-herren-schwarz\/"},"modified":"2026-03-09T18:57:20","modified_gmt":"2026-03-09T17:57:20","slug":"scrambler-mid-ii-wp-herren-schwarz","status":"publish","type":"product","link":"https:\/\/schuhewiebarfuss.at\/shop\/produkt\/scrambler-mid-ii-wp-herren-schwarz\/","title":{"rendered":"Scrambler MID II WP Herren Schwarz"},"content":{"rendered":"<p>Scrambler Mid II WP \u2013 Ein ultraleichter wasserdichter Wanderstiefel<\/p>\n<p>Haben Sie am Ende einer nassen Wanderung schon einmal das Gef\u00fchl gehabt, dass Sie es kaum erwarten k\u00f6nnen, Ihre durchn\u00e4ssten, schweren Stiefel auszuziehen? Das werden Sie nie wieder sp\u00fcren, wenn Sie den Scrambler Mid II WP tragen. Sie sind nicht nur wasserdicht, sondern auch so leicht und atmungsaktiv, dass man vielleicht vergisst, sie auszuziehen.<\/p>\n<p>Bereit f\u00fcr Fluss, Regen und Pf\u00fctze<\/p>\n<p>Wasserdicht und umweltfreundlich: Dank der eVent\u00ae BIO-Technologie bleiben Ihre F\u00fc\u00dfe unabh\u00e4ngig von den Bedingungen trocken und komfortabel. Diese biobasierte Innenmembran ist 100 % wasserdicht und l\u00e4sst gleichzeitig Feuchtigkeit ab. Diese atmungsaktive, leichte, feuchtigkeitsableitende Membran besteht aus hochgradig erneuerbaren Materialien auf pflanzlicher Basis* und ist robust, aber flexibel. Das Xero Shoes-Designteam hat es mit ihrem dicht gewebten, abriebfesten und dennoch atmungsaktiven Mesh-Obermaterial kombiniert, damit Sie bei all Ihren Abenteuern ein wirklich trockenes und angenehmes Erlebnis haben.<\/p>\n<p>Als w\u00fcrde man Mountainbike-Reifen an den F\u00fc\u00dfen tragen<\/p>\n<p>Scrambler Mid II WP ist eine Zusammenarbeit mit Michelin, dem Auto- und Fahrradreifenhersteller. Die d\u00fcnne Michelin Fiberlite-Technologie in der Sohle sorgt f\u00fcr unvergleichliche Festigkeit, Flexibilit\u00e4t und Leichtigkeit. Dank der schlammabweisenden Stollen, die von Michelins Hochleistungs-Mountainbike-Reifen inspiriert sind, sp\u00fcren Sie au\u00dferdem das Vertrauen, das mit unglaublichem Grip einhergeht.<\/p>\n<p>Zus\u00e4tzlicher Schutz mit einer \u201eIllusion\u201c<\/p>\n<p>Der Scrambler Mid II WP scheint m\u00f6glicherweise eine dicke Sohle zu haben, was den Verdacht nahelegt, dass Xero Shoes ausverkauft ist. Weit davon entfernt! W\u00e4hrend der Stiefel \u00fcber eine d\u00fcnne Schicht unseres TrailFoam\u2122 verf\u00fcgt, um auf unebenen Wegen zus\u00e4tzlichen Komfort und Schutz zu bieten, ist die dicke Sohle eine Illusion, die von unserem Xero Shoes-Designteam geschaffen wurde, um ihn wie einen herk\u00f6mmlichen Wanderstiefel aussehen zu lassen. Sie erhalten die leichte Flexibilit\u00e4t, die Sie von Xero Shoes erwarten. Mit einem durchschnittlichen Gewicht von nur 346 g pro Stiefel in der Gr\u00f6\u00dfe 42 f\u00fcr Herren wiegt ein Paar des Scrambler Mid II WP weniger als nur ein einzelner Stiefel der meisten anderen Unternehmen. Wie alle Schuhe von Xero Shoes ist auch der Scrambler Mid II WP darauf ausgelegt, Ihnen Saison f\u00fcr Saison Outdoor-Spa\u00df zu bieten und ist durch Xero Shoes 5.000-Meilen-Sohlengarantie abgedeckt.<\/p>\n<p>Ganz gleich, ob Sie ihn f\u00fcr einen Tagesausflug oder eine einmonatige Wanderung mitnehmen, der Scrambler Mid II WP ist Ihr perfekter Begleiter f\u00fcr Live Life Feet First!<\/p>\n<p>*\u00dcber eVent\u00ae:<br \/>\neVent\u00ae BIO Footwear ist ein wasserdichtes und umweltfreundliches Laminat, das allen Wetterbedingungen standh\u00e4lt und modernste Technologie mit hochgradig erneuerbaren Materialien auf Pflanzenbasis kombiniert. BIO Footwear wird aus Tall\u00f6l, einem Nebenprodukt von Holzzellstoff, gewonnen und bietet eine gute Abriebfestigkeit, sodass Ihre Schuhe den Test der Zeit bestehen.<\/p>\n<p>Materialdetails:<\/p>\n<p>Obermaterial: atmungsaktiven Mesh-Obermaterial, wasserdichtes Membran<br \/>\nSohle: Michelin Fiber Lite \u00ae Sohle, TrailFoam\u2122 Grib-Sohle<br \/>\nInnensohle: herausnehmbare Einlegesohle<br \/>\nAbsatz: Nullabsatz, keine H\u00f6hendifferenz zwischen Ferse und Vorderfu\u00df<br \/>\nVerschluss: Schn\u00fcrsenkel<br \/>\nBesonderheiten: Wasserdicht &#8211; eVent\u00ae BIO-Technologie, sehr ger\u00e4umige Zehenbox, Vegan, Atmungsaktiv<br \/>\nMaterialhinweis: Frei von sch\u00e4dlichen Materialien (gepr\u00fcft!), erneuerbaren Materialien auf pflanzlicher Basis<\/p>\n<p>Faire und umweltfreundliche Produktion in China, Kontrolle ethischer und qualitativer Standards durch Mitarbeiter vor Ort!<\/p>\n<p><b>Audio-Beschreibung<\/b><br \/><audio controls src=\"https:\/\/schuhewiebarfuss.at\/shop\/wp-content\/uploads\/lk\/9515_audio.wav\"><br \/>\n                                            Ihr Browser unterst\u00fctzt diese Audio-Ausgabe leider nicht.<br \/>\n                                            <\/ audio ><\/p>\n","protected":false},"excerpt":{"rendered":"<p>Xero SCRAMBLER MID II WP &#8211; Leistungsstarker, atmungsaktiver Wanderschuh mit wasserdichter eVent\u00ae BIO-Technologie<\/p>\n<p>Obermaterial: Mesh-Obermaterial, wasserdichtes Membran<br \/>\nSohle: Michelin Fiber Lite \u00ae Sohle, TrailFoam\u2122 Grib-Sohle<br \/>\nInnensohle: herausnehmbar<br \/>\nAbsatz: Nullabsatz<br \/>\nVerschluss: Schn\u00fcrsenkel<br \/>\nBesonderheiten: Wasserdicht, ger\u00e4umige Zehenbox, Vegan, Atmungsaktiv<br \/>\nMaterialhinweis: frei von Schadstoffen, Materialien auf pflanzlicher Basis<\/p>\n","protected":false},"featured_media":569577,"comment_status":"open","ping_status":"closed","template":"","meta":[],"product_brand":[],"product_cat":[839],"product_tag":[1375,1376,1377,1378,1379,1380,1381,2446],"class_list":{"0":"post-569578","1":"product","2":"type-product","3":"status-publish","4":"has-post-thumbnail","6":"product_cat-wanderschuhe-2","7":"product_tag-groesse-40","8":"product_tag-groesse-41","9":"product_tag-groesse-42","10":"product_tag-groesse-43","11":"product_tag-groesse-44","12":"product_tag-groesse-45","13":"product_tag-groesse-46","14":"product_tag-marke-xero","16":"first","17":"instock","18":"taxable","19":"shipping-taxable","20":"purchasable","21":"product-type-variable"},"_links":{"self":[{"href":"https:\/\/schuhewiebarfuss.at\/shop\/wp-json\/wp\/v2\/product\/569578","targetHints":{"allow":["GET"]}}],"collection":[{"href":"https:\/\/schuhewiebarfuss.at\/shop\/wp-json\/wp\/v2\/product"}],"about":[{"href":"https:\/\/schuhewiebarfuss.at\/shop\/wp-json\/wp\/v2\/types\/product"}],"replies":[{"embeddable":true,"href":"https:\/\/schuhewiebarfuss.at\/shop\/wp-json\/wp\/v2\/comments?post=569578"}],"wp:featuredmedia":[{"embeddable":true,"href":"https:\/\/schuhewiebarfuss.at\/shop\/wp-json\/wp\/v2\/media\/569577"}],"wp:attachment":[{"href":"https:\/\/schuhewiebarfuss.at\/shop\/wp-json\/wp\/v2\/media?parent=569578"}],"wp:term":[{"taxonomy":"product_brand","embeddable":true,"href":"https:\/\/schuhewiebarfuss.at\/shop\/wp-json\/wp\/v2\/product_brand?post=569578"},{"taxonomy":"product_cat","embeddable":true,"href":"https:\/\/schuhewiebarfuss.at\/shop\/wp-json\/wp\/v2\/product_cat?post=569578"},{"taxonomy":"product_tag","embeddable":true,"href":"https:\/\/schuhewiebarfuss.at\/shop\/wp-json\/wp\/v2\/product_tag?post=569578"}],"curies":[{"name":"wp","href":"https:\/\/api.w.org\/{rel}","templated":true}]}}