{"id":569407,"date":"2024-06-13T15:24:52","date_gmt":"2024-06-13T13:24:52","guid":{"rendered":"https:\/\/schuhewiebarfuss.at\/shop\/produkt\/athena\/"},"modified":"2026-03-01T15:15:25","modified_gmt":"2026-03-01T14:15:25","slug":"athena","status":"publish","type":"product","link":"https:\/\/schuhewiebarfuss.at\/shop\/produkt\/athena\/","title":{"rendered":"Athena"},"content":{"rendered":"<p>KOEL ATHENA &#8211; H\u00fcbsche Barfu\u00dfsandalen in der alt-bew\u00e4hrte R\u00f6mesandalen-Optik<\/p>\n<p>KOEL hat mit den Barfu\u00df Sandalen Athena einen Schuh entwickelt, welcher eine hohe Qualit\u00e4t &amp; perfekte Trageeigenschaften verbindet. Die Sandalen aus weichem, gefettetem Nubukleder f\u00fchlen sich klasse an und sitzen passgenau an den F\u00fc\u00dfen. Durch den verstellbaren Schnallenriemen am Kn\u00f6chel lassen sich die Sandalen an jeden Fu\u00df perfekt anpassen. Die breiten Riemen schneiden nicht ein und geben den F\u00fc\u00dfen den n\u00f6tigen Halt beim Gehen. Die flexible rund 8 mm dicke Sohle setzt sich aus einer rutsch- und abriebfesten Vibram-Sohle und einer Leder-Decksohle zusammen. Die Vibram-Sohle sorgt daf\u00fcr, dass die Sandalen auch auf rutschigem Untergrund einen sicheren Stand bieten. Diese Sandalen aus der KOEL Barefoot Kollektion geh\u00f6ren der Koel Zero Heel-Kategorie an. Das Fu\u00dfbett ist von der Ferse bis zu den Zehenspitzen flach. Die Zero-Sohle sorgt f\u00fcr Bewegungsfreiheit und l\u00e4sst den Boden unter den Schuhen sp\u00fcren. KOEL Athena sind nicht nur sch\u00f6n und trendig, sondern auch gem\u00fctlich. Sie sind echte Allrounder f\u00fcr warme Tage und wundersch\u00f6n mit einem sch\u00f6nen Sommer-Freizeitoutfit.<\/p>\n<p>Materialdetails:<\/p>\n<p>Obermaterial: Nubukleder<br \/>\nInnenfutter: chromfreies Leder<br \/>\nSohle: 4 mm dicke Vibram-Sohle (Gummi)<br \/>\nInnensohle: Decksohle aus Leder<br \/>\nAbsatz: Nullabsatz, keine H\u00f6hendifferenz zwischen Ferse und Vorderfu\u00df<br \/>\nVerschluss: verstellbarer Schnallenriemen<br \/>\nBesonderheiten: rutschfest und ultra flexibel, geeignet f\u00fcr normale Fu\u00dfbreite, f\u00fcr normalen und etwas h\u00f6heren Spann<br \/>\nMaterialhinweis: Frei von sch\u00e4dlichen Materialien (gepr\u00fcft!), enth\u00e4lt Teile tierischen Ursprungs<br \/>\nHergestellt in Portugal<\/p>\n<p>Schuhpflege <\/p>\n<p>    Sandalen sollten nach dem Tragen trocknen k\u00f6nnen<br \/>\n    Reinigen Sie die Schuhe mit einem feuchten Tuch<br \/>\n    Tragen Sie regelm\u00e4\u00dfig Schuhcreme oder Balsam auf Glattleder auf, um das Leder weich zu halten<br \/>\n    Weichen Sie die Schuhe nicht in der N\u00e4he von W\u00e4rmequellen ein, waschen oder trocknen Sie sie nicht<\/p>\n<p><b>Audio-Beschreibung<\/b><br \/><audio controls src=\"https:\/\/schuhewiebarfuss.at\/shop\/wp-content\/uploads\/lk\/9471_audio.wav\"><br \/>\n                                            Ihr Browser unterst\u00fctzt diese Audio-Ausgabe leider nicht.<br \/>\n                                            <\/ audio ><\/p>\n","protected":false},"excerpt":{"rendered":"<p>Koel ATHENA Barfu\u00df-Sandalen<\/p>\n<p>Obermaterial: Nubukleder<br \/>\nInnenfutter: Leder<br \/>\nSohle: Vibram-Sohle<br \/>\nInnensohle: Leder<br \/>\nAbsatz: Nullabsatz<br \/>\nVerschluss: Schnallenriemen<br \/>\nBesonderheiten: rutschfest und ultra flexibel, normale Fu\u00dfbreite, normaler\/h\u00f6herer Spann<br \/>\nMaterialhinweis: frei von Schadstoffen, enth\u00e4lt Teile tierischen Ursprungs<br \/>\nHergestellt in Portugal<\/p>\n","protected":false},"featured_media":570853,"comment_status":"open","ping_status":"closed","template":"","meta":[],"product_brand":[],"product_cat":[3121],"product_tag":[1544,1408,1362,1368,1373,1374,1375,1376,1377,2778,1450],"class_list":{"0":"post-569407","1":"product","2":"type-product","3":"status-publish","4":"has-post-thumbnail","6":"product_cat-sale","7":"product_tag-farbe-braun","8":"product_tag-farbe-schwarz","9":"product_tag-groesse-36","10":"product_tag-groesse-37","11":"product_tag-groesse-38","12":"product_tag-groesse-39","13":"product_tag-groesse-40","14":"product_tag-groesse-41","15":"product_tag-groesse-42","16":"product_tag-marke-koel-shoes-international","17":"product_tag-sale","19":"first","20":"instock","21":"taxable","22":"shipping-taxable","23":"purchasable","24":"product-type-variable"},"_links":{"self":[{"href":"https:\/\/schuhewiebarfuss.at\/shop\/wp-json\/wp\/v2\/product\/569407","targetHints":{"allow":["GET"]}}],"collection":[{"href":"https:\/\/schuhewiebarfuss.at\/shop\/wp-json\/wp\/v2\/product"}],"about":[{"href":"https:\/\/schuhewiebarfuss.at\/shop\/wp-json\/wp\/v2\/types\/product"}],"replies":[{"embeddable":true,"href":"https:\/\/schuhewiebarfuss.at\/shop\/wp-json\/wp\/v2\/comments?post=569407"}],"wp:featuredmedia":[{"embeddable":true,"href":"https:\/\/schuhewiebarfuss.at\/shop\/wp-json\/wp\/v2\/media\/570853"}],"wp:attachment":[{"href":"https:\/\/schuhewiebarfuss.at\/shop\/wp-json\/wp\/v2\/media?parent=569407"}],"wp:term":[{"taxonomy":"product_brand","embeddable":true,"href":"https:\/\/schuhewiebarfuss.at\/shop\/wp-json\/wp\/v2\/product_brand?post=569407"},{"taxonomy":"product_cat","embeddable":true,"href":"https:\/\/schuhewiebarfuss.at\/shop\/wp-json\/wp\/v2\/product_cat?post=569407"},{"taxonomy":"product_tag","embeddable":true,"href":"https:\/\/schuhewiebarfuss.at\/shop\/wp-json\/wp\/v2\/product_tag?post=569407"}],"curies":[{"name":"wp","href":"https:\/\/api.w.org\/{rel}","templated":true}]}}