{"id":569398,"date":"2024-06-13T14:30:43","date_gmt":"2024-06-13T12:30:43","guid":{"rendered":"https:\/\/schuhewiebarfuss.at\/shop\/produkt\/arriaus-metalic-beige\/"},"modified":"2026-03-01T15:14:46","modified_gmt":"2026-03-01T14:14:46","slug":"arriaus-metalic-beige","status":"publish","type":"product","link":"https:\/\/schuhewiebarfuss.at\/shop\/produkt\/arriaus-metalic-beige\/","title":{"rendered":"Arriaus Metalic Beige"},"content":{"rendered":"<p>Der Eyecatcher eines jeden Sommeroutfits! Diese Koel Sandale begeistert mit seiner Gold\/Silber-Optik und maximalem Barfu\u00dffeeling. <\/p>\n<p>Diese eleganten Sandalen von KOEL, gefertigt aus hochwetigem Metalicleder, bieten dir nicht nur ein edles Design, sondern auch ein angenehmes Tragegef\u00fchl. Die Kork-Decksohle sorgt f\u00fcr nat\u00fcrlichen Komfort und ein angenehmes Fu\u00dfklima, w\u00e4hrend die ultragelenkige Gummisohle f\u00fcr Rutschfestigkeit und Flexibilit\u00e4t steht. KOEL setzt auf faire und nachhaltige Produktion, damit du Schuhe tr\u00e4gst, die nicht nur gut aussehen, sondern auch gut zu deinem Gewissen passen.<\/p>\n<p>KOEL hat mit den Barfu\u00df Sandalen Arriaus Metalic einen Schuh entwickelt, welcher eine hohe Qualit\u00e4t &amp; perfekte Trageeigenschaften verbindet. Diese Sandalen aus der KOEL Barefoot Kollektion geh\u00f6ren der Koel Zero Heel-Kategorie an. Diese sorgt f\u00fcr Bewegungsfreiheit f\u00fcr die F\u00fc\u00dfe und l\u00e4sst den Boden unter den Schuhen sp\u00fcren. Das Fu\u00dfbett ist von der Ferse bis zu den Zehenspitzen flach. Durch den verstellbaren Schnallenriemen und den Klettverschlussriemen lassen sich diese Sandalen an jeden Fu\u00df perfekt anpassen.<\/p>\n<p>Materialdetails:<\/p>\n<p>Obermaterial: hochwertiges Metalic-Glattleder<br \/>\nInnenfutter: Leder (chromfrei gegerbt)<br \/>\nSohle: Vibram (Gummi), weniger als 6 mm Sohlendicke<br \/>\nInnensohle: Decksohle aus Kork<br \/>\nAbsatz: Nullabsatz, keine H\u00f6hendifferenz zwischen Ferse und Vorderfu\u00df<br \/>\nVerschluss: verstellbarer Schnallenriemen<br \/>\nBesonderheiten: rutschfest und ultra flexibel, f\u00fcr mittlere bis breite F\u00fc\u00dfe, mittlere Spannh\u00f6he<br \/>\nMaterialhinweis: Frei von sch\u00e4dlichen Materialien (gepr\u00fcft!)<br \/>\nHergestellt in Portugal<\/p>\n<p><b>Audio-Beschreibung<\/b><br \/><audio controls src=\"https:\/\/schuhewiebarfuss.at\/shop\/wp-content\/uploads\/lk\/9470_audio.wav\"><br \/>\n                                            Ihr Browser unterst\u00fctzt diese Audio-Ausgabe leider nicht.<br \/>\n                                            <\/ audio ><\/p>\n","protected":false},"excerpt":{"rendered":"<p>KOEL Barefoot ARRIAUS Metalic<\/p>\n<p>Obermaterial: Glattleder<br \/>\nInnenfutter: Leder<br \/>\nSohle: Vibram (Gummi)<br \/>\nInnensohle: Kork<br \/>\nAbsatz: Nullabsatz<br \/>\nVerschluss: Schnallenriemen<br \/>\nBesonderheiten: rutschfest und ultra flexibel, mittlerre\/breite F\u00fc\u00dfe, mittlere Spannh\u00f6he<br \/>\nMaterialhinweis: frei von Schadstoffen<br \/>\nHergestellt in Portugal<\/p>\n","protected":false},"featured_media":569556,"comment_status":"open","ping_status":"closed","template":"","meta":[],"product_brand":[],"product_cat":[3121],"product_tag":[1362,1368,1373,1374,1375,1376,1377,1378,2778,1450],"class_list":{"0":"post-569398","1":"product","2":"type-product","3":"status-publish","4":"has-post-thumbnail","6":"product_cat-sale","7":"product_tag-groesse-36","8":"product_tag-groesse-37","9":"product_tag-groesse-38","10":"product_tag-groesse-39","11":"product_tag-groesse-40","12":"product_tag-groesse-41","13":"product_tag-groesse-42","14":"product_tag-groesse-43","15":"product_tag-marke-koel-shoes-international","16":"product_tag-sale","18":"first","19":"instock","20":"taxable","21":"shipping-taxable","22":"purchasable","23":"product-type-variable"},"_links":{"self":[{"href":"https:\/\/schuhewiebarfuss.at\/shop\/wp-json\/wp\/v2\/product\/569398","targetHints":{"allow":["GET"]}}],"collection":[{"href":"https:\/\/schuhewiebarfuss.at\/shop\/wp-json\/wp\/v2\/product"}],"about":[{"href":"https:\/\/schuhewiebarfuss.at\/shop\/wp-json\/wp\/v2\/types\/product"}],"replies":[{"embeddable":true,"href":"https:\/\/schuhewiebarfuss.at\/shop\/wp-json\/wp\/v2\/comments?post=569398"}],"wp:featuredmedia":[{"embeddable":true,"href":"https:\/\/schuhewiebarfuss.at\/shop\/wp-json\/wp\/v2\/media\/569556"}],"wp:attachment":[{"href":"https:\/\/schuhewiebarfuss.at\/shop\/wp-json\/wp\/v2\/media?parent=569398"}],"wp:term":[{"taxonomy":"product_brand","embeddable":true,"href":"https:\/\/schuhewiebarfuss.at\/shop\/wp-json\/wp\/v2\/product_brand?post=569398"},{"taxonomy":"product_cat","embeddable":true,"href":"https:\/\/schuhewiebarfuss.at\/shop\/wp-json\/wp\/v2\/product_cat?post=569398"},{"taxonomy":"product_tag","embeddable":true,"href":"https:\/\/schuhewiebarfuss.at\/shop\/wp-json\/wp\/v2\/product_tag?post=569398"}],"curies":[{"name":"wp","href":"https:\/\/api.w.org\/{rel}","templated":true}]}}