{"id":569385,"date":"2024-06-13T14:14:02","date_gmt":"2024-06-13T12:14:02","guid":{"rendered":"https:\/\/schuhewiebarfuss.at\/shop\/produkt\/aurelia\/"},"modified":"2026-03-01T12:35:26","modified_gmt":"2026-03-01T11:35:26","slug":"aurelia","status":"publish","type":"product","link":"https:\/\/schuhewiebarfuss.at\/shop\/produkt\/aurelia\/","title":{"rendered":"Aurelia"},"content":{"rendered":"<p>Die Aurelia Sandalen von KOEL sind die perfekte Wahl f\u00fcr alle, die Wert auf Qualit\u00e4t und Tragekomfort legen. Diese in Portugal hergestellten Sandalen zeichnen sich durch ihre Anpassungsf\u00e4higkeit an jeden Fu\u00df aus, dank der verstellbaren Schnallenriemen. Das Obermaterial aus Glattleder und das chromfrei gegerbte Lederfutter bieten einen hautfreundlichen Kontakt, w\u00e4hrend die Kombination aus Kork und Vibram-Gummi-Sohle f\u00fcr hervorragende Unterst\u00fctzung und Langlebigkeit sorgt. Ob f\u00fcr einen Stadtbummel oder einen Tag am Strand \u2013 die Aurelia Sandalen sind deine idealen Begleiter.<\/p>\n<p>Materialdetails:<\/p>\n<p>Obermaterial: hochwertiges Glattleder<br \/>\nInnenfutter: hautfreundliches, chromfrei gegerbtes Lederfutter<br \/>\nSohle: robuste Vibram-Sohle (Gummi), weniger als 6 mm dick<br \/>\nInnensohle: Decksohle aus Kork<br \/>\nAbsatz: Nullabsatz, keine H\u00f6hendifferenz zwischen Ferse und Vorderfu\u00df<br \/>\nVerschluss: Klettverschluss<br \/>\nBesonderheiten: f\u00fcr normal bis breite F\u00fc\u00dfe, f\u00fcr normalen bis etwas h\u00f6heren Spann<br \/>\nMaterialhinweis: Frei von sch\u00e4dlichen Materialien (gepr\u00fcft!)<br \/>\nHergestellt in Portugal<\/p>\n<p>Pflegehinweis:<\/p>\n<p>    Sandalen sollten nach dem Tragen trocknen k\u00f6nnen.<br \/>\n    Reinigen Sie die Schuhe mit einem feuchten Tuch oder Reinigungsschaum.<br \/>\n    Weichen Sie die Schuhe nicht in der N\u00e4he von W\u00e4rmequellen ein, waschen oder trocknen Sie sie nicht.<\/p>\n<p><b>Audio-Beschreibung<\/b><br \/><audio controls src=\"https:\/\/schuhewiebarfuss.at\/shop\/wp-content\/uploads\/lk\/9469_audio.wav\"><br \/>\n                                            Ihr Browser unterst\u00fctzt diese Audio-Ausgabe leider nicht.<br \/>\n                                            <\/ audio ><\/p>\n","protected":false},"excerpt":{"rendered":"<p>Koel AURELIA Barfu\u00df-Sandale<\/p>\n<p>Obermaterial: Glattleder<br \/>\nInnenfutter: Leder<br \/>\nSohle: Vibram-Sohle (Gummi)<br \/>\nInnensohle: Kork<br \/>\nAbsatz: Nullabsatz<br \/>\nVerschluss: Klettverschluss<br \/>\nBesonderheiten: normal\/breite F\u00fc\u00dfe, normaler\/h\u00f6herer Spann<br \/>\nMaterialhinweis: frei von Schadstoffen<br \/>\nHergestellt in Portugal<\/p>\n","protected":false},"featured_media":577251,"comment_status":"open","ping_status":"closed","template":"","meta":[],"product_brand":[],"product_cat":[3121],"product_tag":[1480,1408,1362,1368,1373,1374,1375,1376,1377,1378,2778,1450],"class_list":{"0":"post-569385","1":"product","2":"type-product","3":"status-publish","4":"has-post-thumbnail","6":"product_cat-sale","7":"product_tag-farbe-orange","8":"product_tag-farbe-schwarz","9":"product_tag-groesse-36","10":"product_tag-groesse-37","11":"product_tag-groesse-38","12":"product_tag-groesse-39","13":"product_tag-groesse-40","14":"product_tag-groesse-41","15":"product_tag-groesse-42","16":"product_tag-groesse-43","17":"product_tag-marke-koel-shoes-international","18":"product_tag-sale","20":"first","21":"instock","22":"taxable","23":"shipping-taxable","24":"purchasable","25":"product-type-variable"},"_links":{"self":[{"href":"https:\/\/schuhewiebarfuss.at\/shop\/wp-json\/wp\/v2\/product\/569385","targetHints":{"allow":["GET"]}}],"collection":[{"href":"https:\/\/schuhewiebarfuss.at\/shop\/wp-json\/wp\/v2\/product"}],"about":[{"href":"https:\/\/schuhewiebarfuss.at\/shop\/wp-json\/wp\/v2\/types\/product"}],"replies":[{"embeddable":true,"href":"https:\/\/schuhewiebarfuss.at\/shop\/wp-json\/wp\/v2\/comments?post=569385"}],"wp:featuredmedia":[{"embeddable":true,"href":"https:\/\/schuhewiebarfuss.at\/shop\/wp-json\/wp\/v2\/media\/577251"}],"wp:attachment":[{"href":"https:\/\/schuhewiebarfuss.at\/shop\/wp-json\/wp\/v2\/media?parent=569385"}],"wp:term":[{"taxonomy":"product_brand","embeddable":true,"href":"https:\/\/schuhewiebarfuss.at\/shop\/wp-json\/wp\/v2\/product_brand?post=569385"},{"taxonomy":"product_cat","embeddable":true,"href":"https:\/\/schuhewiebarfuss.at\/shop\/wp-json\/wp\/v2\/product_cat?post=569385"},{"taxonomy":"product_tag","embeddable":true,"href":"https:\/\/schuhewiebarfuss.at\/shop\/wp-json\/wp\/v2\/product_tag?post=569385"}],"curies":[{"name":"wp","href":"https:\/\/api.w.org\/{rel}","templated":true}]}}