{"id":557011,"date":"2024-05-23T00:18:41","date_gmt":"2024-05-22T22:18:41","guid":{"rendered":"https:\/\/schuhewiebarfuss.at\/shop\/produkt\/kos-herren\/"},"modified":"2026-03-11T23:05:48","modified_gmt":"2026-03-11T22:05:48","slug":"kos-herren","status":"publish","type":"product","link":"https:\/\/schuhewiebarfuss.at\/shop\/produkt\/kos-herren\/","title":{"rendered":"Kos Herren"},"content":{"rendered":"<p>Kos ist eine moderne und schlichte Barfu\u00df-Sandale, die als Unisex Modell durchgeht. Das hochwertige Leder sorgt f\u00fcr eine schlichte und elegante Optik, die d\u00fcnne und flexible Sohle hingegen l\u00e4sst dich sp\u00fcrbar auf dem Boden gehen. F\u00fcr stabilen Halt sorgen der Slingback-Riemen sowie der breite Riemen \u00fcber dem Fu\u00df.<\/p>\n<p>Besonderheiten<\/p>\n<p>    Wide fit: Weite Zehenbox f\u00fcr optimalen, anatomischen Zehenraum<br \/>\n    Nullabsatz und neutrales Fu\u00dfbett<br \/>\n    Obermaterial aus Glattleder<br \/>\n    Feinf\u00fchlige Thermo-Rubber-Sohle<br \/>\n    Flexibel, rutsch- und abriebfest<br \/>\n    Designed in Germany. Made in Portugal<br \/>\n    Gr\u00f6\u00dfenhinweis: Dieses Modell f\u00e4llt eine Nummer gr\u00f6\u00dfer aus<\/p>\n<p>Pflegehinweise<\/p>\n<p>Mit Bedacht solltest du deine Lederschuhe behandeln. Wir bitten dich hier die \u00fcblichen Hinweise zur richtigen Pflege von Lederschuhen zu beachten. Leder darf nicht mit Reinigungsmittel ges\u00e4ubert werden und ben\u00f6tigt immer mal wieder Feuchtigkeit. Die Behandlung mit einfachem Wachs oder einem Lederpflegemittel aus unserem Zubeh\u00f6r k\u00f6nnen wir empfehlen.<\/p>\n<p><b>Audio-Beschreibung<\/b><br \/><audio controls src=\"https:\/\/schuhewiebarfuss.at\/shop\/wp-content\/uploads\/lk\/9438_audio.wav\"><br \/>\n                                            Ihr Browser unterst\u00fctzt diese Audio-Ausgabe leider nicht.<br \/>\n                                            <\/ audio ><\/p>\n","protected":false},"excerpt":{"rendered":"<p>Groundies Barfu\u00dfsandale Kos<\/p>\n<p>Obermaterial: Glattleder<br \/>\nSohle: Thermo-Rubber-Sohle<br \/>\nAbsatz: Nullabsatz und neutrales Fu\u00dfbett<br \/>\nZehenbox: Anatomisch, weitere Passform im Zehenbereich<br \/>\nFlexibel, rutsch- und abriebfest<br \/>\nSlingback-Riemen f\u00fcr besseren Halt<\/p>\n","protected":false},"featured_media":557010,"comment_status":"open","ping_status":"closed","template":"","meta":[],"product_brand":[],"product_cat":[3121],"product_tag":[2232,1408,1375,1376,1377,1378,1379,1380,1381,1449,2953,1450],"class_list":{"0":"post-557011","1":"product","2":"type-product","3":"status-publish","4":"has-post-thumbnail","6":"product_cat-sale","7":"product_tag-farbe-dunkelbraun","8":"product_tag-farbe-schwarz","9":"product_tag-groesse-40","10":"product_tag-groesse-41","11":"product_tag-groesse-42","12":"product_tag-groesse-43","13":"product_tag-groesse-44","14":"product_tag-groesse-45","15":"product_tag-groesse-46","16":"product_tag-groesse-47","17":"product_tag-marke-groundies","18":"product_tag-sale","20":"first","21":"instock","22":"taxable","23":"shipping-taxable","24":"purchasable","25":"product-type-variable"},"_links":{"self":[{"href":"https:\/\/schuhewiebarfuss.at\/shop\/wp-json\/wp\/v2\/product\/557011","targetHints":{"allow":["GET"]}}],"collection":[{"href":"https:\/\/schuhewiebarfuss.at\/shop\/wp-json\/wp\/v2\/product"}],"about":[{"href":"https:\/\/schuhewiebarfuss.at\/shop\/wp-json\/wp\/v2\/types\/product"}],"replies":[{"embeddable":true,"href":"https:\/\/schuhewiebarfuss.at\/shop\/wp-json\/wp\/v2\/comments?post=557011"}],"wp:featuredmedia":[{"embeddable":true,"href":"https:\/\/schuhewiebarfuss.at\/shop\/wp-json\/wp\/v2\/media\/557010"}],"wp:attachment":[{"href":"https:\/\/schuhewiebarfuss.at\/shop\/wp-json\/wp\/v2\/media?parent=557011"}],"wp:term":[{"taxonomy":"product_brand","embeddable":true,"href":"https:\/\/schuhewiebarfuss.at\/shop\/wp-json\/wp\/v2\/product_brand?post=557011"},{"taxonomy":"product_cat","embeddable":true,"href":"https:\/\/schuhewiebarfuss.at\/shop\/wp-json\/wp\/v2\/product_cat?post=557011"},{"taxonomy":"product_tag","embeddable":true,"href":"https:\/\/schuhewiebarfuss.at\/shop\/wp-json\/wp\/v2\/product_tag?post=557011"}],"curies":[{"name":"wp","href":"https:\/\/api.w.org\/{rel}","templated":true}]}}