{"id":551506,"date":"2024-05-15T18:25:17","date_gmt":"2024-05-15T16:25:17","guid":{"rendered":"https:\/\/schuhewiebarfuss.at\/shop\/produkt\/mesa-trail-wp-damen\/"},"modified":"2026-03-01T11:26:26","modified_gmt":"2026-03-01T10:26:26","slug":"mesa-trail-wp-damen","status":"publish","type":"product","link":"https:\/\/schuhewiebarfuss.at\/shop\/produkt\/mesa-trail-wp-damen\/","title":{"rendered":"Mesa Trail WP Damen"},"content":{"rendered":"<p>MESA TRAIL WP \u2013 Ihr leichter und vollst\u00e4ndig wasserdichter Trailrunner<\/p>\n<p>Das wasserdichte Gegenst\u00fcck zu unserem meistverkauften Trailschuh, dem Mesa Trail. Wenn das Wetter feucht und nieselig wird, bemerken Ihre F\u00fc\u00dfe es nicht, dank des nahtversiegelten Innenschuhs, der Zwickelzunge und des wasserdichten Futters des Mesa Trail WP.<\/p>\n<p>Egal, ob Sie einen Trail hinuntersausen oder einfach nur zum Einkaufen schlendern, dieser Schuh h\u00e4lt Feuchtigkeit und Schmutz fern.<br \/>\nF\u00dcHLEN SIE SICH MIT IHRER WELT VERBUNDEN, WENN SIE IM MESA TRAIL WP LAUFEN ODER WANDERN<br \/>\nLeicht und langlebig<\/p>\n<p>Mit einem Gewicht von nur 272 Gramm bei Herrengr\u00f6\u00dfe 42 werden Sie den Mesa Trail WP kaum an Ihren F\u00fc\u00dfen sp\u00fcren.<\/p>\n<p>Seine langlebige Zehenkappe und die robuste Seitenwandverschwei\u00dfung bieten den zus\u00e4tzlichen Schutz, den Sie f\u00fcr Offroad-Eins\u00e4tze ben\u00f6tigen.<br \/>\nGleichen Sie Unebenheiten aus und f\u00fchlen Sie sich sicher<\/p>\n<p>Gl\u00e4tten Sie Ihren Lauf mit der 3,5-mm-Trail-Schaumstoffschicht, die sich im Mesa Trail WP verbirgt.<\/p>\n<p>Wenn sich Ihre F\u00fc\u00dfe am Ende des Tages nicht mehr so gut anf\u00fchlen wie am Anfang, haben Sie den Mesa Trail Waterproof noch nicht ausprobiert.<\/p>\n<p>Lebensver\u00e4ndernder Komfort und \u00fcberragende Leistung entstehen dadurch, dass Sie Ihre F\u00fc\u00dfe das tun lassen, was nat\u00fcrlich ist \u2013 sich beugen, bewegen, beugen und f\u00fchlen.<\/p>\n<p>Alle Xero-Schuhe verf\u00fcgen \u00fcber eine breitere, fu\u00dff\u00f6rmige Zehenbox, die Ihre Zehen spreizen und entspannen l\u00e4sst, einen nicht erh\u00f6hten \u201eZero Drop\u201c-Absatz f\u00fcr eine korrekte Haltung, ein bodennahes Design f\u00fcr bessere Balance und Beweglichkeit sowie eine flexible Passform Sohle, die Ihnen die Kombination aus Halt, Schutz und Bodengef\u00fchl bietet, die Ihr Gehirn Ihnen dabei helfen m\u00f6chte, das Leben mit den F\u00fc\u00dfen zuerst zu leben.<\/p>\n<p>Materialdetails:<\/p>\n<p>Obermaterial: Mesh-Obermaterial aus Polyester, Polyurethan und nat\u00fcrliche und synthetische Textilien, wasserdichte und atmungsaktive Membran<br \/>\nInnenfutter: Polyester und nat\u00fcrliche und synthetische Textilien<br \/>\nSohle: mittleres Profil mit 3 mm dicke TrailFoam\u2122 Schicht, 4,5 mm starke FeelTrue\u00ae-Gummisohle, Profiltiefe: 3,5 mm<br \/>\nInnensohle: Textil und Synthetik, herausnehmbar<br \/>\nAbsatz: Nullabsatz, keine H\u00f6hendifferenz zwischen Ferse und Vorderfu\u00df<br \/>\nWeite: Natural Fit Passform (breite Zehenbox)<br \/>\nVerschluss: Schn\u00fcrsenkel<br \/>\nBesonderheiten: besonders Abriebfest, Atmungsaktiv, Wasserdicht, Hoher Tragekomfort, gezielte Verst\u00e4rkungen und wenig D\u00e4mpfung<br \/>\nMaterialhinweis: 100% Vegan<\/p>\n<p><b>Audio-Beschreibung<\/b><br \/><audio controls src=\"https:\/\/schuhewiebarfuss.at\/shop\/wp-content\/uploads\/lk\/9507_audio.wav\"><br \/>\n                                            Ihr Browser unterst\u00fctzt diese Audio-Ausgabe leider nicht.<br \/>\n                                            <\/ audio ><\/p>\n","protected":false},"excerpt":{"rendered":"<p>Xero Shoes MESA TRAIL WP &#8211; Wasserdichte Trail Runner<\/p>\n<p>Bezwingen Sie die Trails mit bequemen, trockenen F\u00fc\u00dfen!<\/p>\n<p>Obermaterial: Polyester, Polyurethan, nat\u00fcrliche-synthetische Textilien, wasserdichte Membran<br \/>\nInnenfutter: Polyester, nat\u00fcrliche-synthetische Textilien<br \/>\nSohle: FeelTrue\u00ae-Gummisohle mit TrailFoam\u2122 Schicht<br \/>\nInnensohle: Textil und Synthetik, herausnehmbar<br \/>\nAbsatz: Nullabsatz<br \/>\nWeite: Natural Fit Passform<br \/>\nVerschluss: Schn\u00fcrsenkel<br \/>\nBesonderheiten: Abriebfest, Atmungsaktiv, Wasserdicht<br \/>\nMaterialhinweis: 100% Vegan<\/p>\n","protected":false},"featured_media":551996,"comment_status":"open","ping_status":"closed","template":"","meta":[],"product_brand":[],"product_cat":[833],"product_tag":[2629,1408,1362,1368,1373,1374,1375,1376,1377,2446],"class_list":{"0":"post-551506","1":"product","2":"type-product","3":"status-publish","4":"has-post-thumbnail","6":"product_cat-wanderschuhe-1","7":"product_tag-farbe-lila","8":"product_tag-farbe-schwarz","9":"product_tag-groesse-36","10":"product_tag-groesse-37","11":"product_tag-groesse-38","12":"product_tag-groesse-39","13":"product_tag-groesse-40","14":"product_tag-groesse-41","15":"product_tag-groesse-42","16":"product_tag-marke-xero","18":"first","19":"instock","20":"taxable","21":"shipping-taxable","22":"purchasable","23":"product-type-variable"},"_links":{"self":[{"href":"https:\/\/schuhewiebarfuss.at\/shop\/wp-json\/wp\/v2\/product\/551506","targetHints":{"allow":["GET"]}}],"collection":[{"href":"https:\/\/schuhewiebarfuss.at\/shop\/wp-json\/wp\/v2\/product"}],"about":[{"href":"https:\/\/schuhewiebarfuss.at\/shop\/wp-json\/wp\/v2\/types\/product"}],"replies":[{"embeddable":true,"href":"https:\/\/schuhewiebarfuss.at\/shop\/wp-json\/wp\/v2\/comments?post=551506"}],"wp:featuredmedia":[{"embeddable":true,"href":"https:\/\/schuhewiebarfuss.at\/shop\/wp-json\/wp\/v2\/media\/551996"}],"wp:attachment":[{"href":"https:\/\/schuhewiebarfuss.at\/shop\/wp-json\/wp\/v2\/media?parent=551506"}],"wp:term":[{"taxonomy":"product_brand","embeddable":true,"href":"https:\/\/schuhewiebarfuss.at\/shop\/wp-json\/wp\/v2\/product_brand?post=551506"},{"taxonomy":"product_cat","embeddable":true,"href":"https:\/\/schuhewiebarfuss.at\/shop\/wp-json\/wp\/v2\/product_cat?post=551506"},{"taxonomy":"product_tag","embeddable":true,"href":"https:\/\/schuhewiebarfuss.at\/shop\/wp-json\/wp\/v2\/product_tag?post=551506"}],"curies":[{"name":"wp","href":"https:\/\/api.w.org\/{rel}","templated":true}]}}