{"id":547153,"date":"2024-05-10T23:01:37","date_gmt":"2024-05-10T21:01:37","guid":{"rendered":"https:\/\/schuhewiebarfuss.at\/shop\/produkt\/archie\/"},"modified":"2026-03-01T14:10:41","modified_gmt":"2026-03-01T13:10:41","slug":"archie","status":"publish","type":"product","link":"https:\/\/schuhewiebarfuss.at\/shop\/produkt\/archie\/","title":{"rendered":"Archie"},"content":{"rendered":"<p>F\u00fcr die ersten tapsigen Schritte im Freien. Das Modell Archie von Koel \u00fcberzeugt schon auf den ersten Blick mit seiner tollen Optik. Hinzu kommt die weiche Au\u00dfensohle mit der gro\u00dfz\u00fcgig hochgezogenen Nase, die breite Zehenbox und der praktische Klettverschluss. Die Schuhe haben eine d\u00fcnne und flexible Minimalsohle, die im Gebrauch noch viel weicher wird, so wie bei allen Koel. Alle Leder von Koel-Produkten werden in einer LWG zertifizierten Gerberei eingekauft.<\/p>\n<p>Materialdetails:<\/p>\n<p>Obermaterial: chromfrei gegerbtes Nappaleder<br \/>\nInnenfutter: Leder (chromfrei)<br \/>\nSohle: Ergonomisch geformte Barfu\u00df-Sohle aus Gummi, sehr d\u00fcnn, ultra flexibel<br \/>\nInnensohle:  herausnehmbare, recyclte Innensohle<br \/>\nAbsatz: Nullabsatz<br \/>\nZehenbox: extra weite Zehenbox<br \/>\nVerschluss: Klettverschl\u00fcsse<br \/>\nWasserabweisend<br \/>\nFrei von sch\u00e4dlichen Materialien (gepr\u00fcft!)<br \/>\nHergestellt in Portugal<\/p>\n<p>Pflegehinweise<\/p>\n<p>Klatschnasse Schuhe grunds\u00e4tzlich nicht direkt auf oder vor der Heizung trocknen! Zu hei\u00dfes Trocknen sch\u00e4digt den Schuh: der Oberschuh kann schrumpfen, die Sohle kann sich l\u00f6sen.<\/p>\n<p>Innensohle &#8211; L\u00e4nge\/Breite (mm):<\/p>\n<p>Gr\u00f6\u00dfe: 20 &#8211; L\u00e4nge: 131 mm &#8211; Breite (Zehen): 59 mm &#8211; Breite (Ferse): 42 mm<br \/>\nGr\u00f6\u00dfe: 21 &#8211; L\u00e4nge: 137 mm &#8211; Breite (Zehen): 60 mm &#8211; Breite (Ferse): 43 mm<br \/>\nGr\u00f6\u00dfe: 22 &#8211; L\u00e4nge: 145 mm &#8211; Breite (Zehen): 62 mm &#8211; Breite (Ferse): 44 mm<br \/>\nGr\u00f6\u00dfe: 23 &#8211; L\u00e4nge: 151 mm &#8211; Breite (Zehen): 64 mm &#8211; Breite (Ferse): 46 mm<br \/>\nGr\u00f6\u00dfe: 24 &#8211; L\u00e4nge: 158 mm &#8211; Breite (Zehen): 66 mm &#8211; Breite (Ferse): 47 mm<\/p>\n<p><b>Audio-Beschreibung<\/b><br \/><audio controls src=\"https:\/\/schuhewiebarfuss.at\/shop\/wp-content\/uploads\/lk\/9458_audio.wav\"><br \/>\n                                            Ihr Browser unterst\u00fctzt diese Audio-Ausgabe leider nicht.<br \/>\n                                            <\/ audio ><\/p>\n","protected":false},"excerpt":{"rendered":"<p>Koel Shoes ARCHIE Lauflernschuh<\/p>\n<p>Obermaterial: Glattleder (chromfrei)<br \/>\nInnenfutter: Leder (chromfrei)<br \/>\nSohle: Gummi<br \/>\nInnensohle: herausnehmbar<br \/>\nAbsatz: Nullabsatz<br \/>\nZehenbox: breit<br \/>\nVerschluss: Klettverschl\u00fcsse<br \/>\nWasserabweisend<br \/>\nHergestellt in Portugal<\/p>\n","protected":false},"featured_media":547152,"comment_status":"open","ping_status":"closed","template":"","meta":[],"product_brand":[],"product_cat":[3121],"product_tag":[1479,1570,1481,1385,1390,1391,1392,1393,2778,1450],"class_list":{"0":"post-547153","1":"product","2":"type-product","3":"status-publish","4":"has-post-thumbnail","6":"product_cat-sale","7":"product_tag-farbe-blau","8":"product_tag-farbe-gruen","9":"product_tag-farbe-pink","10":"product_tag-groesse-20","11":"product_tag-groesse-21","12":"product_tag-groesse-22","13":"product_tag-groesse-23","14":"product_tag-groesse-24","15":"product_tag-marke-koel-shoes-international","16":"product_tag-sale","18":"first","19":"instock","20":"sale","21":"taxable","22":"shipping-taxable","23":"purchasable","24":"product-type-variable"},"_links":{"self":[{"href":"https:\/\/schuhewiebarfuss.at\/shop\/wp-json\/wp\/v2\/product\/547153","targetHints":{"allow":["GET"]}}],"collection":[{"href":"https:\/\/schuhewiebarfuss.at\/shop\/wp-json\/wp\/v2\/product"}],"about":[{"href":"https:\/\/schuhewiebarfuss.at\/shop\/wp-json\/wp\/v2\/types\/product"}],"replies":[{"embeddable":true,"href":"https:\/\/schuhewiebarfuss.at\/shop\/wp-json\/wp\/v2\/comments?post=547153"}],"wp:featuredmedia":[{"embeddable":true,"href":"https:\/\/schuhewiebarfuss.at\/shop\/wp-json\/wp\/v2\/media\/547152"}],"wp:attachment":[{"href":"https:\/\/schuhewiebarfuss.at\/shop\/wp-json\/wp\/v2\/media?parent=547153"}],"wp:term":[{"taxonomy":"product_brand","embeddable":true,"href":"https:\/\/schuhewiebarfuss.at\/shop\/wp-json\/wp\/v2\/product_brand?post=547153"},{"taxonomy":"product_cat","embeddable":true,"href":"https:\/\/schuhewiebarfuss.at\/shop\/wp-json\/wp\/v2\/product_cat?post=547153"},{"taxonomy":"product_tag","embeddable":true,"href":"https:\/\/schuhewiebarfuss.at\/shop\/wp-json\/wp\/v2\/product_tag?post=547153"}],"curies":[{"name":"wp","href":"https:\/\/api.w.org\/{rel}","templated":true}]}}