{"id":540722,"date":"2024-05-09T08:48:54","date_gmt":"2024-05-09T06:48:54","guid":{"rendered":"https:\/\/schuhewiebarfuss.at\/shop\/produkt\/froddo-sandal-e-velour\/"},"modified":"2026-03-10T21:59:26","modified_gmt":"2026-03-10T20:59:26","slug":"froddo-sandal-e-velour","status":"publish","type":"product","link":"https:\/\/schuhewiebarfuss.at\/shop\/produkt\/froddo-sandal-e-velour\/","title":{"rendered":"Froddo Sandal E Velour"},"content":{"rendered":"<p>Die Froddo Barefoot Sandalen sind das richtige Accessoire sobald die Temperatur deutlich ansteigt. Die Kinderschuhe haben einen Low-Cut-Schnitt, was bedeutet, dass sie unter dem Kn\u00f6chel des Tr\u00e4gers enden. Eine gute Wahl, wenn es um die sch\u00f6nste Zeit des Tages geht. Die Schuhe lassen sich einfach und bequem per Klettverschluss und Zugband \u00f6ffnen und schlie\u00dfen. Das Obermaterial der Schuhe besteht aus Naturleder und das Innenmaterial aus Leder. Der Schuh bietet ein angenehmes Barfu\u00dfgef\u00fchl und eine extra flexible Laufsohle. <\/p>\n<p>Materialdetails:<\/p>\n<p>Obermaterial: chromfrei geb\u00fcrstetes Naturleder (Veloursleder)<br \/>\nInnenfutter: chromfreies Lederfutter<br \/>\nSohle: Thermo-Gummi mit Profil<br \/>\nInnensohle: Herausnehmbare antibakterielle Mikrofaser-Einlegesohle<br \/>\nAbsatz: Nullabsatz, keine H\u00f6hendifferenz zwischen Ferse und Vorderfu\u00df<br \/>\nVerschluss: Klettverschluss<br \/>\nWeite: ger\u00e4umige Zehenbox, f\u00fcr normale bis etwas breitere F\u00fc\u00dfe geeignet<br \/>\nBesonderheiten: Wasserabweisend, dekorative elastische Schn\u00fcrsenkel<br \/>\nMaterialhinweis: Frei von sch\u00e4dlichen Materialien (gepr\u00fcft!), nachaltiges Produkt und Produktion<br \/>\nHergestellt in Kroatien<\/p>\n<p>Innensohle &#8211; L\u00e4nge\/Breite (mm):<\/p>\n<p>Gr\u00f6\u00dfe: 23 &#8211; L\u00e4nge: 149 mm &#8211; Breite: 63 mm<br \/>\nGr\u00f6\u00dfe: 24 &#8211; L\u00e4nge: 154 mm &#8211; Breite: 64 mm<br \/>\nGr\u00f6\u00dfe: 25 &#8211; L\u00e4nge: 162 mm &#8211; Breite: 66 mm<br \/>\nGr\u00f6\u00dfe: 26 &#8211; L\u00e4nge: 169 mm &#8211; Breite: 68 mm<br \/>\nGr\u00f6\u00dfe: 27 &#8211; L\u00e4nge: 177 mm &#8211; Breite: 70 mm<br \/>\nGr\u00f6\u00dfe: 28 &#8211; L\u00e4nge: 185 mm &#8211; Breite: 72 mm<br \/>\nGr\u00f6\u00dfe: 29 &#8211; L\u00e4nge: 192 mm &#8211; Breite: 74 mm<br \/>\nGr\u00f6\u00dfe: 30 &#8211; L\u00e4nge: 200 mm &#8211; Breite: 75 mm<br \/>\nGr\u00f6\u00dfe: 31 &#8211; L\u00e4nge: 204 mm &#8211; Breite: 76 mm<br \/>\nGr\u00f6\u00dfe: 32 &#8211; L\u00e4nge: 210 mm &#8211; Breite: 77 mm<\/p>\n<p><b>Audio-Beschreibung<\/b><br \/><audio controls src=\"https:\/\/schuhewiebarfuss.at\/shop\/wp-content\/uploads\/lk\/9504_audio.wav\"><br \/>\n                                            Ihr Browser unterst\u00fctzt diese Audio-Ausgabe leider nicht.<br \/>\n                                            <\/ audio ><\/p>\n","protected":false},"excerpt":{"rendered":"<p>Froddo SANDAL E VELOUR Kinder-Sandale<\/p>\n<p>Obermaterial: Naturleder (Veloursleder)<br \/>\nInnenfutter: Leder<br \/>\nSohle: Thermo-Gummi mit Profil<br \/>\nInnensohle: Mikrofaser-Einlegesohle, herausnehmbar<br \/>\nAbsatz: Nullabsatz<br \/>\nVerschluss: Klettverschluss<br \/>\nWeite: normal bis breit, ger\u00e4umige Zehenbox<br \/>\nBesonderheiten: Wasserabweisend, dekorative elastische Schn\u00fcrsenkel<br \/>\nMaterialhinweis: frei von Schadstoffen<br \/>\nHergestellt in Kroatien<\/p>\n","protected":false},"featured_media":557069,"comment_status":"open","ping_status":"closed","template":"","meta":[],"product_brand":[],"product_cat":[846],"product_tag":[1479,1427,2308,1413,1392,1393,1394,1395,1396,1397,1398,1399,1400,1401,2450],"class_list":{"0":"post-540722","1":"product","2":"type-product","3":"status-publish","4":"has-post-thumbnail","6":"product_cat-sandalen-4","7":"product_tag-farbe-blau","8":"product_tag-farbe-gelb","9":"product_tag-farbe-rosa","10":"product_tag-farbe-tuerkis","11":"product_tag-groesse-23","12":"product_tag-groesse-24","13":"product_tag-groesse-25","14":"product_tag-groesse-26","15":"product_tag-groesse-27","16":"product_tag-groesse-28","17":"product_tag-groesse-29","18":"product_tag-groesse-30","19":"product_tag-groesse-31","20":"product_tag-groesse-32","21":"product_tag-marke-froddo-ivancia-d-d","23":"first","24":"instock","25":"taxable","26":"shipping-taxable","27":"purchasable","28":"product-type-variable"},"_links":{"self":[{"href":"https:\/\/schuhewiebarfuss.at\/shop\/wp-json\/wp\/v2\/product\/540722","targetHints":{"allow":["GET"]}}],"collection":[{"href":"https:\/\/schuhewiebarfuss.at\/shop\/wp-json\/wp\/v2\/product"}],"about":[{"href":"https:\/\/schuhewiebarfuss.at\/shop\/wp-json\/wp\/v2\/types\/product"}],"replies":[{"embeddable":true,"href":"https:\/\/schuhewiebarfuss.at\/shop\/wp-json\/wp\/v2\/comments?post=540722"}],"wp:featuredmedia":[{"embeddable":true,"href":"https:\/\/schuhewiebarfuss.at\/shop\/wp-json\/wp\/v2\/media\/557069"}],"wp:attachment":[{"href":"https:\/\/schuhewiebarfuss.at\/shop\/wp-json\/wp\/v2\/media?parent=540722"}],"wp:term":[{"taxonomy":"product_brand","embeddable":true,"href":"https:\/\/schuhewiebarfuss.at\/shop\/wp-json\/wp\/v2\/product_brand?post=540722"},{"taxonomy":"product_cat","embeddable":true,"href":"https:\/\/schuhewiebarfuss.at\/shop\/wp-json\/wp\/v2\/product_cat?post=540722"},{"taxonomy":"product_tag","embeddable":true,"href":"https:\/\/schuhewiebarfuss.at\/shop\/wp-json\/wp\/v2\/product_tag?post=540722"}],"curies":[{"name":"wp","href":"https:\/\/api.w.org\/{rel}","templated":true}]}}