{"id":537882,"date":"2024-05-08T18:29:00","date_gmt":"2024-05-08T16:29:00","guid":{"rendered":"https:\/\/schuhewiebarfuss.at\/shop\/produkt\/froddo-flexy-w-damen\/"},"modified":"2026-03-01T18:04:19","modified_gmt":"2026-03-01T17:04:19","slug":"froddo-flexy-w-damen","status":"publish","type":"product","link":"https:\/\/schuhewiebarfuss.at\/shop\/produkt\/froddo-flexy-w-damen\/","title":{"rendered":"Froddo Flexy W Damen"},"content":{"rendered":"<p>Ein superleichtes Sommermodell von Froddo, endlich auch f\u00fcr gr\u00f6\u00dfere F\u00fc\u00dfe &#8211; da ruft der Sommer &#8222;zeigt her eure F\u00fc\u00dfe!&#8220; <\/p>\n<p>Sie haben eine extra-flexible 6mm Vibram-Sohle &#8211; weich und langlebig zugleich. Der Verlauf der zarten Riemchen verleiht eine besondere Optik, die alle Blicke auf sich zieht. <\/p>\n<p>Materialdetails:<\/p>\n<p>Obermaterial: chromfrei gegerbtes Leder<br \/>\nInnenfutter: chromfrei gegerbtes Leder<br \/>\nSohle: Vibram Super-new-flex (6 mm)<br \/>\nAbsatz: Nullabsatz, keine H\u00f6hendifferenz zwischen Ferse und Vorderfu\u00df<br \/>\nVerschluss: Schnallenverschluss<br \/>\nWeite: normalbreite F\u00fc\u00dfe, geeignet f\u00fcr mittel bis hohen Spann, anatomisch geformte Zehenbox<br \/>\nBesonderheiten: Zehentrenner<br \/>\nMaterialhinweis: Frei von sch\u00e4dlichen Materialien (gepr\u00fcft!)<br \/>\nHergestellt in Kroatien<\/p>\n<p><b>Audio-Beschreibung<\/b><br \/><audio controls src=\"https:\/\/schuhewiebarfuss.at\/shop\/wp-content\/uploads\/lk\/9502_audio.wav\"><br \/>\n                                            Ihr Browser unterst\u00fctzt diese Audio-Ausgabe leider nicht.<br \/>\n                                            <\/ audio ><\/p>\n","protected":false},"excerpt":{"rendered":"<p>Froddo FLEXY W Damen-Sandalen<\/p>\n<p>Obermaterial: Leder<br \/>\nInnenfutter: Leder<br \/>\nSohle: Vibram<br \/>\nAbsatz: Nullabsatz<br \/>\nVerschluss: Schnallenverschluss<br \/>\nWeite: normalbreite F\u00fc\u00dfe, mittel bis hohen Spann<br \/>\nBesonderheiten: Zehentrenner<br \/>\nMaterialhinweis: frei von Schadstoffen<br \/>\nHergestellt in Kroatien<\/p>\n","protected":false},"featured_media":556845,"comment_status":"open","ping_status":"closed","template":"","meta":[],"product_brand":[],"product_cat":[3121],"product_tag":[1544,1408,1657,1362,1368,1373,1374,1375,1376,1377,2450,1450],"class_list":{"0":"post-537882","1":"product","2":"type-product","3":"status-publish","4":"has-post-thumbnail","6":"product_cat-sale","7":"product_tag-farbe-braun","8":"product_tag-farbe-schwarz","9":"product_tag-farbe-silber","10":"product_tag-groesse-36","11":"product_tag-groesse-37","12":"product_tag-groesse-38","13":"product_tag-groesse-39","14":"product_tag-groesse-40","15":"product_tag-groesse-41","16":"product_tag-groesse-42","17":"product_tag-marke-froddo-ivancia-d-d","18":"product_tag-sale","20":"first","21":"instock","22":"sale","23":"taxable","24":"shipping-taxable","25":"purchasable","26":"product-type-variable"},"_links":{"self":[{"href":"https:\/\/schuhewiebarfuss.at\/shop\/wp-json\/wp\/v2\/product\/537882","targetHints":{"allow":["GET"]}}],"collection":[{"href":"https:\/\/schuhewiebarfuss.at\/shop\/wp-json\/wp\/v2\/product"}],"about":[{"href":"https:\/\/schuhewiebarfuss.at\/shop\/wp-json\/wp\/v2\/types\/product"}],"replies":[{"embeddable":true,"href":"https:\/\/schuhewiebarfuss.at\/shop\/wp-json\/wp\/v2\/comments?post=537882"}],"wp:featuredmedia":[{"embeddable":true,"href":"https:\/\/schuhewiebarfuss.at\/shop\/wp-json\/wp\/v2\/media\/556845"}],"wp:attachment":[{"href":"https:\/\/schuhewiebarfuss.at\/shop\/wp-json\/wp\/v2\/media?parent=537882"}],"wp:term":[{"taxonomy":"product_brand","embeddable":true,"href":"https:\/\/schuhewiebarfuss.at\/shop\/wp-json\/wp\/v2\/product_brand?post=537882"},{"taxonomy":"product_cat","embeddable":true,"href":"https:\/\/schuhewiebarfuss.at\/shop\/wp-json\/wp\/v2\/product_cat?post=537882"},{"taxonomy":"product_tag","embeddable":true,"href":"https:\/\/schuhewiebarfuss.at\/shop\/wp-json\/wp\/v2\/product_tag?post=537882"}],"curies":[{"name":"wp","href":"https:\/\/api.w.org\/{rel}","templated":true}]}}